{"id":1103,"date":"2023-11-27T23:09:12","date_gmt":"2023-11-27T22:09:12","guid":{"rendered":"https:\/\/produp.ai\/partnere\/"},"modified":"2026-03-26T13:03:29","modified_gmt":"2026-03-26T12:03:29","slug":"partnere","status":"publish","type":"page","link":"https:\/\/produp.ai\/no\/partnere\/","title":{"rendered":"Partnere"},"content":{"rendered":"\n\t<section class=\"section dark\" id=\"section_1218553404\">\n\t\t<div class=\"section-bg fill\" >\n\t\t\t\t\t\t\t\t\t\n\t\t\t\n\n\t\t<\/div>\n\n\t\t\n\n\t\t<div class=\"section-content relative\">\n\t\t\t\n<div class=\"row align-middle align-center\"  id=\"row-2048527626\">\n\n\t<div id=\"col-1853419689\" class=\"col medium-5 small-12 large-4\"  >\n\t\t\t\t<div class=\"col-inner\"  >\n\t\t\t\n\t\t\t\n<div class=\"row row-collapse\"  id=\"row-1714415665\">\n\n\t<div id=\"col-1284819443\" class=\"col medium-10 small-12 large-11\"  >\n\t\t\t\t<div class=\"col-inner\"  >\n\t\t\t\n\t\t\t\n<h1>Partnere<\/h1>\n\t\t<\/div>\n\t\t\t\t\t<\/div>\n\n\t\n<\/div>\n<p>Jobb med sertifiserte partnere som implementerer ProdUp i reelle e-handel- og retail-oppsett. Partnerne hjelper dere \u00e5 komme raskere i gang, koble systemer riktig og holde katalogen konsistent over tid. <\/p>\n\t<div id=\"gap-1587769005\" class=\"gap-element clearfix\" style=\"display:block; height:auto;\">\n\t\t\n<style>\n#gap-1587769005 {\n  padding-top: 30px;\n}\n<\/style>\n\t<\/div>\n\t\n\t<div id=\"stack-2899714888\" class=\"stack stack-row justify-start items-stretch sm:stack-row sm:justify-between\">\n\t\t\n<a href=\"https:\/\/produp.ai\/no\/kontakt\/\" class=\"button secondary reveal-icon\" style=\"border-radius:10px;\">\n\t\t<span>Bli matchet med en partner<\/span>\n\t<i class=\"icon-angle-right\" aria-hidden=\"true\"><\/i><\/a>\n\n<a href=\"https:\/\/produp.ai\/no\/book-demo\/\" class=\"button white is-link\" style=\"border-radius:10px;\">\n\t\t<span>Book demo<\/span>\n\t<i class=\"icon-angle-right\" aria-hidden=\"true\"><\/i><\/a>\n\n\t\t\n<style>\n#stack-2899714888 > * {\n  --stack-gap: 1rem;\n}\n@media (min-width:550px) {\n  #stack-2899714888 > * {\n    --stack-gap: 2rem;\n  }\n}\n<\/style>\n\t<\/div>\n\t\n\t\t<\/div>\n\t\t\t\t\t<\/div>\n\n\t\n\n\t<div id=\"col-1325664669\" class=\"col medium-7 small-12 large-5\"  >\n\t\t\t\t<div class=\"col-inner\"  >\n\t\t\t\n\t\t\t\n\n  <div class=\"banner has-hover\" id=\"banner-631977188\">\n          <div class=\"banner-inner fill\">\n        <div class=\"banner-bg fill\" >\n            <img data-recalc-dims=\"1\" loading=\"lazy\" decoding=\"async\" width=\"1020\" height=\"510\" src=\"https:\/\/i0.wp.com\/produp.ai\/wp-content\/uploads\/16.png?resize=1020%2C510&#038;ssl=1\" class=\"bg attachment-original size-original\" alt=\"\" \/>                                    \n                    <\/div>\n\t\t\n        <div class=\"banner-layers container\">\n            <div class=\"fill banner-link\"><\/div>            \n        <\/div>\n      <\/div>\n\n            \n<style>\n#banner-631977188 {\n  padding-top: 400px;\n  background-color: rgb(255,255,255);\n}\n@media (min-width:550px) {\n  #banner-631977188 {\n    padding-top: 56.25%;\n  }\n}\n<\/style>\n  <\/div>\n\n\n\t\t<\/div>\n\t\t\t\t\t<\/div>\n\n\t\n<\/div>\n\t<div id=\"gap-519811632\" class=\"gap-element clearfix\" style=\"display:block; height:auto;\">\n\t\t\n<style>\n#gap-519811632 {\n  padding-top: 70px;\n}\n<\/style>\n\t<\/div>\n\t\n\t\t<\/div>\n\n\t\t\n<style>\n#section_1218553404 {\n  padding-top: 60px;\n  padding-bottom: 60px;\n  background-color: rgb(10, 15, 28);\n}\n@media (min-width:550px) {\n  #section_1218553404 {\n    padding-top: 100px;\n    padding-bottom: 100px;\n  }\n}\n<\/style>\n\t<\/section>\n\t\n\n\t<section class=\"section\" id=\"section_587648347\">\n\t\t<div class=\"section-bg fill\" >\n\t\t\t\t\t\t\t\t\t\n\t\t\t\n\n\t\t<\/div>\n\n\t\t\t<div class=\"ux-shape-divider ux-shape-divider--top ux-shape-divider--style-tilt\">\n\t\t<svg viewBox=\"0 0 1000 100\" xmlns=\"http:\/\/www.w3.org\/2000\/svg\" preserveAspectRatio=\"none\">\n\t<path class=\"ux-shape-fill\" d=\"M1000 100V0L-40 100H1000Z\"\/>\n<\/svg>\n\t<\/div>\n\n\n\t\t<div class=\"section-content relative\">\n\t\t\t\n<div class=\"row align-center\"  id=\"row-1671504310\">\n\n\t<div id=\"col-1624261769\" class=\"col medium-9 small-12 large-9\"  >\n\t\t\t\t<div class=\"col-inner text-center\"  >\n\t\t\t\n\t\t\t\n<h2>Dette kan partnere hjelpe med<\/h2>\n<p>Typiske prosjekter der en partner er den raskeste veien til et ryddig oppsett.<\/p>\n\t\t<\/div>\n\t\t\t\t\t<\/div>\n\n\t\n<\/div>\n\t<div id=\"gap-1648543266\" class=\"gap-element clearfix\" style=\"display:block; height:auto;\">\n\t\t\n<style>\n#gap-1648543266 {\n  padding-top: 20px;\n}\n<\/style>\n\t<\/div>\n\t\n<div class=\"row align-top align-center\"  id=\"row-1101408942\">\n\n\t<div id=\"col-1963298528\" class=\"col medium-4 small-12 large-4\"  >\n\t\t\t\t<div class=\"col-inner text-left dark\" style=\"background-color:rgb(17, 24, 39);\" >\n\t\t\t\n\t\t\t\n<h3>Oppsett og onboarding<\/h3>\n<p>Koble til nettbutikken, velg merkevarer og sett publiseringsregler (utkast\/publisert, automatisk\/manuell, lagerstatus). F\u00e5 ProdUp til \u00e5 fungere slik teamet faktisk jobber. <\/p>\n\t\t<\/div>\n\t\t\t\t\n<style>\n#col-1963298528 > .col-inner {\n  padding: 25px 25px 25px 25px;\n  border-radius: 20px;\n}\n<\/style>\n\t<\/div>\n\n\t\n\n\t<div id=\"col-786518784\" class=\"col medium-4 small-12 large-4\"  >\n\t\t\t\t<div class=\"col-inner text-left dark\" style=\"background-color:rgb(17, 24, 39);\" >\n\t\t\t\n\t\t\t\n<h3>E-handel og integrasjoner<\/h3>\n<p>WooCommerce\/WordPress, feeds og relaterte systemer \u2013 konfigurert for \u00e5 holde produktinnholdet stabilt og konsistent p\u00e5 tvers av oppdateringer.<\/p>\n\t\t<\/div>\n\t\t\t\t\n<style>\n#col-786518784 > .col-inner {\n  padding: 25px 25px 25px 25px;\n  border-radius: 20px;\n}\n<\/style>\n\t<\/div>\n\n\t\n\n\t<div id=\"col-286563017\" class=\"col medium-4 small-12 large-4\"  >\n\t\t\t\t<div class=\"col-inner text-left dark\" style=\"background-color:rgb(17, 24, 39);\" >\n\t\t\t\n\t\t\t\n<h3>Katalogstruktur og maler<\/h3>\n<p>Attributtmodeller, filtre og presentasjonsregler \u2013 slik at produktene oppf\u00f8rer seg konsistent p\u00e5 tvers av merkevarer og kategorier (inkludert medieh\u00e5ndtering).<\/p>\n\t\t<\/div>\n\t\t\t\t\n<style>\n#col-286563017 > .col-inner {\n  padding: 25px 25px 25px 25px;\n  border-radius: 20px;\n}\n<\/style>\n\t<\/div>\n\n\t\n<\/div>\n\t\t<\/div>\n\n\t\t\n<style>\n#section_587648347 {\n  padding-top: 55px;\n  padding-bottom: 55px;\n  background-color: rgb(255, 255, 255);\n}\n#section_587648347 .ux-shape-divider--top svg {\n  height: 90px;\n  --divider-top-width: 100%;\n}\n@media (min-width:550px) {\n  #section_587648347 {\n    padding-top: 80px;\n    padding-bottom: 80px;\n  }\n}\n<\/style>\n\t<\/section>\n\t\n\n\t<section class=\"section\" id=\"section_1257376578\">\n\t\t<div class=\"section-bg fill\" >\n\t\t\t\t\t\t\t\t\t\n\t\t\t\n\n\t\t<\/div>\n\n\t\t\n\n\t\t<div class=\"section-content relative\">\n\t\t\t\n<div class=\"row align-center\"  id=\"row-1011759003\">\n\n\t<div id=\"col-1351096453\" class=\"col medium-9 small-12 large-9\"  >\n\t\t\t\t<div class=\"col-inner text-center\"  >\n\t\t\t\n\t\t\t\n<h2>Partnere<\/h2>\n<p>Implementeringspartnere som kjenner ProdUp \u2013 og systemene rundt.<\/p>\n\t\t<\/div>\n\t\t\t\t\t<\/div>\n\n\t\n<\/div>\n\t<div id=\"gap-1605161360\" class=\"gap-element clearfix\" style=\"display:block; height:auto;\">\n\t\t\n<style>\n#gap-1605161360 {\n  padding-top: 25px;\n}\n<\/style>\n\t<\/div>\n\t\n<div class=\"row align-top align-center\"  id=\"row-1560655129\">\n\n\t<div id=\"col-2076915757\" class=\"col medium-4 small-12 large-4\"  >\n\t\t\t\t<div class=\"col-inner text-left dark\" style=\"background-color:rgb(10, 15, 28);\" >\n\t\t\t\n\t\t\t\n<h3>OWUP AS<\/h3>\n<p>OWUP er spesialister p\u00e5 e-handel for klokker og smykker, med solid erfaring fra WooCommerce og drift av produktkataloger. De hjelper forhandlere og merkevarer \u00e5 ta i bruk ProdUp raskt, sette opp riktig arbeidsflyt og sikre langsiktig konsistens i katalogen. <\/p>\n\t<div id=\"gap-912749264\" class=\"gap-element clearfix\" style=\"display:block; height:auto;\">\n\t\t\n<style>\n#gap-912749264 {\n  padding-top: 10px;\n}\n<\/style>\n\t<\/div>\n\t\n<a href=\"https:\/\/produp.ai\/no\/partnere\/owup\/\" class=\"button white is-link\" style=\"border-radius:10px;\">\n\t\t<span>Se partnerprofil<\/span>\n\t<i class=\"icon-angle-right\" aria-hidden=\"true\"><\/i><\/a>\n\n\t\t<\/div>\n\t\t\t\t\n<style>\n#col-2076915757 > .col-inner {\n  padding: 20px 20px 20px 20px;\n  border-radius: 20px;\n}\n<\/style>\n\t<\/div>\n\n\t\n\n\t<div id=\"col-109537613\" class=\"col medium-4 small-12 large-4\"  >\n\t\t\t\t<div class=\"col-inner text-left\" style=\"background-color:rgb(245, 245, 245);\" >\n\t\t\t\n\t\t\t\n<h3>Flere partnere p\u00e5 vei<\/h3>\n<p>Vi utvider med flere partnere etter hvert som vi ekspanderer p\u00e5 tvers av markeder og plattformer. \u00d8nsker du \u00e5 bli oppf\u00f8rt som partner?<\/p>\n\t<div id=\"gap-1310333059\" class=\"gap-element clearfix\" style=\"display:block; height:auto;\">\n\t\t\n<style>\n#gap-1310333059 {\n  padding-top: 10px;\n}\n<\/style>\n\t<\/div>\n\t\n<a href=\"https:\/\/produp.ai\/no\/kontakt\/\" class=\"button primary is-underline is-smaller\" style=\"border-radius:10px;\">\n\t\t<span>S\u00f8k om \u00e5 bli partner<\/span>\n\t<i class=\"icon-angle-right\" aria-hidden=\"true\"><\/i><\/a>\n\n\t\t<\/div>\n\t\t\t\t\n<style>\n#col-109537613 > .col-inner {\n  padding: 20px 20px 20px 20px;\n  border-radius: 20px;\n}\n<\/style>\n\t<\/div>\n\n\t\n\n\t<div id=\"col-1077834452\" class=\"col medium-4 small-12 large-4\"  >\n\t\t\t\t<div class=\"col-inner\"  >\n\t\t\t\n\t\t\t\n\t\t<\/div>\n\t\t\t\t\t<\/div>\n\n\t\n<\/div>\n\t\t<\/div>\n\n\t\t\n<style>\n#section_1257376578 {\n  padding-top: 60px;\n  padding-bottom: 60px;\n}\n@media (min-width:550px) {\n  #section_1257376578 {\n    padding-top: 90px;\n    padding-bottom: 90px;\n  }\n}\n<\/style>\n\t<\/section>\n\t\n<div class=\"row\"  id=\"row-164241434\">\n\n\t<div id=\"col-2092932084\" class=\"col small-12 large-12\"  >\n\t\t\t\t<div class=\"col-inner text-center\"  >\n\t\t\t\n\t\t\t\n<div class=\"is-divider divider clearfix\" style=\"max-width:100%;height:1px;\"><\/div>\n\t\t<\/div>\n\t\t\t\t\t<\/div>\n\n\t\n<\/div>\n\n\t<section class=\"section dark\" id=\"section_1136338405\">\n\t\t<div class=\"section-bg fill\" >\n\t\t\t\t\t\t\t\t\t\n\t\t\t\n\n\t\t<\/div>\n\n\t\t\n\n\t\t<div class=\"section-content relative\">\n\t\t\t\n<div class=\"row align-center\"  id=\"row-491967492\">\n\n\t<div id=\"col-327166261\" class=\"col medium-8 small-12 large-8\"  >\n\t\t\t\t<div class=\"col-inner text-center\"  >\n\t\t\t\n\t\t\t\n<h2>Usikker p\u00e5 hvem som passer best?<\/h2>\n<p>Fortell oss hva du skal bygge, s\u00e5 matcher vi deg med den rette partneren for ditt oppsett og din tidslinje.<\/p>\n\t<div id=\"gap-1341595212\" class=\"gap-element clearfix\" style=\"display:block; height:auto;\">\n\t\t\n<style>\n#gap-1341595212 {\n  padding-top: 15px;\n}\n<\/style>\n\t<\/div>\n\t\n\t<div id=\"stack-1718082196\" class=\"stack stack-row justify-center items-center sm:stack-row\">\n\t\t\n<a href=\"https:\/\/produp.ai\/no\/kontakt\/\" class=\"button secondary\" style=\"border-radius:20px;padding:10px 40px 10px 40px;\">\n\t\t<span>Bli matchet med en partner<\/span>\n\t<i class=\"icon-angle-right\" aria-hidden=\"true\"><\/i><\/a>\n\n<a href=\"https:\/\/produp.ai\/no\/book-demo\/\" class=\"button white is-link\" style=\"border-radius:10px;\">\n\t\t<span>Book demo<\/span>\n\t<i class=\"icon-angle-right\" aria-hidden=\"true\"><\/i><\/a>\n\n\t\t\n<style>\n#stack-1718082196 > * {\n  --stack-gap: 2rem;\n}\n<\/style>\n\t<\/div>\n\t\n\t\t<\/div>\n\t\t\t\t\t<\/div>\n\n\t\n<\/div>\n\t\t<\/div>\n\n\t\t\n<style>\n#section_1136338405 {\n  padding-top: 60px;\n  padding-bottom: 60px;\n  background-color: rgb(10, 15, 28);\n}\n@media (min-width:550px) {\n  #section_1136338405 {\n    padding-top: 110px;\n    padding-bottom: 110px;\n  }\n}\n<\/style>\n\t<\/section>\n\t\n\n\t<section class=\"section dark\" id=\"section_994874726\">\n\t\t<div class=\"section-bg fill\" >\n\t\t\t\t\t\t\t\t\t\n\t\t\t\n\n\t\t<\/div>\n\n\t\t\n\n\t\t<div class=\"section-content relative\">\n\t\t\t\r\n<div class=\"row align-center\"  id=\"row-921982903\">\r\n\n\t<div id=\"col-1536246285\" class=\"col medium-9 small-12 large-6\"  >\n\t\t\t\t<div class=\"col-inner text-center\"  >\n\t\t\t\n\t\t\t\r\n\t<div id=\"text-2252815009\" class=\"text\">\n\t\t\r\n<h2>Klar til \u00e5 rydde opp i katalogen?<\/h2>\r\n<p>Samle produktdata og media p\u00e5 ett sted, kvalitetssikre innholdet og hold alle forhandlere oppdatert \u2013 automatisk.<\/p>\r\n\t\t\n<style>\n#text-2252815009 {\n  text-align: center;\n}\n<\/style>\n\t<\/div>\n\t\r\n\t<div id=\"gap-1087447208\" class=\"gap-element clearfix\" style=\"display:block; height:auto;\">\n\t\t\n<style>\n#gap-1087447208 {\n  padding-top: 15px;\n}\n<\/style>\n\t<\/div>\n\t\r\n<a href=\"https:\/\/produp.ai\/no\/book-demo\/\" class=\"button secondary reveal-icon\" style=\"border-radius:20px;padding:10px 50px 10px 50px;\">\n\t\t<span>Book demo<\/span>\n\t<i class=\"icon-angle-right\" aria-hidden=\"true\"><\/i><\/a>\n\r\n\t<div id=\"gap-1738642250\" class=\"gap-element clearfix\" style=\"display:block; height:auto;\">\n\t\t\n<style>\n#gap-1738642250 {\n  padding-top: 10px;\n}\n<\/style>\n\t<\/div>\n\t\r\n\t<div id=\"text-2167477138\" class=\"text\">\n\t\t\r\n<p>WooCommerce via API i dag. Andre plattformer ved behov. <\/p>\r\n\t\t\n<style>\n#text-2167477138 {\n  font-size: 0.75rem;\n  text-align: center;\n}\n<\/style>\n\t<\/div>\n\t\r\n\t\t<\/div>\n\t\t\t\t\t<\/div>\n\n\t\r\n<\/div>\r\n\t\t<\/div>\n\n\t\t\n<style>\n#section_994874726 {\n  padding-top: 60px;\n  padding-bottom: 60px;\n  background-color: rgb(10, 15, 28);\n}\n@media (min-width:550px) {\n  #section_994874726 {\n    padding-top: 90px;\n    padding-bottom: 90px;\n  }\n}\n@media (min-width:850px) {\n  #section_994874726 {\n    padding-top: 150px;\n    padding-bottom: 150px;\n  }\n}\n<\/style>\n\t<\/section>\n\t\n","protected":false},"excerpt":{"rendered":"","protected":false},"author":1,"featured_media":0,"parent":0,"menu_order":0,"comment_status":"closed","ping_status":"closed","template":"page-blank.php","meta":{"footnotes":""},"class_list":["post-1103","page","type-page","status-publish","hentry"],"jetpack_sharing_enabled":true,"_links":{"self":[{"href":"https:\/\/produp.ai\/no\/wp-json\/wp\/v2\/pages\/1103","targetHints":{"allow":["GET"]}}],"collection":[{"href":"https:\/\/produp.ai\/no\/wp-json\/wp\/v2\/pages"}],"about":[{"href":"https:\/\/produp.ai\/no\/wp-json\/wp\/v2\/types\/page"}],"author":[{"embeddable":true,"href":"https:\/\/produp.ai\/no\/wp-json\/wp\/v2\/users\/1"}],"replies":[{"embeddable":true,"href":"https:\/\/produp.ai\/no\/wp-json\/wp\/v2\/comments?post=1103"}],"version-history":[{"count":13,"href":"https:\/\/produp.ai\/no\/wp-json\/wp\/v2\/pages\/1103\/revisions"}],"predecessor-version":[{"id":1644,"href":"https:\/\/produp.ai\/no\/wp-json\/wp\/v2\/pages\/1103\/revisions\/1644"}],"wp:attachment":[{"href":"https:\/\/produp.ai\/no\/wp-json\/wp\/v2\/media?parent=1103"}],"curies":[{"name":"wp","href":"https:\/\/api.w.org\/{rel}","templated":true}]}}