{"id":1125,"date":"2023-11-27T21:24:26","date_gmt":"2023-11-27T20:24:26","guid":{"rendered":"https:\/\/produp.ai\/produp-for-forhandlere\/"},"modified":"2026-04-01T13:34:40","modified_gmt":"2026-04-01T11:34:40","slug":"produp-for-forhandlere","status":"publish","type":"page","link":"https:\/\/produp.ai\/no\/produp-for-forhandlere\/","title":{"rendered":"ProdUp for forhandlere"},"content":{"rendered":"\n\t<section class=\"section dark\" id=\"section_1646768540\">\n\t\t<div class=\"section-bg fill\" >\n\t\t\t\t\t\t\t\t\t\n\t\t\t\n\n\t\t<\/div>\n\n\t\t\n\n\t\t<div class=\"section-content relative\">\n\t\t\t\n<div class=\"row align-middle align-center\"  id=\"row-1775015861\">\n\n\t<div id=\"col-1727620268\" class=\"col medium-5 small-12 large-4\"  >\n\t\t\t\t<div class=\"col-inner\"  >\n\t\t\t\n\t\t\t\n<div class=\"row row-collapse\"  id=\"row-1230525040\">\n\n\t<div id=\"col-1007195289\" class=\"col medium-10 small-12 large-11\"  >\n\t\t\t\t<div class=\"col-inner\"  >\n\t\t\t\n\t\t\t\n<h1>ProdUp for forhandlere<\/h1>\n\t\t<\/div>\n\t\t\t\t\t<\/div>\n\n\t\n<\/div>\n<p>Lanser en komplett og korrekt klokkekatalog raskere \u2013 uten manuelt produktoppsett.<br \/>ProdUp gj\u00f8r merkevaredata om til butikkklare produktvisninger, og holder priser, spesifikasjoner og bilder samkj\u00f8rt over tid.<\/p>\n\t<div id=\"gap-259840499\" class=\"gap-element clearfix\" style=\"display:block; height:auto;\">\n\t\t\n<style>\n#gap-259840499 {\n  padding-top: 10px;\n}\n<\/style>\n\t<\/div>\n\t\n\t<div id=\"text-2676397751\" class=\"text\">\n\t\t\n<p><strong>WooCommerce via API.<\/strong> Velg utkast eller publisert, automatisk eller manuelt \u2013 og sett standard lagerregler (p\u00e5 lager\/restordre\/utsolgt).<\/p>\n\t\t\n<style>\n#text-2676397751 {\n  font-size: 0.85rem;\n}\n<\/style>\n\t<\/div>\n\t\n\t<div id=\"gap-828712815\" class=\"gap-element clearfix\" style=\"display:block; height:auto;\">\n\t\t\n<style>\n#gap-828712815 {\n  padding-top: 30px;\n}\n<\/style>\n\t<\/div>\n\t\n\t<div id=\"stack-3998527652\" class=\"stack stack-row justify-start items-stretch sm:stack-row sm:justify-between\">\n\t\t\n<a href=\"https:\/\/produp.ai\/no\/book-demo\/\" class=\"button secondary reveal-icon\" style=\"border-radius:10px;\">\n\t\t<span>Book en demo<\/span>\n\t<i class=\"icon-angle-right\" aria-hidden=\"true\"><\/i><\/a>\n\n<a href=\"https:\/\/produp.ai\/no\/video\/\" class=\"button white is-link\" style=\"border-radius:10px;\">\n\t\t<span>Se video<\/span>\n\t<i class=\"icon-play\" aria-hidden=\"true\"><\/i><\/a>\n\n\t\t\n<style>\n#stack-3998527652 > * {\n  --stack-gap: 1rem;\n}\n@media (min-width:550px) {\n  #stack-3998527652 > * {\n    --stack-gap: 2rem;\n  }\n}\n<\/style>\n\t<\/div>\n\t\n\t\t<\/div>\n\t\t\t\t\t<\/div>\n\n\t\n\n\t<div id=\"col-1223435096\" class=\"col medium-7 small-12 large-5\"  >\n\t\t\t\t<div class=\"col-inner\"  >\n\t\t\t\n\t\t\t\n\n  <div class=\"banner has-hover\" id=\"banner-1326622703\">\n          <div class=\"banner-inner fill\">\n        <div class=\"banner-bg fill\" >\n            <img data-recalc-dims=\"1\" loading=\"lazy\" decoding=\"async\" width=\"1020\" height=\"510\" src=\"https:\/\/i0.wp.com\/produp.ai\/wp-content\/uploads\/Produp-Grapics.gif?resize=1020%2C510&#038;ssl=1\" class=\"bg attachment-original size-original\" alt=\"\" \/>                                    \n                    <\/div>\n\t\t\n        <div class=\"banner-layers container\">\n            <div class=\"fill banner-link\"><\/div>            \n        <\/div>\n      <\/div>\n\n            \n<style>\n#banner-1326622703 {\n  padding-top: 56.25%;\n  background-color: rgb(255,255,255);\n}\n@media (min-width:550px) {\n  #banner-1326622703 {\n    padding-top: 500px;\n  }\n}\n<\/style>\n  <\/div>\n\n\n\t\t<\/div>\n\t\t\t\t\t<\/div>\n\n\t\n<\/div>\n\t<div id=\"gap-490412302\" class=\"gap-element clearfix\" style=\"display:block; height:auto;\">\n\t\t\n<style>\n#gap-490412302 {\n  padding-top: 70px;\n}\n<\/style>\n\t<\/div>\n\t\n\t\t<\/div>\n\n\t\t\n<style>\n#section_1646768540 {\n  padding-top: 60px;\n  padding-bottom: 60px;\n  background-color: rgb(10, 15, 28);\n}\n@media (min-width:550px) {\n  #section_1646768540 {\n    padding-top: 100px;\n    padding-bottom: 100px;\n  }\n}\n<\/style>\n\t<\/section>\n\t\n\n\t<section class=\"section\" id=\"section_1106429773\">\n\t\t<div class=\"section-bg fill\" >\n\t\t\t\t\t\t\t\t\t\n\t\t\t\n\n\t\t<\/div>\n\n\t\t\t<div class=\"ux-shape-divider ux-shape-divider--top ux-shape-divider--style-tilt\">\n\t\t<svg viewBox=\"0 0 1000 100\" xmlns=\"http:\/\/www.w3.org\/2000\/svg\" preserveAspectRatio=\"none\">\n\t<path class=\"ux-shape-fill\" d=\"M1000 100V0L-40 100H1000Z\"\/>\n<\/svg>\n\t<\/div>\n\n\n\t\t<div class=\"section-content relative\">\n\t\t\t\n<div class=\"row row-full-width align-center\"  id=\"row-830884361\">\n\n\t<div id=\"col-1051849816\" class=\"col medium-10 small-12 large-10\"  >\n\t\t\t\t<div class=\"col-inner text-center\"  >\n\t\t\t\n\t\t\t\n<h2>Slik fungerer det<\/h2>\n<p>En enkel flyt fra merkevareinnhold til ryddige produktsider \u2013 bygget for korrekthet.<\/p>\n\t<div id=\"gap-471294144\" class=\"gap-element clearfix\" style=\"display:block; height:auto;\">\n\t\t\n<style>\n#gap-471294144 {\n  padding-top: 10px;\n}\n<\/style>\n\t<\/div>\n\t\n<a href=\"https:\/\/produp.ai\/no\/book-demo\/\" class=\"button primary is-underline is-smaller\" style=\"border-radius:10px;\">\n\t\t<span>Book en demo<\/span>\n\t<i class=\"icon-angle-right\" aria-hidden=\"true\"><\/i><\/a>\n\n\t\t<\/div>\n\t\t\t\t\t<\/div>\n\n\t\n<\/div>\n\t<div id=\"gap-1547671904\" class=\"gap-element clearfix\" style=\"display:block; height:auto;\">\n\t\t\n<style>\n#gap-1547671904 {\n  padding-top: 25px;\n}\n<\/style>\n\t<\/div>\n\t\n<div class=\"row align-equal align-center\"  id=\"row-1889812404\">\n\n\t<div id=\"col-1630543800\" class=\"col medium-4 small-12 large-4\"  >\n\t\t\t\t<div class=\"col-inner text-left dark\" style=\"background-color:rgb(17, 24, 39);\" >\n\t\t\t\n\t\t\t\n<h3>Trinn 1 &#8211; Koble til og sett regler<\/h3>\n<p>Koble til WooCommerce-butikken, velg merkevarene dere f\u00f8rer, og bestem hvordan produkter skal komme inn: utkast eller publisert, automatisk eller manuelt, og med \u00f8nsket standard lagerstatus.<\/p>\n\t\t<\/div>\n\t\t\t\t\n<style>\n#col-1630543800 > .col-inner {\n  padding: 25px 25px 25px 25px;\n  border-radius: 20px;\n}\n<\/style>\n\t<\/div>\n\n\t\n\n\t<div id=\"col-838624015\" class=\"col medium-4 small-12 large-4\"  >\n\t\t\t\t<div class=\"col-inner text-left dark\" style=\"background-color:rgb(17, 24, 39);\" >\n\t\t\t\n\t\t\t\n<h3>Trinn 2 &#8211; Standardiser og verifiser<\/h3>\n<p>Vi kvalitetssikrer fullstendighet og standardiserer spesifikasjoner og media \u2013 slik at filtre, attributter og bildeskala oppf\u00f8rer seg likt p\u00e5 tvers av merkevarer.<\/p>\n\t\t<\/div>\n\t\t\t\t\n<style>\n#col-838624015 > .col-inner {\n  padding: 25px 25px 25px 25px;\n  border-radius: 20px;\n}\n<\/style>\n\t<\/div>\n\n\t\n\n\t<div id=\"col-1036380844\" class=\"col medium-4 small-12 large-4\"  >\n\t\t\t\t<div class=\"col-inner text-left dark\" style=\"background-color:rgb(17, 24, 39);\" >\n\t\t\t\n\t\t\t\n<h3>Trinn 3 &#8211; Publiser og hold det oppdatert<\/h3>\n<p>Publiser butikkklare produktvisninger via API. Oppdateringer f\u00f8lger samme flyt \u2013 slik at priser, tekster, spesifikasjoner og bilder forblir samkj\u00f8rt over tid. <\/p>\n\t\t<\/div>\n\t\t\t\t\n<style>\n#col-1036380844 > .col-inner {\n  padding: 25px 25px 25px 25px;\n  border-radius: 20px;\n}\n<\/style>\n\t<\/div>\n\n\t\n<\/div>\n\t\t<\/div>\n\n\t\t\n<style>\n#section_1106429773 {\n  padding-top: 50px;\n  padding-bottom: 50px;\n  background-color: rgb(255, 255, 255);\n}\n#section_1106429773 .ux-shape-divider--top svg {\n  height: 90px;\n  --divider-top-width: 100%;\n}\n@media (min-width:550px) {\n  #section_1106429773 {\n    padding-top: 70px;\n    padding-bottom: 70px;\n  }\n}\n<\/style>\n\t<\/section>\n\t\n\n\t<section class=\"section\" id=\"section_1430652953\">\n\t\t<div class=\"section-bg fill\" >\n\t\t\t\t\t\t\t\t\t\n\t\t\t\n\n\t\t<\/div>\n\n\t\t\n\n\t\t<div class=\"section-content relative\">\n\t\t\t\n<div class=\"row align-middle align-center\"  id=\"row-1653819911\">\n\n\t<div id=\"col-1823430469\" class=\"col medium-4 small-12 large-4\"  >\n\t\t\t\t<div class=\"col-inner\"  >\n\t\t\t\n\t\t\t\n\t<div class=\"img has-hover x md-x lg-x y md-y lg-y\" id=\"image_772845901\">\n\t\t\t\t\t\t\t\t<div class=\"img-inner dark\" >\n\t\t\t<img loading=\"lazy\" decoding=\"async\" width=\"1020\" height=\"510\" src=\"https:\/\/i0.wp.com\/produp.ai\/wp-content\/uploads\/7.png?fit=1020%2C510&amp;ssl=1\" class=\"attachment-large size-large\" alt=\"\" srcset=\"https:\/\/i0.wp.com\/produp.ai\/wp-content\/uploads\/7.png?w=6912&amp;ssl=1 6912w, https:\/\/i0.wp.com\/produp.ai\/wp-content\/uploads\/7.png?resize=300%2C150&amp;ssl=1 300w, https:\/\/i0.wp.com\/produp.ai\/wp-content\/uploads\/7.png?resize=1024%2C512&amp;ssl=1 1024w, https:\/\/i0.wp.com\/produp.ai\/wp-content\/uploads\/7.png?resize=768%2C384&amp;ssl=1 768w, https:\/\/i0.wp.com\/produp.ai\/wp-content\/uploads\/7.png?resize=1536%2C768&amp;ssl=1 1536w, https:\/\/i0.wp.com\/produp.ai\/wp-content\/uploads\/7.png?resize=2048%2C1024&amp;ssl=1 2048w, https:\/\/i0.wp.com\/produp.ai\/wp-content\/uploads\/7.png?resize=600%2C300&amp;ssl=1 600w, https:\/\/i0.wp.com\/produp.ai\/wp-content\/uploads\/7.png?w=3060&amp;ssl=1 3060w\" sizes=\"auto, (max-width: 1020px) 100vw, 1020px\" \/>\t\t\t\t\t\t\n\t\t\t\t\t<\/div>\n\t\t\t\t\t\t\t\t\n<style>\n#image_772845901 {\n  width: 100%;\n}\n<\/style>\n\t<\/div>\n\t\n\t\t<\/div>\n\t\t\t\t\t<\/div>\n\n\t\n\n\t<div id=\"col-1508148943\" class=\"col medium-4 small-12 large-4 small-col-first\"  >\n\t\t\t\t<div class=\"col-inner\"  >\n\t\t\t\n\t\t\t\n<h3>Kom raskere i gang<\/h3>\n<p><strong>Fra merkevareinnhold til produktsider \u2013 uten omformatering<\/strong><br \/>Dropp repeterende oppsett. ProdUp leverer strukturert, nettbutikklart innhold, s\u00e5 dere kan lansere nye modeller raskere og holde lanseringer i gang uten flaskehalser. <\/p>\n\t\t<\/div>\n\t\t\t\t\t<\/div>\n\n\t\n<\/div>\n\t<div id=\"gap-1871783661\" class=\"gap-element clearfix\" style=\"display:block; height:auto;\">\n\t\t\n<style>\n#gap-1871783661 {\n  padding-top: 90px;\n}\n<\/style>\n\t<\/div>\n\t\n<div class=\"row align-middle align-center\"  id=\"row-400357723\">\n\n\t<div id=\"col-2121192895\" class=\"col medium-4 small-12 large-4\"  >\n\t\t\t\t<div class=\"col-inner\"  >\n\t\t\t\n\t\t\t\n<h3>Full katalogdekning<\/h3>\n<p><strong>F\u00e6rre manglende SKU-er og f\u00e6rre \u00abnesten riktige\u00bb produktvisninger<\/strong><br \/>Hold et komplett nettutvalg \u2013 nye lanseringer og varianter inkludert. Reduser hull og kundehenvendelser som skyldes manglende eller inkonsistente data. <\/p>\n\t\t<\/div>\n\t\t\t\t\t<\/div>\n\n\t\n\n\t<div id=\"col-1630700027\" class=\"col medium-4 small-12 large-4\"  >\n\t\t\t\t<div class=\"col-inner\"  >\n\t\t\t\n\t\t\t\n\t<div class=\"img has-hover x md-x lg-x y md-y lg-y\" id=\"image_774985296\">\n\t\t\t\t\t\t\t\t<div class=\"img-inner dark\" >\n\t\t\t<img loading=\"lazy\" decoding=\"async\" width=\"1020\" height=\"510\" src=\"https:\/\/i0.wp.com\/produp.ai\/wp-content\/uploads\/16.png?fit=1020%2C510&amp;ssl=1\" class=\"attachment-large size-large\" alt=\"\" srcset=\"https:\/\/i0.wp.com\/produp.ai\/wp-content\/uploads\/16.png?w=6912&amp;ssl=1 6912w, https:\/\/i0.wp.com\/produp.ai\/wp-content\/uploads\/16.png?resize=300%2C150&amp;ssl=1 300w, https:\/\/i0.wp.com\/produp.ai\/wp-content\/uploads\/16.png?resize=1024%2C512&amp;ssl=1 1024w, https:\/\/i0.wp.com\/produp.ai\/wp-content\/uploads\/16.png?resize=768%2C384&amp;ssl=1 768w, https:\/\/i0.wp.com\/produp.ai\/wp-content\/uploads\/16.png?resize=1536%2C768&amp;ssl=1 1536w, https:\/\/i0.wp.com\/produp.ai\/wp-content\/uploads\/16.png?resize=2048%2C1024&amp;ssl=1 2048w, https:\/\/i0.wp.com\/produp.ai\/wp-content\/uploads\/16.png?resize=600%2C300&amp;ssl=1 600w, https:\/\/i0.wp.com\/produp.ai\/wp-content\/uploads\/16.png?w=3060&amp;ssl=1 3060w\" sizes=\"auto, (max-width: 1020px) 100vw, 1020px\" \/>\t\t\t\t\t\t\n\t\t\t\t\t<\/div>\n\t\t\t\t\t\t\t\t\n<style>\n#image_774985296 {\n  width: 100%;\n}\n<\/style>\n\t<\/div>\n\t\n\t\t<\/div>\n\t\t\t\t\t<\/div>\n\n\t\n<\/div>\n\t<div id=\"gap-1834753290\" class=\"gap-element clearfix\" style=\"display:block; height:auto;\">\n\t\t\n<style>\n#gap-1834753290 {\n  padding-top: 90px;\n}\n<\/style>\n\t<\/div>\n\t\n<div class=\"row align-middle align-center\"  id=\"row-1833500075\">\n\n\t<div id=\"col-1974838111\" class=\"col medium-4 small-12 large-4\"  >\n\t\t\t\t<div class=\"col-inner\"  >\n\t\t\t\n\t\t\t\n\t<div class=\"img has-hover x md-x lg-x y md-y lg-y\" id=\"image_1616967394\">\n\t\t\t\t\t\t\t\t<div class=\"img-inner dark\" >\n\t\t\t<img loading=\"lazy\" decoding=\"async\" width=\"1020\" height=\"510\" src=\"https:\/\/i0.wp.com\/produp.ai\/wp-content\/uploads\/15-1.png?fit=1020%2C510&amp;ssl=1\" class=\"attachment-large size-large\" alt=\"\" srcset=\"https:\/\/i0.wp.com\/produp.ai\/wp-content\/uploads\/15-1.png?w=6912&amp;ssl=1 6912w, https:\/\/i0.wp.com\/produp.ai\/wp-content\/uploads\/15-1.png?resize=300%2C150&amp;ssl=1 300w, https:\/\/i0.wp.com\/produp.ai\/wp-content\/uploads\/15-1.png?resize=1024%2C512&amp;ssl=1 1024w, https:\/\/i0.wp.com\/produp.ai\/wp-content\/uploads\/15-1.png?resize=768%2C384&amp;ssl=1 768w, https:\/\/i0.wp.com\/produp.ai\/wp-content\/uploads\/15-1.png?resize=1536%2C768&amp;ssl=1 1536w, https:\/\/i0.wp.com\/produp.ai\/wp-content\/uploads\/15-1.png?resize=2048%2C1024&amp;ssl=1 2048w, https:\/\/i0.wp.com\/produp.ai\/wp-content\/uploads\/15-1.png?resize=600%2C300&amp;ssl=1 600w, https:\/\/i0.wp.com\/produp.ai\/wp-content\/uploads\/15-1.png?w=3060&amp;ssl=1 3060w\" sizes=\"auto, (max-width: 1020px) 100vw, 1020px\" \/>\t\t\t\t\t\t\n\t\t\t\t\t<\/div>\n\t\t\t\t\t\t\t\t\n<style>\n#image_1616967394 {\n  width: 100%;\n}\n<\/style>\n\t<\/div>\n\t\n\t\t<\/div>\n\t\t\t\t\t<\/div>\n\n\t\n\n\t<div id=\"col-370764352\" class=\"col medium-4 small-12 large-4 small-col-first\"  >\n\t\t\t\t<div class=\"col-inner\"  >\n\t\t\t\n\t\t\t\n<h3>Konsekvente filtre og spesifikasjoner<\/h3>\n<p><strong>Standardiserte attributter som fungerer likt p\u00e5 tvers av merkevarer<\/strong><br \/>ProdUp standardiserer spesifikasjoner til rene attributter \u2013 slik at filtre, navigasjon og produktmaler fungerer p\u00e5litelig. Ingen flere problemer med \u00absamme spesifikasjon, ulikt format <\/p>\n\t\t<\/div>\n\t\t\t\t\t<\/div>\n\n\t\n<\/div>\n\t<div id=\"gap-482297491\" class=\"gap-element clearfix\" style=\"display:block; height:auto;\">\n\t\t\n<style>\n#gap-482297491 {\n  padding-top: 90px;\n}\n<\/style>\n\t<\/div>\n\t\n<div class=\"row align-middle align-center\"  id=\"row-2028663195\">\n\n\t<div id=\"col-710438254\" class=\"col medium-4 small-12 large-4\"  >\n\t\t\t\t<div class=\"col-inner\"  >\n\t\t\t\n\t\t\t\n<h3>Bilder som kan sammenlignes<\/h3>\n<p><strong>Konsekvent beskj\u00e6ring og skala \u2013 s\u00e5 produkter ser riktige ut<\/strong><br \/>Bildene standardiseres, slik at produktgridet ser jevnt ut p\u00e5 tvers av merkevarer. Det betyr at 34 mm faktisk ser ut som 34 mm \u2013 ikke 40 mm ved siden av et annet merke. <\/p>\n\t\t<\/div>\n\t\t\t\t\t<\/div>\n\n\t\n\n\t<div id=\"col-185028881\" class=\"col medium-4 small-12 large-4\"  >\n\t\t\t\t<div class=\"col-inner\"  >\n\t\t\t\n\t\t\t\n\t<div class=\"img has-hover x md-x lg-x y md-y lg-y\" id=\"image_161647520\">\n\t\t\t\t\t\t\t\t<div class=\"img-inner dark\" >\n\t\t\t<img loading=\"lazy\" decoding=\"async\" width=\"1020\" height=\"510\" src=\"https:\/\/i0.wp.com\/produp.ai\/wp-content\/uploads\/4.png?fit=1020%2C510&amp;ssl=1\" class=\"attachment-large size-large\" alt=\"\" srcset=\"https:\/\/i0.wp.com\/produp.ai\/wp-content\/uploads\/4.png?w=6912&amp;ssl=1 6912w, https:\/\/i0.wp.com\/produp.ai\/wp-content\/uploads\/4.png?resize=300%2C150&amp;ssl=1 300w, https:\/\/i0.wp.com\/produp.ai\/wp-content\/uploads\/4.png?resize=1024%2C512&amp;ssl=1 1024w, https:\/\/i0.wp.com\/produp.ai\/wp-content\/uploads\/4.png?resize=768%2C384&amp;ssl=1 768w, https:\/\/i0.wp.com\/produp.ai\/wp-content\/uploads\/4.png?resize=1536%2C768&amp;ssl=1 1536w, https:\/\/i0.wp.com\/produp.ai\/wp-content\/uploads\/4.png?resize=2048%2C1024&amp;ssl=1 2048w, https:\/\/i0.wp.com\/produp.ai\/wp-content\/uploads\/4.png?resize=600%2C300&amp;ssl=1 600w, https:\/\/i0.wp.com\/produp.ai\/wp-content\/uploads\/4.png?w=3060&amp;ssl=1 3060w\" sizes=\"auto, (max-width: 1020px) 100vw, 1020px\" \/>\t\t\t\t\t\t\n\t\t\t\t\t<\/div>\n\t\t\t\t\t\t\t\t\n<style>\n#image_161647520 {\n  width: 100%;\n}\n<\/style>\n\t<\/div>\n\t\n\t\t<\/div>\n\t\t\t\t\t<\/div>\n\n\t\n<\/div>\n\t\t<\/div>\n\n\t\t\n<style>\n#section_1430652953 {\n  padding-top: 60px;\n  padding-bottom: 60px;\n}\n@media (min-width:550px) {\n  #section_1430652953 {\n    padding-top: 90px;\n    padding-bottom: 90px;\n  }\n}\n<\/style>\n\t<\/section>\n\t\n\n\t<section class=\"section dark\" id=\"section_1481221638\">\n\t\t<div class=\"section-bg fill\" >\n\t\t\t\t\t\t\t\t\t\n\t\t\t\n\n\t\t<\/div>\n\n\t\t\n\n\t\t<div class=\"section-content relative\">\n\t\t\t\n<div class=\"row align-center\"  id=\"row-1075039918\">\n\n\t<div id=\"col-221549244\" class=\"col medium-8 small-12 large-8\"  >\n\t\t\t\t<div class=\"col-inner text-center\"  >\n\t\t\t\n\t\t\t\n<h2>Mindre manuelt arbeid. Mer korrekte produktvisninger. <\/h2>\n<p>ProdUp reduserer manuelt produktoppsett og holder katalogen konsistent \u2013 s\u00e5 teamet kan fokusere p\u00e5 salg, kampanjer og kundeopplevelse.<\/p>\n\t<div id=\"gap-202413007\" class=\"gap-element clearfix\" style=\"display:block; height:auto;\">\n\t\t\n<style>\n#gap-202413007 {\n  padding-top: 15px;\n}\n<\/style>\n\t<\/div>\n\t\n\t<div id=\"stack-4194934975\" class=\"stack stack-row justify-center items-start sm:stack-column\">\n\t\t\n<a href=\"https:\/\/produp.ai\/no\/book-demo\/\" class=\"button secondary reveal-icon\" style=\"border-radius:10px;\">\n\t\t<span>Book demo<\/span>\n\t<i class=\"icon-angle-right\" aria-hidden=\"true\"><\/i><\/a>\n\n<a href=\"https:\/\/produp.ai\/no\/merker\/\" class=\"button white is-link\" style=\"border-radius:10px;\">\n\t\t<span>Se st\u00f8ttede merker<\/span>\n\t<i class=\"icon-angle-right\" aria-hidden=\"true\"><\/i><\/a>\n\n\t\t\n<style>\n#stack-4194934975 > * {\n  --stack-gap: 4.5rem;\n}\n<\/style>\n\t<\/div>\n\t\n\t\t<\/div>\n\t\t\t\t\t<\/div>\n\n\t\n<\/div>\n\t\t<\/div>\n\n\t\t\n<style>\n#section_1481221638 {\n  padding-top: 60px;\n  padding-bottom: 60px;\n  background-color: rgb(10, 15, 28);\n}\n@media (min-width:550px) {\n  #section_1481221638 {\n    padding-top: 90px;\n    padding-bottom: 90px;\n  }\n}\n<\/style>\n\t<\/section>\n\t\n\n\t<section class=\"section\" id=\"section_1891700380\">\n\t\t<div class=\"section-bg fill\" >\n\t\t\t\t\t\t\t\t\t\n\t\t\t\n\n\t\t<\/div>\n\n\t\t\n\n\t\t<div class=\"section-content relative\">\n\t\t\t\n<div class=\"row align-center\"  id=\"row-1257229068\">\n\n\t<div id=\"col-832750894\" class=\"col medium-9 small-12 large-9\"  >\n\t\t\t\t<div class=\"col-inner text-center\"  >\n\t\t\t\n\t\t\t\n<h2>Vanlige sp\u00f8rsm\u00e5l<\/h2>\n<p>Svar p\u00e5 hva forhandlere vanligvis sp\u00f8r om f\u00f8r de tar i bruk nye kunder.<\/p>\n\t\t<\/div>\n\t\t\t\t\t<\/div>\n\n\t\n<\/div>\n\t<div id=\"gap-596483748\" class=\"gap-element clearfix\" style=\"display:block; height:auto;\">\n\t\t\n<style>\n#gap-596483748 {\n  padding-top: 25px;\n}\n<\/style>\n\t<\/div>\n\t\n<div class=\"row align-top align-center\"  id=\"row-179947056\">\n\n\t<div id=\"col-635223161\" class=\"col medium-4 small-12 large-4\"  >\n\t\t\t\t<div class=\"col-inner\"  >\n\t\t\t\n\t\t\t\n<h4>Kontrollerer vi publisering?<\/h4>\n<p>Ja. Dere velger utkast eller publisert, og om oppdateringer skal g\u00e5 automatisk eller startes manuelt. <\/p>\n\t\t<\/div>\n\t\t\t\t\t<\/div>\n\n\t\n\n\t<div id=\"col-2046249003\" class=\"col medium-4 small-12 large-4\"  >\n\t\t\t\t<div class=\"col-inner\"  >\n\t\t\t\n\t\t\t\n<h4>Hvordan fungerer lagret?<\/h4>\n<p>Dere bestemmer standard lageroppf\u00f8rsel (p\u00e5 lager\/restordre\/utsolgt). Lagersynk kan ogs\u00e5 h\u00e5ndteres via POS-integrasjon der det er relevant. <\/p>\n\t\t<\/div>\n\t\t\t\t\t<\/div>\n\n\t\n\n\t<div id=\"col-1103864025\" class=\"col medium-4 small-12 large-4\"  >\n\t\t\t\t<div class=\"col-inner\"  >\n\t\t\t\n\t\t\t\n<h4>Hva med bilder og st\u00f8rrelse?<\/h4>\n<p>Vi standardiserer beskj\u00e6ring og skala, slik at bildene ser like ut p\u00e5 tvers av merkevarer \u2013 og grid og produktsider f\u00f8les mer enhetlige.<\/p>\n\t\t<\/div>\n\t\t\t\t\t<\/div>\n\n\t\n<\/div>\n\t\t<\/div>\n\n\t\t\n<style>\n#section_1891700380 {\n  padding-top: 50px;\n  padding-bottom: 50px;\n}\n@media (min-width:550px) {\n  #section_1891700380 {\n    padding-top: 70px;\n    padding-bottom: 70px;\n  }\n}\n<\/style>\n\t<\/section>\n\t\n","protected":false},"excerpt":{"rendered":"","protected":false},"author":1,"featured_media":0,"parent":0,"menu_order":0,"comment_status":"closed","ping_status":"closed","template":"page-blank.php","meta":{"footnotes":""},"class_list":["post-1125","page","type-page","status-publish","hentry"],"jetpack_sharing_enabled":true,"_links":{"self":[{"href":"https:\/\/produp.ai\/no\/wp-json\/wp\/v2\/pages\/1125","targetHints":{"allow":["GET"]}}],"collection":[{"href":"https:\/\/produp.ai\/no\/wp-json\/wp\/v2\/pages"}],"about":[{"href":"https:\/\/produp.ai\/no\/wp-json\/wp\/v2\/types\/page"}],"author":[{"embeddable":true,"href":"https:\/\/produp.ai\/no\/wp-json\/wp\/v2\/users\/1"}],"replies":[{"embeddable":true,"href":"https:\/\/produp.ai\/no\/wp-json\/wp\/v2\/comments?post=1125"}],"version-history":[{"count":17,"href":"https:\/\/produp.ai\/no\/wp-json\/wp\/v2\/pages\/1125\/revisions"}],"predecessor-version":[{"id":1685,"href":"https:\/\/produp.ai\/no\/wp-json\/wp\/v2\/pages\/1125\/revisions\/1685"}],"wp:attachment":[{"href":"https:\/\/produp.ai\/no\/wp-json\/wp\/v2\/media?parent=1125"}],"curies":[{"name":"wp","href":"https:\/\/api.w.org\/{rel}","templated":true}]}}