{"id":1373,"date":"2026-02-12T13:39:34","date_gmt":"2026-02-12T12:39:34","guid":{"rendered":"https:\/\/produp.ai\/grand-seiko\/"},"modified":"2026-03-04T15:05:54","modified_gmt":"2026-03-04T14:05:54","slug":"grand-seiko","status":"publish","type":"page","link":"https:\/\/produp.ai\/no\/merker\/grand-seiko\/","title":{"rendered":"Grand Seiko"},"content":{"rendered":"\n\t<section class=\"section\" id=\"section_1191572418\">\n\t\t<div class=\"section-bg fill\" >\n\t\t\t\t\t\t\t\t\t\n\t\t\t\n\n\t\t<\/div>\n\n\t\t\n\n\t\t<div class=\"section-content relative\">\n\t\t\t\n<div class=\"row align-middle align-center\"  id=\"row-894762671\">\n\n\t<div id=\"col-1647573849\" class=\"col medium-6 small-12 large-12\"  >\n\t\t\t\t<div class=\"col-inner\"  >\n\t\t\t\n\t\t\t\n<div class=\"row row-collapse\"  id=\"row-1786997089\">\n\n\t<div id=\"col-236662903\" class=\"col medium-11 small-12 large-12\"  >\n\t\t\t\t<div class=\"col-inner\"  >\n\t\t\t\n\t\t\t\n<h1>Grand Seiko produktdata &#8211; strukturert for WooCommerce<\/h1>\n\t\t<\/div>\n\t\t\t\t\t<\/div>\n\n\t\n<\/div>\n\t<div id=\"gap-1772617755\" class=\"gap-element clearfix\" style=\"display:block; height:auto;\">\n\t\t\n<style>\n#gap-1772617755 {\n  padding-top: 10px;\n}\n<\/style>\n\t<\/div>\n\t\n<p>ProdUp hjelper forhandlere med \u00e5 holde Grand Seiko-oppf\u00f8ringer n\u00f8yaktige og konsekvente &#8211; navn, priser, spesifikasjoner, beskrivelser og bilder &#8211; slik at produktsider og filtre oppf\u00f8rer seg likt i hele katalogen din.<\/p>\n\t<div id=\"gap-2140540758\" class=\"gap-element clearfix\" style=\"display:block; height:auto;\">\n\t\t\n<style>\n#gap-2140540758 {\n  padding-top: 20px;\n}\n<\/style>\n\t<\/div>\n\t\n\t<div id=\"stack-594977605\" class=\"stack stack-row justify-start items-stretch sm:stack-col sm:justify-between md:stack-col\">\n\t\t\n<a href=\"https:\/\/produp.ai\/no\/book-demo\/\" class=\"button primary reveal-icon\" style=\"border-radius:10px;\">\n\t\t<span>Book en demo<\/span>\n\t<i class=\"icon-angle-right\" aria-hidden=\"true\"><\/i><\/a>\n\n<a href=\"https:\/\/produp.ai\/brands\/\" class=\"button primary is-link\" style=\"border-radius:10px;\">\n\t\t<span>Se st\u00f8ttede merker<\/span>\n\t<i class=\"icon-angle-right\" aria-hidden=\"true\"><\/i><\/a>\n\n\t\t\n<style>\n#stack-594977605 > * {\n  --stack-gap: 1rem;\n}\n@media (min-width:550px) {\n  #stack-594977605 > * {\n    --stack-gap: 2rem;\n  }\n}\n<\/style>\n\t<\/div>\n\t\n\t<div id=\"gap-195519169\" class=\"gap-element clearfix\" style=\"display:block; height:auto;\">\n\t\t\n<style>\n#gap-195519169 {\n  padding-top: 10px;\n}\n<\/style>\n\t<\/div>\n\t\n\t<div id=\"text-165744370\" class=\"text\">\n\t\t\n<p><em>Merk: ProdUp er en plattform for produktdata. Denne siden er ikke tilknyttet eller st\u00f8ttet av Grand Seiko.<\/em><\/p>\n\t\t\n<style>\n#text-165744370 {\n  font-size: 0.85rem;\n}\n<\/style>\n\t<\/div>\n\t\n\t\t<\/div>\n\t\t\t\t\t<\/div>\n\n\t\n\n\t<div id=\"col-1098788086\" class=\"col medium-6 small-12 large-6\"  >\n\t\t\t\t<div class=\"col-inner text-center\"  >\n\t\t\t\n\t\t\t\n\n  <div class=\"banner has-hover\" id=\"banner-47947029\">\n          <div class=\"banner-inner fill\">\n        <div class=\"banner-bg fill\" >\n            <img loading=\"lazy\" decoding=\"async\" width=\"1020\" height=\"510\" src=\"https:\/\/i0.wp.com\/produp.ai\/wp-content\/uploads\/4.png?fit=1020%2C510&amp;ssl=1\" class=\"bg attachment-large size-large\" alt=\"\" \/>                                    \n                    <\/div>\n\t\t\n        <div class=\"banner-layers container\">\n            <div class=\"fill banner-link\"><\/div>            \n        <\/div>\n      <\/div>\n\n            \n<style>\n#banner-47947029 {\n  padding-top: 56.25%;\n  background-color: rgb(255,255,255);\n}\n@media (min-width:550px) {\n  #banner-47947029 {\n    padding-top: 56.25%;\n  }\n}\n<\/style>\n  <\/div>\n\n\n\t\t<\/div>\n\t\t\t\t\t<\/div>\n\n\t\n<\/div>\n\t\t<\/div>\n\n\t\t\n<style>\n#section_1191572418 {\n  padding-top: 60px;\n  padding-bottom: 60px;\n}\n@media (min-width:550px) {\n  #section_1191572418 {\n    padding-top: 100px;\n    padding-bottom: 100px;\n  }\n}\n<\/style>\n\t<\/section>\n\t\n\n\t<section class=\"section\" id=\"section_676621017\">\n\t\t<div class=\"section-bg fill\" >\n\t\t\t\t\t\t\t\t\t\n\t\t\t\n\n\t\t<\/div>\n\n\t\t\t<div class=\"ux-shape-divider ux-shape-divider--top ux-shape-divider--style-tilt\">\n\t\t<svg viewBox=\"0 0 1000 100\" xmlns=\"http:\/\/www.w3.org\/2000\/svg\" preserveAspectRatio=\"none\">\n\t<path class=\"ux-shape-fill\" d=\"M1000 100V0L-40 100H1000Z\"\/>\n<\/svg>\n\t<\/div>\n\n\n\t\t<div class=\"section-content relative\">\n\t\t\t\n<div class=\"row row-full-width align-center\"  id=\"row-236327931\">\n\n\t<div id=\"col-38299819\" class=\"col medium-10 small-12 large-10\"  >\n\t\t\t\t<div class=\"col-inner text-center\"  >\n\t\t\t\n\t\t\t\n<h2>Slik overf\u00f8res Grand Seiko-innhold til nettbutikken din<\/h2>\n<p>En enkel flyt som sikrer at oppf\u00f8ringene forblir korrekte over tid.<\/p>\n\t\t<\/div>\n\t\t\t\t\t<\/div>\n\n\t\n<\/div>\n\t<div id=\"gap-1231135838\" class=\"gap-element clearfix\" style=\"display:block; height:auto;\">\n\t\t\n<style>\n#gap-1231135838 {\n  padding-top: 25px;\n}\n<\/style>\n\t<\/div>\n\t\n<div class=\"row row-full-width align-equal align-center\"  id=\"row-1927735873\">\n\n\t<div id=\"col-1772397093\" class=\"col medium-4 small-12 large-4\"  >\n\t\t\t\t<div class=\"col-inner text-left\"  >\n\t\t\t\n\t\t\t\n<h3>Koble til og sett regler<\/h3>\n<p>Velg Grand Seikoog bestem hvordan produktene skal legges inn \u2013 som utkast eller publisert, med lagerstyring, og automatisk eller manuell publisering.<\/p>\n\t\t<\/div>\n\t\t\t\t\n<style>\n#col-1772397093 > .col-inner {\n  padding: 10px 20px;\n}\n<\/style>\n\t<\/div>\n\n\t\n\n\t<div id=\"col-1629103776\" class=\"col medium-4 small-12 large-4\"  >\n\t\t\t\t<div class=\"col-inner text-left\"  >\n\t\t\t\n\t\t\t\n<h3>Standardiser og verifiser<\/h3>\n<p>Vi standardiserer spesifikasjoner til rene attributter og sikrer at alt er komplett \u2013 slik at filtre og maler fungerer stabilt p\u00e5 tvers av merkevarer.<\/p>\n\t\t<\/div>\n\t\t\t\t\n<style>\n#col-1629103776 > .col-inner {\n  padding: 10px 20px;\n}\n<\/style>\n\t<\/div>\n\n\t\n\n\t<div id=\"col-330460221\" class=\"col medium-4 small-12 large-4\"  >\n\t\t\t\t<div class=\"col-inner text-left\"  >\n\t\t\t\n\t\t\t\n<h3>Publiser og hold innholdet oppdatert<\/h3>\n<p>Oppf\u00f8ringer publiseres via API, og oppdateringer f\u00f8lger samme flyt \u2013 slik at priser, spesifikasjoner, beskrivelser og bilder alltid er synkronisert.<\/p>\n\t\t<\/div>\n\t\t\t\t\n<style>\n#col-330460221 > .col-inner {\n  padding: 10px 20px;\n}\n<\/style>\n\t<\/div>\n\n\t\n<\/div>\n\t\t<\/div>\n\n\t\t\n<style>\n#section_676621017 {\n  padding-top: 50px;\n  padding-bottom: 50px;\n  background-color: rgba(211, 211, 211, 0.35);\n}\n#section_676621017 .ux-shape-divider--top svg {\n  height: 90px;\n  --divider-top-width: 100%;\n}\n@media (min-width:550px) {\n  #section_676621017 {\n    padding-top: 70px;\n    padding-bottom: 70px;\n  }\n}\n<\/style>\n\t<\/section>\n\t\n\n\t<section class=\"section\" id=\"section_813406517\">\n\t\t<div class=\"section-bg fill\" >\n\t\t\t\t\t\t\t\t\t\n\t\t\t\n\n\t\t<\/div>\n\n\t\t\n\n\t\t<div class=\"section-content relative\">\n\t\t\t\n<div class=\"row align-center\"  id=\"row-993122377\">\n\n\t<div id=\"col-207135908\" class=\"col medium-10 small-12 large-10\"  >\n\t\t\t\t<div class=\"col-inner text-center\"  >\n\t\t\t\n\t\t\t\n<h2>Hvorfor forhandlere bruker ProdUp for Grand Seiko<\/h2>\n<p>Konsistens, f\u00e6rre avvik og mindre manuelt katalogarbeid.<\/p>\n\t\t<\/div>\n\t\t\t\t\t<\/div>\n\n\t\n<\/div>\n\t<div id=\"gap-956394764\" class=\"gap-element clearfix\" style=\"display:block; height:auto;\">\n\t\t\n<style>\n#gap-956394764 {\n  padding-top: 35px;\n}\n<\/style>\n\t<\/div>\n\t\n<div class=\"row align-equal align-center\" style=\"max-width:\" id=\"row-558591226\">\n\n\t<div id=\"col-2025235312\" class=\"col medium-4 small-12 large-4\"  >\n\t\t\t\t<div class=\"col-inner dark\" style=\"background-color:#001f3f;\" >\n\t\t\t\n\t\t\t\n<h4>Ryddigere filtre og spesifikasjoner<\/h4>\n<p>Standardiserte attributter reduserer problemer med \u00absamme spesifikasjon, ulikt format\u00bb p\u00e5 tvers av merkevarer.<\/p>\n\t\t<\/div>\n\t\t\t\t\n<style>\n#col-2025235312 > .col-inner {\n  padding: 22px;\n  border-radius: 20px;\n}\n<\/style>\n\t<\/div>\n\n\t\n\n\t<div id=\"col-664690310\" class=\"col medium-4 small-12 large-4\"  >\n\t\t\t\t<div class=\"col-inner dark\" style=\"background-color:#001f3f;\" >\n\t\t\t\n\t\t\t\n<h4>Bilder som kan sammenlignes<\/h4>\n<p>Beskj\u00e6ring og st\u00f8rrelse er standardisert, slik at produktgitteret ser likt ut og st\u00f8rrelser vises korrekt p\u00e5 tvers av merkevarer.<\/p>\n\t\t<\/div>\n\t\t\t\t\n<style>\n#col-664690310 > .col-inner {\n  padding: 22px;\n  border-radius: 20px;\n}\n<\/style>\n\t<\/div>\n\n\t\n\n\t<div id=\"col-844420642\" class=\"col medium-4 small-12 large-4\"  >\n\t\t\t\t<div class=\"col-inner dark\" style=\"background-color:#001f3f;\" >\n\t\t\t\n\t\t\t\n<h4>Mindre manuelt vedlikehold<\/h4>\n<p>Oppdateringer g\u00e5r gjennom \u00e9n flyt \u2013 noe som reduserer gjentakende arbeid og avvik i oppf\u00f8ringene.<\/p>\n\t\t<\/div>\n\t\t\t\t\n<style>\n#col-844420642 > .col-inner {\n  padding: 22px;\n  border-radius: 20px;\n}\n<\/style>\n\t<\/div>\n\n\t\n<\/div>\n\t\t<\/div>\n\n\t\t\n<style>\n#section_813406517 {\n  padding-top: 60px;\n  padding-bottom: 60px;\n}\n@media (min-width:550px) {\n  #section_813406517 {\n    padding-top: 90px;\n    padding-bottom: 90px;\n  }\n}\n<\/style>\n\t<\/section>\n\t\n\n\t<section class=\"section dark\" id=\"section_123616753\">\n\t\t<div class=\"section-bg fill\" >\n\t\t\t\t\t\t\t\t\t\n\t\t\t\n\n\t\t<\/div>\n\n\t\t\n\n\t\t<div class=\"section-content relative\">\n\t\t\t\n<div class=\"row align-center\"  id=\"row-681916422\">\n\n\t<div id=\"col-1653645921\" class=\"col medium-8 small-12 large-8\"  >\n\t\t\t\t<div class=\"col-inner text-center\"  >\n\t\t\t\n\t\t\t\n<h2>Vil du ha Grand Seiko-oppf\u00f8ringer som alltid er korrekte?<\/h2>\n<p>Book en demo, s\u00e5 viser vi hele prosessen fra merkevareinnhold til ferdige produktsider klare for nettbutikken.<\/p>\n\t<div id=\"gap-697817875\" class=\"gap-element clearfix\" style=\"display:block; height:auto;\">\n\t\t\n<style>\n#gap-697817875 {\n  padding-top: 15px;\n}\n<\/style>\n\t<\/div>\n\t\n<a href=\"https:\/\/produp.ai\/no\/book-demo\/\" class=\"button secondary\" style=\"border-radius:10px;\">\n\t\t<span>Book demo<\/span>\n\t<i class=\"icon-angle-right\" aria-hidden=\"true\"><\/i><\/a>\n\n\t\t<\/div>\n\t\t\t\t\t<\/div>\n\n\t\n<\/div>\n\t\t<\/div>\n\n\t\t\n<style>\n#section_123616753 {\n  padding-top: 60px;\n  padding-bottom: 60px;\n  background-color: #001f3f;\n}\n@media (min-width:550px) {\n  #section_123616753 {\n    padding-top: 90px;\n    padding-bottom: 90px;\n  }\n}\n<\/style>\n\t<\/section>\n\t\n\n\t<section class=\"section dark\" id=\"section_723852749\">\n\t\t<div class=\"section-bg fill\" >\n\t\t\t\t\t\t\t\t\t\n\t\t\t\n\n\t\t<\/div>\n\n\t\t\n\n\t\t<div class=\"section-content relative\">\n\t\t\t\r\n<div class=\"row align-center\"  id=\"row-1022409442\">\r\n\n\t<div id=\"col-1819114073\" class=\"col medium-9 small-12 large-6\"  >\n\t\t\t\t<div class=\"col-inner text-center\"  >\n\t\t\t\n\t\t\t\r\n\t<div id=\"text-3177695429\" class=\"text\">\n\t\t\r\n<h2>Klar til \u00e5 rydde opp i katalogen?<\/h2>\r\n<p>Samle produktdata og media p\u00e5 ett sted, kvalitetssikre innholdet og hold alle forhandlere oppdatert \u2013 automatisk.<\/p>\r\n\t\t\n<style>\n#text-3177695429 {\n  text-align: center;\n}\n<\/style>\n\t<\/div>\n\t\r\n\t<div id=\"gap-432542050\" class=\"gap-element clearfix\" style=\"display:block; height:auto;\">\n\t\t\n<style>\n#gap-432542050 {\n  padding-top: 15px;\n}\n<\/style>\n\t<\/div>\n\t\r\n<a href=\"https:\/\/produp.ai\/no\/book-demo\/\" class=\"button secondary reveal-icon\" style=\"border-radius:20px;padding:10px 50px 10px 50px;\">\n\t\t<span>Book demo<\/span>\n\t<i class=\"icon-angle-right\" aria-hidden=\"true\"><\/i><\/a>\n\r\n\t<div id=\"gap-1978299424\" class=\"gap-element clearfix\" style=\"display:block; height:auto;\">\n\t\t\n<style>\n#gap-1978299424 {\n  padding-top: 10px;\n}\n<\/style>\n\t<\/div>\n\t\r\n\t<div id=\"text-3339041685\" class=\"text\">\n\t\t\r\n<p>WooCommerce via API i dag. Andre plattformer ved behov. <\/p>\r\n\t\t\n<style>\n#text-3339041685 {\n  font-size: 0.75rem;\n  text-align: center;\n}\n<\/style>\n\t<\/div>\n\t\r\n\t\t<\/div>\n\t\t\t\t\t<\/div>\n\n\t\r\n<\/div>\r\n\t\t<\/div>\n\n\t\t\n<style>\n#section_723852749 {\n  padding-top: 60px;\n  padding-bottom: 60px;\n  background-color: rgb(10, 15, 28);\n}\n@media (min-width:550px) {\n  #section_723852749 {\n    padding-top: 90px;\n    padding-bottom: 90px;\n  }\n}\n@media (min-width:850px) {\n  #section_723852749 {\n    padding-top: 150px;\n    padding-bottom: 150px;\n  }\n}\n<\/style>\n\t<\/section>\n\t\n","protected":false},"excerpt":{"rendered":"","protected":false},"author":1,"featured_media":0,"parent":1478,"menu_order":0,"comment_status":"closed","ping_status":"closed","template":"","meta":{"footnotes":""},"class_list":["post-1373","page","type-page","status-publish","hentry"],"jetpack_sharing_enabled":true,"_links":{"self":[{"href":"https:\/\/produp.ai\/no\/wp-json\/wp\/v2\/pages\/1373","targetHints":{"allow":["GET"]}}],"collection":[{"href":"https:\/\/produp.ai\/no\/wp-json\/wp\/v2\/pages"}],"about":[{"href":"https:\/\/produp.ai\/no\/wp-json\/wp\/v2\/types\/page"}],"author":[{"embeddable":true,"href":"https:\/\/produp.ai\/no\/wp-json\/wp\/v2\/users\/1"}],"replies":[{"embeddable":true,"href":"https:\/\/produp.ai\/no\/wp-json\/wp\/v2\/comments?post=1373"}],"version-history":[{"count":3,"href":"https:\/\/produp.ai\/no\/wp-json\/wp\/v2\/pages\/1373\/revisions"}],"predecessor-version":[{"id":1376,"href":"https:\/\/produp.ai\/no\/wp-json\/wp\/v2\/pages\/1373\/revisions\/1376"}],"up":[{"embeddable":true,"href":"https:\/\/produp.ai\/no\/wp-json\/wp\/v2\/pages\/1478"}],"wp:attachment":[{"href":"https:\/\/produp.ai\/no\/wp-json\/wp\/v2\/media?parent=1373"}],"curies":[{"name":"wp","href":"https:\/\/api.w.org\/{rel}","templated":true}]}}