{"id":1492,"date":"2023-02-08T15:58:11","date_gmt":"2023-02-08T14:58:11","guid":{"rendered":"https:\/\/produp.ai\/pricing\/"},"modified":"2026-03-26T13:02:53","modified_gmt":"2026-03-26T12:02:53","slug":"pris","status":"publish","type":"page","link":"https:\/\/produp.ai\/no\/pris\/","title":{"rendered":"Pris"},"content":{"rendered":"\n\t<section class=\"section dark\" id=\"section_1416113989\">\n\t\t<div class=\"section-bg fill\" >\n\t\t\t\t\t\t\t\t\t\n\t\t\t\n\n\t\t<\/div>\n\n\t\t\n\n\t\t<div class=\"section-content relative\">\n\t\t\t\n<div class=\"row align-middle align-center\"  id=\"row-1516322353\">\n\n\t<div id=\"col-2120106058\" class=\"col medium-5 small-12 large-4\"  >\n\t\t\t\t<div class=\"col-inner\"  >\n\t\t\t\n\t\t\t\n<div class=\"row row-collapse\"  id=\"row-664051633\">\n\n\t<div id=\"col-1937881179\" class=\"col medium-10 small-12 large-11\"  >\n\t\t\t\t<div class=\"col-inner\"  >\n\t\t\t\n\t\t\t\n<h1>Pris<\/h1>\n\t\t<\/div>\n\t\t\t\t\t<\/div>\n\n\t\n<\/div>\n<p>ProdUp prises ut fra oppsettet deres \u2013 hvor mange merkevarer\/partnere dere kobler til, hvor mye katalogdata dere h\u00e5ndterer, og hvordan dere \u00f8nsker \u00e5 publisere (utkast\/publisert, lagerregler og kanaler). Alle planer inkluderer onboarding, kvalitetssikring og l\u00f8pende oppdateringer.<\/p>\n\t<div id=\"gap-1302153357\" class=\"gap-element clearfix\" style=\"display:block; height:auto;\">\n\t\t\n<style>\n#gap-1302153357 {\n  padding-top: 30px;\n}\n<\/style>\n\t<\/div>\n\t\n<a href=\"https:\/\/produp.ai\/no\/book-demo\/\" class=\"button secondary reveal-icon\" style=\"border-radius:10px;\">\n\t\t<span>Book demo<\/span>\n\t<i class=\"icon-angle-right\" aria-hidden=\"true\"><\/i><\/a>\n\n\t\t<\/div>\n\t\t\t\t\t<\/div>\n\n\t\n\n\t<div id=\"col-1631816794\" class=\"col medium-7 small-12 large-5\"  >\n\t\t\t\t<div class=\"col-inner\"  >\n\t\t\t\n\t\t\t\n\n  <div class=\"banner has-hover\" id=\"banner-603680505\">\n          <div class=\"banner-inner fill\">\n        <div class=\"banner-bg fill\" >\n            <img data-recalc-dims=\"1\" loading=\"lazy\" decoding=\"async\" width=\"1020\" height=\"510\" src=\"https:\/\/i0.wp.com\/produp.ai\/wp-content\/uploads\/4.png?resize=1020%2C510&#038;ssl=1\" class=\"bg attachment-original size-original\" alt=\"\" \/>                                    \n                    <\/div>\n\t\t\n        <div class=\"banner-layers container\">\n            <div class=\"fill banner-link\"><\/div>            \n        <\/div>\n      <\/div>\n\n            \n<style>\n#banner-603680505 {\n  padding-top: 400px;\n  background-color: rgb(255, 255, 255);\n}\n@media (min-width:550px) {\n  #banner-603680505 {\n    padding-top: 500px;\n  }\n}\n<\/style>\n  <\/div>\n\n\n\t\t<\/div>\n\t\t\t\t\t<\/div>\n\n\t\n<\/div>\n\t<div id=\"gap-789374431\" class=\"gap-element clearfix\" style=\"display:block; height:auto;\">\n\t\t\n<style>\n#gap-789374431 {\n  padding-top: 40px;\n}\n<\/style>\n\t<\/div>\n\t\n\n\t\t<div class=\"tabbed-content\">\n\t\t\t\n\t\t\t<ul class=\"nav nav-pills nav-uppercase nav-size-large nav-center\" role=\"tablist\"><li id=\"tab-forhandlere\" class=\"tab active has-icon\" role=\"presentation\"><a href=\"#tab_forhandlere\" role=\"tab\" aria-selected=\"true\" aria-controls=\"tab_forhandlere\"><span>Forhandlere<\/span><\/a><\/li>\n<li id=\"tab-varemerker-og-distribut\u00f8rer\" class=\"tab has-icon\" role=\"presentation\"><a href=\"#tab_varemerker-og-distribut\u00f8rer\" tabindex=\"-1\" role=\"tab\" aria-selected=\"false\" aria-controls=\"tab_varemerker-og-distribut\u00f8rer\"><span>Varemerker og distribut\u00f8rer<\/span><\/a><\/li><\/ul><div class=\"tab-panels\"><div id=\"tab_forhandlere\" class=\"panel active entry-content\" role=\"tabpanel\" aria-labelledby=\"tab-forhandlere\">\n\t<div id=\"gap-1060776501\" class=\"gap-element clearfix\" style=\"display:block; height:auto;\">\n\t\t\n<style>\n#gap-1060776501 {\n  padding-top: 10px;\n}\n@media (min-width:550px) {\n  #gap-1060776501 {\n    padding-top: 30px;\n  }\n}\n<\/style>\n\t<\/div>\n\t\n<div class=\"row align-equal align-center\"  id=\"row-1221020486\">\n\n\t<div id=\"col-942512788\" class=\"col medium-12 small-12 large-6\"  >\n\t\t\t\t<div class=\"col-inner text-left dark\" style=\"background-color:rgb(10, 15, 28);\" >\n\t\t\t\n\t\t\t\n\t<div id=\"text-1395406766\" class=\"text\">\n\t\t\n<h3>Forhandlerplan<\/h3>\n\t\t\n<style>\n#text-1395406766 {\n  font-size: 1.6rem;\n  line-height: 1.15;\n}\n@media (min-width:550px) {\n  #text-1395406766 {\n    font-size: 1.6rem;\n  }\n}\n<\/style>\n\t<\/div>\n\t\n\t<div id=\"text-2507480288\" class=\"text\">\n\t\t\n<p><strong>Tilpasset pris <\/strong>\u2013 basert p\u00e5 merkevarer, katalogst\u00f8rrelse og publiseringsregler.<\/p>\n\t\t\n<style>\n#text-2507480288 {\n  font-size: 1rem;\n  line-height: 1.4;\n}\n<\/style>\n\t<\/div>\n\t\n\t<div id=\"gap-82794404\" class=\"gap-element clearfix\" style=\"display:block; height:auto;\">\n\t\t\n<style>\n#gap-82794404 {\n  padding-top: 10px;\n}\n<\/style>\n\t<\/div>\n\t\n\t<div id=\"stack-1664475127\" class=\"stack stack-col justify-start items-stretch\">\n\t\t\n\n\t\t<div class=\"icon-box featured-box icon-box-left text-left\"  >\n\t\t\t\t\t<div class=\"icon-box-img\" style=\"width: 20px\">\n\t\t\t\t<div class=\"icon\">\n\t\t\t\t\t<div class=\"icon-inner\" >\n\t\t\t\t\t\t<img loading=\"lazy\" decoding=\"async\" width=\"148\" height=\"148\" src=\"https:\/\/i0.wp.com\/produp.ai\/wp-content\/uploads\/checkmark-icon.webp?fit=148%2C148&amp;ssl=1\" class=\"attachment-medium size-medium\" alt=\"\" srcset=\"https:\/\/i0.wp.com\/produp.ai\/wp-content\/uploads\/checkmark-icon.webp?w=148&amp;ssl=1 148w, https:\/\/i0.wp.com\/produp.ai\/wp-content\/uploads\/checkmark-icon.webp?resize=100%2C100&amp;ssl=1 100w\" sizes=\"auto, (max-width: 148px) 100vw, 148px\" \/>\t\t\t\t\t<\/div>\n\t\t\t\t<\/div>\n\t\t\t<\/div>\n\t\t\t\t<div class=\"icon-box-text last-reset\">\n\t\t\t\t\t\t\t\t\t\n<p><strong>Koble til merkevarene dere f\u00f8rer,<\/strong> og motta strukturerte produktdata og media.<\/p>\n\t\t<\/div>\n\t<\/div>\n\t\n\t\n\n\t\t<div class=\"icon-box featured-box icon-box-left text-left\"  >\n\t\t\t\t\t<div class=\"icon-box-img\" style=\"width: 20px\">\n\t\t\t\t<div class=\"icon\">\n\t\t\t\t\t<div class=\"icon-inner\" >\n\t\t\t\t\t\t<img loading=\"lazy\" decoding=\"async\" width=\"148\" height=\"148\" src=\"https:\/\/i0.wp.com\/produp.ai\/wp-content\/uploads\/checkmark-icon.webp?fit=148%2C148&amp;ssl=1\" class=\"attachment-medium size-medium\" alt=\"\" srcset=\"https:\/\/i0.wp.com\/produp.ai\/wp-content\/uploads\/checkmark-icon.webp?w=148&amp;ssl=1 148w, https:\/\/i0.wp.com\/produp.ai\/wp-content\/uploads\/checkmark-icon.webp?resize=100%2C100&amp;ssl=1 100w\" sizes=\"auto, (max-width: 148px) 100vw, 148px\" \/>\t\t\t\t\t<\/div>\n\t\t\t\t<\/div>\n\t\t\t<\/div>\n\t\t\t\t<div class=\"icon-box-text last-reset\">\n\t\t\t\t\t\t\t\t\t\n<p><strong>Standardiserte spesifikasjoner og attributter <\/strong>\u2013 s\u00e5 filtre og produktsider fungerer likt p\u00e5 tvers.<\/p>\n\t\t<\/div>\n\t<\/div>\n\t\n\t\n\n\t\t<div class=\"icon-box featured-box icon-box-left text-left\"  >\n\t\t\t\t\t<div class=\"icon-box-img\" style=\"width: 20px\">\n\t\t\t\t<div class=\"icon\">\n\t\t\t\t\t<div class=\"icon-inner\" >\n\t\t\t\t\t\t<img loading=\"lazy\" decoding=\"async\" width=\"148\" height=\"148\" src=\"https:\/\/i0.wp.com\/produp.ai\/wp-content\/uploads\/checkmark-icon.webp?fit=148%2C148&amp;ssl=1\" class=\"attachment-medium size-medium\" alt=\"\" srcset=\"https:\/\/i0.wp.com\/produp.ai\/wp-content\/uploads\/checkmark-icon.webp?w=148&amp;ssl=1 148w, https:\/\/i0.wp.com\/produp.ai\/wp-content\/uploads\/checkmark-icon.webp?resize=100%2C100&amp;ssl=1 100w\" sizes=\"auto, (max-width: 148px) 100vw, 148px\" \/>\t\t\t\t\t<\/div>\n\t\t\t\t<\/div>\n\t\t\t<\/div>\n\t\t\t\t<div class=\"icon-box-text last-reset\">\n\t\t\t\t\t\t\t\t\t\n<p><strong>Sammenlignbare bilder<\/strong> med standardisert skala og beskj\u00e6ringsregler.<\/p>\n\t\t<\/div>\n\t<\/div>\n\t\n\t\n\n\t\t<div class=\"icon-box featured-box icon-box-left text-left\"  >\n\t\t\t\t\t<div class=\"icon-box-img\" style=\"width: 20px\">\n\t\t\t\t<div class=\"icon\">\n\t\t\t\t\t<div class=\"icon-inner\" >\n\t\t\t\t\t\t<img loading=\"lazy\" decoding=\"async\" width=\"148\" height=\"148\" src=\"https:\/\/i0.wp.com\/produp.ai\/wp-content\/uploads\/checkmark-icon.webp?fit=148%2C148&amp;ssl=1\" class=\"attachment-medium size-medium\" alt=\"\" srcset=\"https:\/\/i0.wp.com\/produp.ai\/wp-content\/uploads\/checkmark-icon.webp?w=148&amp;ssl=1 148w, https:\/\/i0.wp.com\/produp.ai\/wp-content\/uploads\/checkmark-icon.webp?resize=100%2C100&amp;ssl=1 100w\" sizes=\"auto, (max-width: 148px) 100vw, 148px\" \/>\t\t\t\t\t<\/div>\n\t\t\t\t<\/div>\n\t\t\t<\/div>\n\t\t\t\t<div class=\"icon-box-text last-reset\">\n\t\t\t\t\t\t\t\t\t\n<p><strong>Publiser p\u00e5 deres m\u00e5te:<\/strong> utkast\/publisert, lagerregler, automatisk eller manuelt.<\/p>\n\t\t<\/div>\n\t<\/div>\n\t\n\t\n\n\t\t<div class=\"icon-box featured-box icon-box-left text-left\"  >\n\t\t\t\t\t<div class=\"icon-box-img\" style=\"width: 20px\">\n\t\t\t\t<div class=\"icon\">\n\t\t\t\t\t<div class=\"icon-inner\" >\n\t\t\t\t\t\t<img loading=\"lazy\" decoding=\"async\" width=\"148\" height=\"148\" src=\"https:\/\/i0.wp.com\/produp.ai\/wp-content\/uploads\/checkmark-icon.webp?fit=148%2C148&amp;ssl=1\" class=\"attachment-medium size-medium\" alt=\"\" srcset=\"https:\/\/i0.wp.com\/produp.ai\/wp-content\/uploads\/checkmark-icon.webp?w=148&amp;ssl=1 148w, https:\/\/i0.wp.com\/produp.ai\/wp-content\/uploads\/checkmark-icon.webp?resize=100%2C100&amp;ssl=1 100w\" sizes=\"auto, (max-width: 148px) 100vw, 148px\" \/>\t\t\t\t\t<\/div>\n\t\t\t\t<\/div>\n\t\t\t<\/div>\n\t\t\t\t<div class=\"icon-box-text last-reset\">\n\t\t\t\t\t\t\t\t\t\n<p><strong>L\u00f8pende oppdateringer <\/strong>\u2013 priser, spesifikasjoner, tekster og bilder holdes samkj\u00f8rt over tid.<\/p>\n\t\t<\/div>\n\t<\/div>\n\t\n\t\n\t\t\n<style>\n#stack-1664475127 > * {\n  --stack-gap: 0.5rem;\n}\n<\/style>\n\t<\/div>\n\t\n\t<div id=\"gap-598120158\" class=\"gap-element clearfix\" style=\"display:block; height:auto;\">\n\t\t\n<style>\n#gap-598120158 {\n  padding-top: 20px;\n}\n<\/style>\n\t<\/div>\n\t\n\t<div id=\"text-242556211\" class=\"text\">\n\t\t\n<p>Prisen avhenger av antall tilkoblede merkevarer, SKU-volum, kanaler (WooCommerce\/API + evt. andre) og oppdateringsfrekvens.<\/p>\n\t\t\n<style>\n#text-242556211 {\n  font-size: 0.9rem;\n}\n<\/style>\n\t<\/div>\n\t\n\t<div id=\"gap-774230322\" class=\"gap-element clearfix\" style=\"display:block; height:auto;\">\n\t\t\n<style>\n#gap-774230322 {\n  padding-top: 20px;\n}\n<\/style>\n\t<\/div>\n\t\n<a href=\"https:\/\/produp.ai\/no\/book-demo\/\" class=\"button white expand\" style=\"border-radius:20px;padding:10px 0px 10px 0px;\">\n\t\t<span>Book demo<\/span>\n\t<\/a>\n\n\t\t<\/div>\n\t\t\t\t\n<style>\n#col-942512788 > .col-inner {\n  padding: 40px;\n}\n<\/style>\n\t<\/div>\n\n\t\n\n<style>\n#row-1221020486 > .col > .col-inner {\n  padding: 12% 10% 10% 10%;\n  border-radius: 20px;\n}\n@media (min-width:550px) {\n  #row-1221020486 > .col > .col-inner {\n    padding: 8% 8% 6% 8%;\n  }\n}\n@media (min-width:850px) {\n  #row-1221020486 > .col > .col-inner {\n    padding: 10% 12% 8% 12%;\n  }\n}\n<\/style>\n<\/div>\n<\/div>\n<div id=\"tab_varemerker-og-distribut\u00f8rer\" class=\"panel entry-content\" role=\"tabpanel\" aria-labelledby=\"tab-varemerker-og-distribut\u00f8rer\">\n\t<div id=\"gap-885053451\" class=\"gap-element clearfix\" style=\"display:block; height:auto;\">\n\t\t\n<style>\n#gap-885053451 {\n  padding-top: 10px;\n}\n@media (min-width:550px) {\n  #gap-885053451 {\n    padding-top: 30px;\n  }\n}\n<\/style>\n\t<\/div>\n\t\n<div class=\"row align-equal align-center\"  id=\"row-1236807134\">\n\n\t<div id=\"col-1512378184\" class=\"col medium-12 small-12 large-6\"  >\n\t\t\t\t<div class=\"col-inner text-left dark\" style=\"background-color:rgb(10, 15, 28);\" >\n\t\t\t\n\t\t\t\n\t<div id=\"text-947299728\" class=\"text\">\n\t\t\n<h3>Merkevareplan<\/h3>\n\t\t\n<style>\n#text-947299728 {\n  font-size: 1.6rem;\n  line-height: 1.15;\n}\n@media (min-width:550px) {\n  #text-947299728 {\n    font-size: 1.6rem;\n  }\n}\n<\/style>\n\t<\/div>\n\t\n\t<div id=\"text-3836637407\" class=\"text\">\n\t\t\n<p><strong>Tilpasset pris<\/strong> \u2013 basert p\u00e5 antall forhandlere\/markeder, katalogomfang og \u00f8nskede kanaler\/formater.<\/p>\n\t\t\n<style>\n#text-3836637407 {\n  font-size: 1rem;\n  line-height: 1.4;\n}\n<\/style>\n\t<\/div>\n\t\n\t<div id=\"gap-51438248\" class=\"gap-element clearfix\" style=\"display:block; height:auto;\">\n\t\t\n<style>\n#gap-51438248 {\n  padding-top: 10px;\n}\n<\/style>\n\t<\/div>\n\t\n\t<div id=\"stack-1254201437\" class=\"stack stack-col justify-start items-stretch\">\n\t\t\n\n\t\t<div class=\"icon-box featured-box icon-box-left text-left\"  >\n\t\t\t\t\t<div class=\"icon-box-img\" style=\"width: 20px\">\n\t\t\t\t<div class=\"icon\">\n\t\t\t\t\t<div class=\"icon-inner\" >\n\t\t\t\t\t\t<img loading=\"lazy\" decoding=\"async\" width=\"148\" height=\"148\" src=\"https:\/\/i0.wp.com\/produp.ai\/wp-content\/uploads\/checkmark-icon.webp?fit=148%2C148&amp;ssl=1\" class=\"attachment-medium size-medium\" alt=\"\" srcset=\"https:\/\/i0.wp.com\/produp.ai\/wp-content\/uploads\/checkmark-icon.webp?w=148&amp;ssl=1 148w, https:\/\/i0.wp.com\/produp.ai\/wp-content\/uploads\/checkmark-icon.webp?resize=100%2C100&amp;ssl=1 100w\" sizes=\"auto, (max-width: 148px) 100vw, 148px\" \/>\t\t\t\t\t<\/div>\n\t\t\t\t<\/div>\n\t\t\t<\/div>\n\t\t\t\t<div class=\"icon-box-text last-reset\">\n\t\t\t\t\t\t\t\t\t\n<p><strong> \u00c9n felles kilde<\/strong> for spesifikasjoner, priser, tekster og media.<\/p>\n\t\t<\/div>\n\t<\/div>\n\t\n\t\n\n\t\t<div class=\"icon-box featured-box icon-box-left text-left\"  >\n\t\t\t\t\t<div class=\"icon-box-img\" style=\"width: 20px\">\n\t\t\t\t<div class=\"icon\">\n\t\t\t\t\t<div class=\"icon-inner\" >\n\t\t\t\t\t\t<img loading=\"lazy\" decoding=\"async\" width=\"148\" height=\"148\" src=\"https:\/\/i0.wp.com\/produp.ai\/wp-content\/uploads\/checkmark-icon.webp?fit=148%2C148&amp;ssl=1\" class=\"attachment-medium size-medium\" alt=\"\" srcset=\"https:\/\/i0.wp.com\/produp.ai\/wp-content\/uploads\/checkmark-icon.webp?w=148&amp;ssl=1 148w, https:\/\/i0.wp.com\/produp.ai\/wp-content\/uploads\/checkmark-icon.webp?resize=100%2C100&amp;ssl=1 100w\" sizes=\"auto, (max-width: 148px) 100vw, 148px\" \/>\t\t\t\t\t<\/div>\n\t\t\t\t<\/div>\n\t\t\t<\/div>\n\t\t\t\t<div class=\"icon-box-text last-reset\">\n\t\t\t\t\t\t\t\t\t\n<p><strong>Kvalitetssikre fullstendighet <\/strong>og sikre samme datastandard p\u00e5 tvers av partnere.<\/p>\n\t\t<\/div>\n\t<\/div>\n\t\n\t\n\n\t\t<div class=\"icon-box featured-box icon-box-left text-left\"  >\n\t\t\t\t\t<div class=\"icon-box-img\" style=\"width: 20px\">\n\t\t\t\t<div class=\"icon\">\n\t\t\t\t\t<div class=\"icon-inner\" >\n\t\t\t\t\t\t<img loading=\"lazy\" decoding=\"async\" width=\"148\" height=\"148\" src=\"https:\/\/i0.wp.com\/produp.ai\/wp-content\/uploads\/checkmark-icon.webp?fit=148%2C148&amp;ssl=1\" class=\"attachment-medium size-medium\" alt=\"\" srcset=\"https:\/\/i0.wp.com\/produp.ai\/wp-content\/uploads\/checkmark-icon.webp?w=148&amp;ssl=1 148w, https:\/\/i0.wp.com\/produp.ai\/wp-content\/uploads\/checkmark-icon.webp?resize=100%2C100&amp;ssl=1 100w\" sizes=\"auto, (max-width: 148px) 100vw, 148px\" \/>\t\t\t\t\t<\/div>\n\t\t\t\t<\/div>\n\t\t\t<\/div>\n\t\t\t\t<div class=\"icon-box-text last-reset\">\n\t\t\t\t\t\t\t\t\t\n<p><strong>Send oppdateringer til forhandlere automatisk<\/strong> \u2013 i det \u00f8yeblikket dere publiserer endringer.<\/p>\n\t\t<\/div>\n\t<\/div>\n\t\n\t\n\n\t\t<div class=\"icon-box featured-box icon-box-left text-left\"  >\n\t\t\t\t\t<div class=\"icon-box-img\" style=\"width: 20px\">\n\t\t\t\t<div class=\"icon\">\n\t\t\t\t\t<div class=\"icon-inner\" >\n\t\t\t\t\t\t<img loading=\"lazy\" decoding=\"async\" width=\"148\" height=\"148\" src=\"https:\/\/i0.wp.com\/produp.ai\/wp-content\/uploads\/checkmark-icon.webp?fit=148%2C148&amp;ssl=1\" class=\"attachment-medium size-medium\" alt=\"\" srcset=\"https:\/\/i0.wp.com\/produp.ai\/wp-content\/uploads\/checkmark-icon.webp?w=148&amp;ssl=1 148w, https:\/\/i0.wp.com\/produp.ai\/wp-content\/uploads\/checkmark-icon.webp?resize=100%2C100&amp;ssl=1 100w\" sizes=\"auto, (max-width: 148px) 100vw, 148px\" \/>\t\t\t\t\t<\/div>\n\t\t\t\t<\/div>\n\t\t\t<\/div>\n\t\t\t\t<div class=\"icon-box-text last-reset\">\n\t\t\t\t\t\t\t\t\t\n<p><strong>Merkevarekontroll: <\/strong>konsekvent presentasjon i alle tilkoblede butikker og kanaler.<\/p>\n\t\t<\/div>\n\t<\/div>\n\t\n\t\n\n\t\t<div class=\"icon-box featured-box icon-box-left text-left\"  >\n\t\t\t\t\t<div class=\"icon-box-img\" style=\"width: 20px\">\n\t\t\t\t<div class=\"icon\">\n\t\t\t\t\t<div class=\"icon-inner\" >\n\t\t\t\t\t\t<img loading=\"lazy\" decoding=\"async\" width=\"148\" height=\"148\" src=\"https:\/\/i0.wp.com\/produp.ai\/wp-content\/uploads\/checkmark-icon.webp?fit=148%2C148&amp;ssl=1\" class=\"attachment-medium size-medium\" alt=\"\" srcset=\"https:\/\/i0.wp.com\/produp.ai\/wp-content\/uploads\/checkmark-icon.webp?w=148&amp;ssl=1 148w, https:\/\/i0.wp.com\/produp.ai\/wp-content\/uploads\/checkmark-icon.webp?resize=100%2C100&amp;ssl=1 100w\" sizes=\"auto, (max-width: 148px) 100vw, 148px\" \/>\t\t\t\t\t<\/div>\n\t\t\t\t<\/div>\n\t\t\t<\/div>\n\t\t\t\t<div class=\"icon-box-text last-reset\">\n\t\t\t\t\t\t\t\t\t\n<p><strong> Onboarding og st\u00f8tte for partnere<\/strong>, formater og publiseringskrav.<\/p>\n\t\t<\/div>\n\t<\/div>\n\t\n\t\n\t\t\n<style>\n#stack-1254201437 > * {\n  --stack-gap: 0.5rem;\n}\n<\/style>\n\t<\/div>\n\t\n\t<div id=\"gap-74663407\" class=\"gap-element clearfix\" style=\"display:block; height:auto;\">\n\t\t\n<style>\n#gap-74663407 {\n  padding-top: 20px;\n}\n<\/style>\n\t<\/div>\n\t\n\t<div id=\"text-1128292173\" class=\"text\">\n\t\t\n<p><strong>Prisen avhenger <\/strong>av antall forhandlere\/partnere, SKU-volum, krav til bilder\/ressurser, og \u00f8nskede integrasjoner\/kanaler.<\/p>\n\t\t\n<style>\n#text-1128292173 {\n  font-size: 0.9rem;\n}\n<\/style>\n\t<\/div>\n\t\n\t<div id=\"gap-711374930\" class=\"gap-element clearfix\" style=\"display:block; height:auto;\">\n\t\t\n<style>\n#gap-711374930 {\n  padding-top: 20px;\n}\n<\/style>\n\t<\/div>\n\t\n<a href=\"https:\/\/produp.ai\/no\/book-demo\/\" class=\"button white expand\" style=\"border-radius:20px;padding:10px 0px 10px 0px;\">\n\t\t<span>Book demo<\/span>\n\t<\/a>\n\n\t\t<\/div>\n\t\t\t\t\n<style>\n#col-1512378184 > .col-inner {\n  padding: 40px;\n}\n<\/style>\n\t<\/div>\n\n\t\n\n<style>\n#row-1236807134 > .col > .col-inner {\n  padding: 12% 10% 10% 10%;\n  border-radius: 20px;\n}\n@media (min-width:550px) {\n  #row-1236807134 > .col > .col-inner {\n    padding: 8% 8% 6% 8%;\n  }\n}\n@media (min-width:850px) {\n  #row-1236807134 > .col > .col-inner {\n    padding: 10% 12% 8% 12%;\n  }\n}\n<\/style>\n<\/div>\n<\/div><\/div><\/div>\n\t\t<\/div>\n\n\t\t\n<style>\n#section_1416113989 {\n  padding-top: 60px;\n  padding-bottom: 60px;\n  background-color: rgb(10, 15, 28);\n}\n@media (min-width:550px) {\n  #section_1416113989 {\n    padding-top: 100px;\n    padding-bottom: 100px;\n  }\n}\n<\/style>\n\t<\/section>\n\t\n","protected":false},"excerpt":{"rendered":"","protected":false},"author":1,"featured_media":0,"parent":0,"menu_order":0,"comment_status":"closed","ping_status":"closed","template":"page-blank.php","meta":{"footnotes":""},"class_list":["post-1492","page","type-page","status-publish","hentry"],"jetpack_sharing_enabled":true,"_links":{"self":[{"href":"https:\/\/produp.ai\/no\/wp-json\/wp\/v2\/pages\/1492","targetHints":{"allow":["GET"]}}],"collection":[{"href":"https:\/\/produp.ai\/no\/wp-json\/wp\/v2\/pages"}],"about":[{"href":"https:\/\/produp.ai\/no\/wp-json\/wp\/v2\/types\/page"}],"author":[{"embeddable":true,"href":"https:\/\/produp.ai\/no\/wp-json\/wp\/v2\/users\/1"}],"replies":[{"embeddable":true,"href":"https:\/\/produp.ai\/no\/wp-json\/wp\/v2\/comments?post=1492"}],"version-history":[{"count":6,"href":"https:\/\/produp.ai\/no\/wp-json\/wp\/v2\/pages\/1492\/revisions"}],"predecessor-version":[{"id":1626,"href":"https:\/\/produp.ai\/no\/wp-json\/wp\/v2\/pages\/1492\/revisions\/1626"}],"wp:attachment":[{"href":"https:\/\/produp.ai\/no\/wp-json\/wp\/v2\/media?parent=1492"}],"curies":[{"name":"wp","href":"https:\/\/api.w.org\/{rel}","templated":true}]}}