{"id":1235,"date":"2021-03-19T13:44:55","date_gmt":"2021-03-19T12:44:55","guid":{"rendered":"https:\/\/produp.ai\/om\/"},"modified":"2026-03-26T13:06:22","modified_gmt":"2026-03-26T12:06:22","slug":"om","status":"publish","type":"page","link":"https:\/\/produp.ai\/sv\/om\/","title":{"rendered":"Om oss"},"content":{"rendered":"\n\t<section class=\"section dark\" id=\"section_573783946\">\n\t\t<div class=\"section-bg fill\" >\n\t\t\t\t\t\t\t\t\t\n\t\t\t\n\n\t\t<\/div>\n\n\t\t\n\n\t\t<div class=\"section-content relative\">\n\t\t\t\n<div class=\"row align-middle align-center\"  id=\"row-1902651365\">\n\n\t<div id=\"col-1401545506\" class=\"col medium-6 small-12 large-4\"  >\n\t\t\t\t<div class=\"col-inner\"  >\n\t\t\t\n\t\t\t\n<div class=\"row row-collapse\"  id=\"row-1535006909\">\n\n\t<div id=\"col-2112392105\" class=\"col medium-10 small-12 large-11\"  >\n\t\t\t\t<div class=\"col-inner\"  >\n\t\t\t\n\t\t\t\n<h1>Om ProdUp<\/h1>\n\t\t<\/div>\n\t\t\t\t\t<\/div>\n\n\t\n<\/div>\n<p><strong>Produktdata \u2013 r\u00e4tt gjort.<\/strong><br \/>ProdUp hj\u00e4lper klock\u00e5terf\u00f6rs\u00e4ljare och varum\u00e4rken att h\u00e5lla produktinformationen korrekt, konsekvent och redo att publiceras. Vi omvandlar r\u00f6riga indata \u2013 specifikationer, priser, beskrivningar och bilder \u2013 till en ren och strukturerad helhet som f\u00f6rblir synkroniserad \u00f6ver tid. <\/p>\n\t<div id=\"gap-85812992\" class=\"gap-element clearfix\" style=\"display:block; height:auto;\">\n\t\t\n<style>\n#gap-85812992 {\n  padding-top: 30px;\n}\n<\/style>\n\t<\/div>\n\t\n\t<div id=\"stack-514193893\" class=\"stack stack-row justify-start items-stretch sm:stack-row sm:justify-between\">\n\t\t\n<a href=\"https:\/\/produp.ai\/sv\/boka-demo\/\" class=\"button secondary reveal-icon\" style=\"border-radius:10px;\">\n\t\t<span>Beg\u00e4r demo<\/span>\n\t<i class=\"icon-angle-right\" aria-hidden=\"true\"><\/i><\/a>\n\n<a href=\"https:\/\/produp.ai\/sv\/video\/\" class=\"button white is-link\" style=\"border-radius:10px;\">\n\t\t<span>Se video<\/span>\n\t<i class=\"icon-play\" aria-hidden=\"true\"><\/i><\/a>\n\n\t\t\n<style>\n#stack-514193893 > * {\n  --stack-gap: 1rem;\n}\n@media (min-width:550px) {\n  #stack-514193893 > * {\n    --stack-gap: 2rem;\n  }\n}\n<\/style>\n\t<\/div>\n\t\n\t\t<\/div>\n\t\t\t\t\t<\/div>\n\n\t\n\n\t<div id=\"col-4341599\" class=\"col medium-6 small-12 large-5\"  >\n\t\t\t\t<div class=\"col-inner\"  >\n\t\t\t\n\t\t\t\n\t<div class=\"img has-hover x md-x lg-x y md-y lg-y\" id=\"image_646244355\">\n\t\t\t\t\t\t\t\t<div class=\"img-inner dark\" >\n\t\t\t<img data-recalc-dims=\"1\" loading=\"lazy\" decoding=\"async\" width=\"1020\" height=\"673\" src=\"https:\/\/i0.wp.com\/produp.ai\/wp-content\/uploads\/Screenshot-2023-11-27-at-22.26.57.png?resize=1020%2C673&#038;ssl=1\" class=\"attachment-original size-original\" alt=\"\" srcset=\"https:\/\/i0.wp.com\/produp.ai\/wp-content\/uploads\/Screenshot-2023-11-27-at-22.26.57.png?w=1836&amp;ssl=1 1836w, https:\/\/i0.wp.com\/produp.ai\/wp-content\/uploads\/Screenshot-2023-11-27-at-22.26.57.png?resize=300%2C198&amp;ssl=1 300w, https:\/\/i0.wp.com\/produp.ai\/wp-content\/uploads\/Screenshot-2023-11-27-at-22.26.57.png?resize=1024%2C676&amp;ssl=1 1024w, https:\/\/i0.wp.com\/produp.ai\/wp-content\/uploads\/Screenshot-2023-11-27-at-22.26.57.png?resize=768%2C507&amp;ssl=1 768w, https:\/\/i0.wp.com\/produp.ai\/wp-content\/uploads\/Screenshot-2023-11-27-at-22.26.57.png?resize=1536%2C1014&amp;ssl=1 1536w, https:\/\/i0.wp.com\/produp.ai\/wp-content\/uploads\/Screenshot-2023-11-27-at-22.26.57.png?resize=600%2C396&amp;ssl=1 600w\" sizes=\"auto, (max-width: 1020px) 100vw, 1020px\" \/>\t\t\t\t\t\t\n\t\t\t\t\t<\/div>\n\t\t\t\t\t\t\t\t\n<style>\n#image_646244355 {\n  width: 100%;\n}\n<\/style>\n\t<\/div>\n\t\n\t<div id=\"text-640263069\" class=\"text\">\n\t\t\n<p style=\"color:#94A3B8;\"><em>Fr\u00e5n v\u00e4nster: Leiv Kristian Steig (ProdUp-grundare), Werner Aisslinger (NOMOS Glash\u00fctte Autobahn Designer), Ole Straume Andersen (ProdUp-grundare)<\/em><\/p>\n\t\t\n<style>\n#text-640263069 {\n  font-size: 0.85rem;\n}\n<\/style>\n\t<\/div>\n\t\n\t\t<\/div>\n\t\t\t\t\t<\/div>\n\n\t\n<\/div>\n\t<div id=\"gap-1737830173\" class=\"gap-element clearfix\" style=\"display:block; height:auto;\">\n\t\t\n<style>\n#gap-1737830173 {\n  padding-top: 0px;\n}\n@media (min-width:550px) {\n  #gap-1737830173 {\n    padding-top: 80px;\n  }\n}\n<\/style>\n\t<\/div>\n\t\n\t\t<\/div>\n\n\t\t\n<style>\n#section_573783946 {\n  padding-top: 60px;\n  padding-bottom: 60px;\n  background-color: rgb(10, 15, 28);\n}\n@media (min-width:550px) {\n  #section_573783946 {\n    padding-top: 100px;\n    padding-bottom: 100px;\n  }\n}\n<\/style>\n\t<\/section>\n\t\n\n\t<section class=\"section has-parallax\" id=\"section_1246875525\">\n\t\t<div class=\"section-bg fill\" data-parallax-container=\".section\" data-parallax-background data-parallax=\"-7\">\n\t\t\t<img data-recalc-dims=\"1\" loading=\"lazy\" decoding=\"async\" width=\"1020\" height=\"680\" src=\"https:\/\/i0.wp.com\/produp.ai\/wp-content\/uploads\/2022\/02\/urmakerjermstad_jan21_studioistad_013.jpeg?resize=1020%2C680&#038;ssl=1\" class=\"bg attachment- size-\" alt=\"\" \/>\t\t\t\t\t\t\n\t\t\t\n\n\t\t<\/div>\n\n\t\t\n\n\t\t<div class=\"section-content relative\">\n\t\t\t\n\t\t<\/div>\n\n\t\t\n<style>\n#section_1246875525 {\n  padding-top: 30px;\n  padding-bottom: 30px;\n  min-height: 200px;\n}\n#section_1246875525 .section-bg img {\n  object-position: 58% 44%;\n}\n@media (min-width:550px) {\n  #section_1246875525 {\n    min-height: 300px;\n  }\n}\n@media (min-width:850px) {\n  #section_1246875525 {\n    min-height: 350px;\n  }\n}\n<\/style>\n\t<\/section>\n\t\n\n\t<section class=\"section\" id=\"section_1251097066\">\n\t\t<div class=\"section-bg fill\" >\n\t\t\t\t\t\t\t\t\t\n\t\t\t\n\n\t\t<\/div>\n\n\t\t\n\n\t\t<div class=\"section-content relative\">\n\t\t\t\n<div class=\"row row-large align-middle align-center\"  id=\"row-2011756463\">\n\n\t<div id=\"col-298407850\" class=\"col medium-12 small-12 large-4\"  >\n\t\t\t\t<div class=\"col-inner\"  >\n\t\t\t\n\t\t\t\n\n  <div class=\"banner has-hover has-video\" id=\"banner-944960635\">\n          <div class=\"banner-inner fill\">\n        <div class=\"banner-bg fill\" >\n            <img loading=\"lazy\" decoding=\"async\" width=\"1020\" height=\"425\" src=\"https:\/\/i0.wp.com\/produp.ai\/wp-content\/uploads\/Watchmovement.jpg?fit=1020%2C425&amp;ssl=1\" class=\"bg attachment-large size-large\" alt=\"\" \/>            \t<div class=\"video-overlay no-click fill visible\"><\/div>\n\t<video class=\"video-bg fill visible\" preload playsinline autoplay muted loop>\n\t\t<source src=\"https:\/\/produp.ai\/wp-content\/uploads\/Nomos-factory-some-SD-480p-1.mov\" type=\"video\/mp4\">\t<\/video>\n                        \n                    <\/div>\n\t\t\n        <div class=\"banner-layers container\">\n            <div class=\"fill banner-link\"><\/div>            \n        <\/div>\n      <\/div>\n\n            \n<style>\n#banner-944960635 {\n  padding-top: 250px;\n  background-color: rgb(255, 255, 255);\n}\n#banner-944960635 .banner-bg img {\n  object-position: 45% 31%;\n}\n@media (min-width:550px) {\n  #banner-944960635 {\n    padding-top: 350px;\n  }\n}\n@media (min-width:850px) {\n  #banner-944960635 {\n    padding-top: 60%;\n  }\n}\n<\/style>\n  <\/div>\n\n\n\t<div id=\"gap-552855095\" class=\"gap-element clearfix\" style=\"display:block; height:auto;\">\n\t\t\n<style>\n#gap-552855095 {\n  padding-top: 15px;\n}\n<\/style>\n\t<\/div>\n\t\n\t<div id=\"text-2469711875\" class=\"text\">\n\t\t\n<p><em>ProdUp-bes\u00f6k p\u00e5 NOMOS Glash\u00fctte-fabriken<\/em><\/p>\n\t\t\n<style>\n#text-2469711875 {\n  font-size: 0.85rem;\n}\n<\/style>\n\t<\/div>\n\t\n\t\t<\/div>\n\t\t\t\t\t<\/div>\n\n\t\n\n\t<div id=\"col-1649731653\" class=\"col medium-12 small-12 large-6 small-col-first\"  >\n\t\t\t\t<div class=\"col-inner\"  >\n\t\t\t\n\t\t\t\n\t<div id=\"text-3187434292\" class=\"text\">\n\t\t\n<h2>Varf\u00f6r vi byggde ProdUp<\/h2>\n\t\t\n<style>\n#text-3187434292 {\n  font-size: 1.25rem;\n}\n<\/style>\n\t<\/div>\n\t\n<p>Inom klockhandeln skapar sm\u00e5 dataproblem stora problem: felaktiga filter, felaktiga specifikationer, bilder som inte st\u00e4mmer \u00f6verens och produktsidor som inte matchar varum\u00e4rkets avsikt. Det g\u00e5r inte att \u00e5tg\u00e4rda manuellt &#8211; s\u00e4rskilt inte n\u00e4r katalogerna \u00e4ndras varje vecka. <\/p>\n<p>ProdUp byggdes f\u00f6r att vara lagret mellan k\u00e4lldata och butiksf\u00f6nster. Vi standardiserar, validerar och publicerar produktinneh\u00e5ll s\u00e5 att teamen kan lita p\u00e5 vad som finns online, utan st\u00e4ndig upprensning. <\/p>\n\t<div id=\"gap-622664832\" class=\"gap-element clearfix\" style=\"display:block; height:auto;\">\n\t\t\n<style>\n#gap-622664832 {\n  padding-top: 10px;\n}\n<\/style>\n\t<\/div>\n\t\n<ul>\n<li><strong>Ren struktur:<\/strong> konsekventa f\u00e4lt och attribut f\u00f6r alla varum\u00e4rken<\/li>\n<li><strong>Validering<\/strong>: s\u00e4kerst\u00e4ll komplett och korrekt data f\u00f6re publicering<\/li>\n<li><strong>Enhetligt bildmaterial<\/strong>: enhetliga bildregler f\u00f6r konsekvent presentation i produkt\u00f6versikter<\/li>\n<li><strong>Kontinuerliga uppdateringar<\/strong>: f\u00f6r\u00e4ndringar hanteras i samma fl\u00f6de, l\u00f6pande \u00f6ver tid<\/li>\n<\/ul>\n\t<div id=\"gap-106478023\" class=\"gap-element clearfix\" style=\"display:block; height:auto;\">\n\t\t\n<style>\n#gap-106478023 {\n  padding-top: 10px;\n}\n<\/style>\n\t<\/div>\n\t\n<p>Vi har ett n\u00e4ra samarbete med \u00e5terf\u00f6rs\u00e4ljare, varum\u00e4rkespartners och POS\/e-handelssystem f\u00f6r att se till att enhetlig produktinformation \u00e5terspeglas \u00f6verallt &#8211; i butiken, i interna system och i marknadsf\u00f6ringen.<\/p>\n\t<div id=\"gap-947365308\" class=\"gap-element clearfix\" style=\"display:block; height:auto;\">\n\t\t\n<style>\n#gap-947365308 {\n  padding-top: 10px;\n}\n@media (min-width:550px) {\n  #gap-947365308 {\n    padding-top: 30px;\n  }\n}\n<\/style>\n\t<\/div>\n\t\n<a href=\"https:\/\/produp.ai\/sv\/kontakt\/\" class=\"button secondary\" style=\"border-radius:20px;padding:10px 25px 10px 25px;\">\n\t\t<span>L\u00e5t oss samarbeta<\/span>\n\t<\/a>\n\n\t\t<\/div>\n\t\t\t\t\n<style>\n#col-1649731653 > .col-inner {\n  padding: 0px 0px 0px 0%;\n  margin: 0px 0px 0 0px;\n}\n@media (min-width:850px) {\n  #col-1649731653 > .col-inner {\n    padding: 0px 0px 0px 15%;\n    margin: 0px 0px -17px 0px;\n  }\n}\n<\/style>\n\t<\/div>\n\n\t\n<\/div>\n\t\t<\/div>\n\n\t\t\n<style>\n#section_1251097066 {\n  padding-top: 80px;\n  padding-bottom: 80px;\n  background-color: rgb(255, 255, 255);\n}\n@media (min-width:550px) {\n  #section_1251097066 {\n    padding-top: 115px;\n    padding-bottom: 115px;\n  }\n}\n@media (min-width:850px) {\n  #section_1251097066 {\n    padding-top: 135px;\n    padding-bottom: 135px;\n  }\n}\n<\/style>\n\t<\/section>\n\t\n\n\t<section class=\"section dark\" id=\"section_1986952976\">\n\t\t<div class=\"section-bg fill\" >\n\t\t\t\t\t\t\t\t\t\n\t\t\t\n\n\t\t<\/div>\n\n\t\t\n\n\t\t<div class=\"section-content relative\">\n\t\t\t\n\n<div class=\"row align-center\"  id=\"row-1562425109\">\n\n\n\t<div id=\"col-1837257867\" class=\"col medium-9 small-12 large-6\"  >\n\t\t\t\t<div class=\"col-inner text-center\"  >\n\t\t\t\n\t\t\t\n\n\t<div id=\"text-3944898375\" class=\"text\">\n\t\t\n\n<h2>\u00c4r du redo att rensa upp i din katalog?<\/h2>\n<p>Centralisera produktdata och media, validera inneh\u00e5ll och h\u00e5ll alla \u00e5terf\u00f6rs\u00e4ljare uppdaterade - automatiskt.<\/p>\n\t\t\n<style>\n#text-3944898375 {\n  text-align: center;\n}\n<\/style>\n\t<\/div>\n\t\n\t<div id=\"gap-677873462\" class=\"gap-element clearfix\" style=\"display:block; height:auto;\">\n\t\t\n<style>\n#gap-677873462 {\n  padding-top: 15px;\n}\n<\/style>\n\t<\/div>\n\t\n\n<a href=\"https:\/\/produp.ai\/sv\/boka-demo\/\" class=\"button secondary reveal-icon\" style=\"border-radius:20px;padding:10px 50px 10px 50px;\">\n\t\t<span>Boka demo<\/span>\n\t<i class=\"icon-angle-right\" aria-hidden=\"true\"><\/i><\/a>\n\n\n\t<div id=\"gap-1937256869\" class=\"gap-element clearfix\" style=\"display:block; height:auto;\">\n\t\t\n<style>\n#gap-1937256869 {\n  padding-top: 10px;\n}\n<\/style>\n\t<\/div>\n\t\n\n\t<div id=\"text-2286619842\" class=\"text\">\n\t\t\n\n<p>WooCommerce via API idag. Andra plattformar tillg\u00e4ngliga p\u00e5 beg\u00e4ran. <\/p>\n\n\t\t\n<style>\n#text-2286619842 {\n  font-size: 0.75rem;\n  text-align: center;\n}\n<\/style>\n\t<\/div>\n\t\n\n\t\t<\/div>\n\t\t\t\t\t<\/div>\n\n\t\n\n<\/div>\n\n\t\t<\/div>\n\n\t\t\n<style>\n#section_1986952976 {\n  padding-top: 60px;\n  padding-bottom: 60px;\n  background-color: #001f3f;\n}\n@media (min-width:550px) {\n  #section_1986952976 {\n    padding-top: 90px;\n    padding-bottom: 90px;\n  }\n}\n@media (min-width:850px) {\n  #section_1986952976 {\n    padding-top: 150px;\n    padding-bottom: 150px;\n  }\n}\n<\/style>\n\t<\/section>\n\t\n","protected":false},"excerpt":{"rendered":"","protected":false},"author":1,"featured_media":0,"parent":0,"menu_order":0,"comment_status":"closed","ping_status":"closed","template":"page-blank.php","meta":{"footnotes":""},"class_list":["post-1235","page","type-page","status-publish","hentry"],"jetpack_sharing_enabled":true,"_links":{"self":[{"href":"https:\/\/produp.ai\/sv\/wp-json\/wp\/v2\/pages\/1235","targetHints":{"allow":["GET"]}}],"collection":[{"href":"https:\/\/produp.ai\/sv\/wp-json\/wp\/v2\/pages"}],"about":[{"href":"https:\/\/produp.ai\/sv\/wp-json\/wp\/v2\/types\/page"}],"author":[{"embeddable":true,"href":"https:\/\/produp.ai\/sv\/wp-json\/wp\/v2\/users\/1"}],"replies":[{"embeddable":true,"href":"https:\/\/produp.ai\/sv\/wp-json\/wp\/v2\/comments?post=1235"}],"version-history":[{"count":10,"href":"https:\/\/produp.ai\/sv\/wp-json\/wp\/v2\/pages\/1235\/revisions"}],"predecessor-version":[{"id":1656,"href":"https:\/\/produp.ai\/sv\/wp-json\/wp\/v2\/pages\/1235\/revisions\/1656"}],"wp:attachment":[{"href":"https:\/\/produp.ai\/sv\/wp-json\/wp\/v2\/media?parent=1235"}],"curies":[{"name":"wp","href":"https:\/\/api.w.org\/{rel}","templated":true}]}}