{"id":1284,"date":"2023-11-27T21:24:26","date_gmt":"2023-11-27T20:24:26","guid":{"rendered":"https:\/\/produp.ai\/produp-for-aterforsaljare\/"},"modified":"2026-03-26T13:00:31","modified_gmt":"2026-03-26T12:00:31","slug":"produp-for-aterforsaljare","status":"publish","type":"page","link":"https:\/\/produp.ai\/sv\/produp-for-aterforsaljare\/","title":{"rendered":"ProdUp f\u00f6r \u00e5terf\u00f6rs\u00e4ljare"},"content":{"rendered":"\n\t<section class=\"section dark\" id=\"section_794787943\">\n\t\t<div class=\"section-bg fill\" >\n\t\t\t\t\t\t\t\t\t\n\t\t\t\n\n\t\t<\/div>\n\n\t\t\n\n\t\t<div class=\"section-content relative\">\n\t\t\t\n<div class=\"row align-middle align-center\"  id=\"row-1688672360\">\n\n\t<div id=\"col-926240356\" class=\"col medium-5 small-12 large-4\"  >\n\t\t\t\t<div class=\"col-inner\"  >\n\t\t\t\n\t\t\t\n<div class=\"row row-collapse\"  id=\"row-1864758061\">\n\n\t<div id=\"col-1734837466\" class=\"col medium-10 small-12 large-11\"  >\n\t\t\t\t<div class=\"col-inner\"  >\n\t\t\t\n\t\t\t\n<h1>ProdUp f\u00f6r \u00e5terf\u00f6rs\u00e4ljare<\/h1>\n\t\t<\/div>\n\t\t\t\t\t<\/div>\n\n\t\n<\/div>\n<p>Lansera en komplett och korrekt klockkatalog snabbare \u2013 utan manuell produktupps\u00e4ttning.<br \/>ProdUP omvandlar varum\u00e4rkesdata till butiksf\u00e4rdiga produktlistningar och h\u00e5ller priser, specifikationer och bilder konsekventa \u00f6ver tid.<\/p>\n\t<div id=\"gap-764969472\" class=\"gap-element clearfix\" style=\"display:block; height:auto;\">\n\t\t\n<style>\n#gap-764969472 {\n  padding-top: 10px;\n}\n<\/style>\n\t<\/div>\n\t\n\t<div id=\"text-1590720530\" class=\"text\">\n\t\t\n<p><strong>WooCommerce via API.<\/strong> V\u00e4lj utkast eller live, automatisk eller manuell publicering samt standardregler f\u00f6r lagerstatus (i lager\/restorder\/slut i lager).<\/p>\n\t\t\n<style>\n#text-1590720530 {\n  font-size: 0.85rem;\n}\n<\/style>\n\t<\/div>\n\t\n\t<div id=\"gap-2079223763\" class=\"gap-element clearfix\" style=\"display:block; height:auto;\">\n\t\t\n<style>\n#gap-2079223763 {\n  padding-top: 30px;\n}\n<\/style>\n\t<\/div>\n\t\n\t<div id=\"stack-68312300\" class=\"stack stack-row justify-start items-stretch sm:stack-row sm:justify-between\">\n\t\t\n<a href=\"https:\/\/produp.ai\/sv\/boka-demo\/\" class=\"button secondary reveal-icon\" style=\"border-radius:10px;\">\n\t\t<span>Beg\u00e4r demo<\/span>\n\t<i class=\"icon-angle-right\" aria-hidden=\"true\"><\/i><\/a>\n\n<a href=\"https:\/\/produp.ai\/sv\/video\/\" class=\"button white is-link\" style=\"border-radius:10px;\">\n\t\t<span>Se video<\/span>\n\t<i class=\"icon-play\" aria-hidden=\"true\"><\/i><\/a>\n\n\t\t\n<style>\n#stack-68312300 > * {\n  --stack-gap: 1rem;\n}\n@media (min-width:550px) {\n  #stack-68312300 > * {\n    --stack-gap: 2rem;\n  }\n}\n<\/style>\n\t<\/div>\n\t\n\t\t<\/div>\n\t\t\t\t\t<\/div>\n\n\t\n\n\t<div id=\"col-1763213919\" class=\"col medium-7 small-12 large-5\"  >\n\t\t\t\t<div class=\"col-inner\"  >\n\t\t\t\n\t\t\t\n\n  <div class=\"banner has-hover\" id=\"banner-1394758933\">\n          <div class=\"banner-inner fill\">\n        <div class=\"banner-bg fill\" >\n            <img data-recalc-dims=\"1\" loading=\"lazy\" decoding=\"async\" width=\"1020\" height=\"510\" src=\"https:\/\/i0.wp.com\/produp.ai\/wp-content\/uploads\/Produp-Grapics.gif?resize=1020%2C510&#038;ssl=1\" class=\"bg attachment-original size-original\" alt=\"\" \/>                                    \n                    <\/div>\n\t\t\n        <div class=\"banner-layers container\">\n            <div class=\"fill banner-link\"><\/div>            \n        <\/div>\n      <\/div>\n\n            \n<style>\n#banner-1394758933 {\n  padding-top: 56.25%;\n  background-color: rgb(255,255,255);\n}\n@media (min-width:550px) {\n  #banner-1394758933 {\n    padding-top: 500px;\n  }\n}\n<\/style>\n  <\/div>\n\n\n\t\t<\/div>\n\t\t\t\t\t<\/div>\n\n\t\n<\/div>\n\t<div id=\"gap-17992476\" class=\"gap-element clearfix\" style=\"display:block; height:auto;\">\n\t\t\n<style>\n#gap-17992476 {\n  padding-top: 70px;\n}\n<\/style>\n\t<\/div>\n\t\n\t\t<\/div>\n\n\t\t\n<style>\n#section_794787943 {\n  padding-top: 60px;\n  padding-bottom: 60px;\n  background-color: rgb(10, 15, 28);\n}\n@media (min-width:550px) {\n  #section_794787943 {\n    padding-top: 100px;\n    padding-bottom: 100px;\n  }\n}\n<\/style>\n\t<\/section>\n\t\n\n\t<section class=\"section\" id=\"section_532788617\">\n\t\t<div class=\"section-bg fill\" >\n\t\t\t\t\t\t\t\t\t\n\t\t\t\n\n\t\t<\/div>\n\n\t\t\t<div class=\"ux-shape-divider ux-shape-divider--top ux-shape-divider--style-tilt\">\n\t\t<svg viewBox=\"0 0 1000 100\" xmlns=\"http:\/\/www.w3.org\/2000\/svg\" preserveAspectRatio=\"none\">\n\t<path class=\"ux-shape-fill\" d=\"M1000 100V0L-40 100H1000Z\"\/>\n<\/svg>\n\t<\/div>\n\n\n\t\t<div class=\"section-content relative\">\n\t\t\t\n<div class=\"row row-full-width align-center\"  id=\"row-1897436374\">\n\n\t<div id=\"col-444232315\" class=\"col medium-10 small-12 large-10\"  >\n\t\t\t\t<div class=\"col-inner text-center\"  >\n\t\t\t\n\t\t\t\n<h2>S\u00e5 h\u00e4r fungerar det<\/h2>\n<p>Ett enkelt fl\u00f6de fr\u00e5n varum\u00e4rkesinneh\u00e5ll till rena produktsidor \u2013 byggt f\u00f6r korrekthet.<\/p>\n\t<div id=\"gap-180959796\" class=\"gap-element clearfix\" style=\"display:block; height:auto;\">\n\t\t\n<style>\n#gap-180959796 {\n  padding-top: 10px;\n}\n<\/style>\n\t<\/div>\n\t\n<a href=\"https:\/\/produp.ai\/sv\/boka-demo\/\" class=\"button primary is-underline is-smaller\" style=\"border-radius:10px;\">\n\t\t<span>Beg\u00e4r demo<\/span>\n\t<i class=\"icon-angle-right\" aria-hidden=\"true\"><\/i><\/a>\n\n\t\t<\/div>\n\t\t\t\t\t<\/div>\n\n\t\n<\/div>\n\t<div id=\"gap-388729807\" class=\"gap-element clearfix\" style=\"display:block; height:auto;\">\n\t\t\n<style>\n#gap-388729807 {\n  padding-top: 25px;\n}\n<\/style>\n\t<\/div>\n\t\n<div class=\"row align-equal align-center\"  id=\"row-976852442\">\n\n\t<div id=\"col-1976511256\" class=\"col medium-4 small-12 large-4\"  >\n\t\t\t\t<div class=\"col-inner text-left dark\" style=\"background-color:rgb(17, 24, 39);\" >\n\t\t\t\n\t\t\t\n<h3>Steg 1 &#8211; Anslut och definiera regler<\/h3>\n<p>Anslut din WooCommerce-butik, v\u00e4lj vilka varum\u00e4rken du s\u00e4ljer och best\u00e4m hur produkter ska komma in \u2013 som utkast eller live, med automatisk eller manuell publicering samt standardinst\u00e4llningar f\u00f6r lagerstatus.<\/p>\n\t\t<\/div>\n\t\t\t\t\n<style>\n#col-1976511256 > .col-inner {\n  padding: 25px 25px 25px 25px;\n  border-radius: 20px;\n}\n<\/style>\n\t<\/div>\n\n\t\n\n\t<div id=\"col-113083356\" class=\"col medium-4 small-12 large-4\"  >\n\t\t\t\t<div class=\"col-inner text-left dark\" style=\"background-color:rgb(17, 24, 39);\" >\n\t\t\t\n\t\t\t\n<h3>Steg 2 \u2014 Standardisera och verifiera<\/h3>\n<p>Vi s\u00e4kerst\u00e4ller att all n\u00f6dv\u00e4ndig data finns p\u00e5 plats och normaliserar specifikationer och media \u2013 s\u00e5 att filter, attribut och bildstorlek fungerar konsekvent \u00f6ver olika varum\u00e4rken.<\/p>\n\t\t<\/div>\n\t\t\t\t\n<style>\n#col-113083356 > .col-inner {\n  padding: 25px 25px 25px 25px;\n  border-radius: 20px;\n}\n<\/style>\n\t<\/div>\n\n\t\n\n\t<div id=\"col-1125015370\" class=\"col medium-4 small-12 large-4\"  >\n\t\t\t\t<div class=\"col-inner text-left dark\" style=\"background-color:rgb(17, 24, 39);\" >\n\t\t\t\n\t\t\t\n<h3>Steg 3 \u2013 Publicera och h\u00e5ll allt uppdaterat<\/h3>\n<p>Skicka butiksf\u00e4rdiga produktlistningar via API. Uppdateringar f\u00f6ljer samma fl\u00f6de \u2013 s\u00e5 att priser, beskrivningar, specifikationer och bilder f\u00f6rblir konsekventa \u00f6ver tid. <\/p>\n\t\t<\/div>\n\t\t\t\t\n<style>\n#col-1125015370 > .col-inner {\n  padding: 25px 25px 25px 25px;\n  border-radius: 20px;\n}\n<\/style>\n\t<\/div>\n\n\t\n<\/div>\n\t\t<\/div>\n\n\t\t\n<style>\n#section_532788617 {\n  padding-top: 50px;\n  padding-bottom: 50px;\n  background-color: rgb(255, 255, 255);\n}\n#section_532788617 .ux-shape-divider--top svg {\n  height: 90px;\n  --divider-top-width: 100%;\n}\n@media (min-width:550px) {\n  #section_532788617 {\n    padding-top: 70px;\n    padding-bottom: 70px;\n  }\n}\n<\/style>\n\t<\/section>\n\t\n\n\t<section class=\"section\" id=\"section_1013594111\">\n\t\t<div class=\"section-bg fill\" >\n\t\t\t\t\t\t\t\t\t\n\t\t\t\n\n\t\t<\/div>\n\n\t\t\n\n\t\t<div class=\"section-content relative\">\n\t\t\t\n<div class=\"row align-middle align-center\"  id=\"row-1633627169\">\n\n\t<div id=\"col-1705538760\" class=\"col medium-4 small-12 large-4\"  >\n\t\t\t\t<div class=\"col-inner\"  >\n\t\t\t\n\t\t\t\n\t<div class=\"img has-hover x md-x lg-x y md-y lg-y\" id=\"image_1717634232\">\n\t\t\t\t\t\t\t\t<div class=\"img-inner dark\" >\n\t\t\t<img loading=\"lazy\" decoding=\"async\" width=\"1020\" height=\"510\" src=\"https:\/\/i0.wp.com\/produp.ai\/wp-content\/uploads\/7.png?fit=1020%2C510&amp;ssl=1\" class=\"attachment-large size-large\" alt=\"\" srcset=\"https:\/\/i0.wp.com\/produp.ai\/wp-content\/uploads\/7.png?w=2560&amp;ssl=1 2560w, https:\/\/i0.wp.com\/produp.ai\/wp-content\/uploads\/7.png?resize=300%2C150&amp;ssl=1 300w, https:\/\/i0.wp.com\/produp.ai\/wp-content\/uploads\/7.png?resize=1024%2C512&amp;ssl=1 1024w, https:\/\/i0.wp.com\/produp.ai\/wp-content\/uploads\/7.png?resize=768%2C384&amp;ssl=1 768w, https:\/\/i0.wp.com\/produp.ai\/wp-content\/uploads\/7.png?resize=1536%2C768&amp;ssl=1 1536w, https:\/\/i0.wp.com\/produp.ai\/wp-content\/uploads\/7.png?resize=2048%2C1024&amp;ssl=1 2048w, https:\/\/i0.wp.com\/produp.ai\/wp-content\/uploads\/7.png?resize=600%2C300&amp;ssl=1 600w\" sizes=\"auto, (max-width: 1020px) 100vw, 1020px\" \/>\t\t\t\t\t\t\n\t\t\t\t\t<\/div>\n\t\t\t\t\t\t\t\t\n<style>\n#image_1717634232 {\n  width: 100%;\n}\n<\/style>\n\t<\/div>\n\t\n\t\t<\/div>\n\t\t\t\t\t<\/div>\n\n\t\n\n\t<div id=\"col-1312461373\" class=\"col medium-4 small-12 large-4 small-col-first\"  >\n\t\t\t\t<div class=\"col-inner\"  >\n\t\t\t\n\t\t\t\n<h3>G\u00e5 live snabbare<\/h3>\n<p><strong>Fr\u00e5n varum\u00e4rkesinneh\u00e5ll till produktsidor \u2013 utan omformatering.<\/strong><br \/>Slipp repetitiv upps\u00e4ttning. ProdUP levererar strukturerat, webbshop-redo inneh\u00e5ll s\u00e5 att du kan lansera nya modeller snabbare och h\u00e5lla releaser i r\u00f6relse utan flaskhalsar. <\/p>\n\t\t<\/div>\n\t\t\t\t\t<\/div>\n\n\t\n<\/div>\n\t<div id=\"gap-291568317\" class=\"gap-element clearfix\" style=\"display:block; height:auto;\">\n\t\t\n<style>\n#gap-291568317 {\n  padding-top: 90px;\n}\n<\/style>\n\t<\/div>\n\t\n<div class=\"row align-middle align-center\"  id=\"row-1030332157\">\n\n\t<div id=\"col-1804809792\" class=\"col medium-4 small-12 large-4\"  >\n\t\t\t\t<div class=\"col-inner\"  >\n\t\t\t\n\t\t\t\n<h3>Komplett katalogt\u00e4ckning<\/h3>\n<p><strong>F\u00e4rre saknade SKU:er och f\u00e4rre &#8221;n\u00e4stan r\u00e4tt&#8221;-listningar<\/strong><br \/>H\u00e5ll ett komplett onlinesortiment \u2013 nya lanseringar och varianter inkluderade. Minska luckor och kundf\u00f6rfr\u00e5gningar som orsakas av saknad eller inkonsekvent data. <\/p>\n\t\t<\/div>\n\t\t\t\t\t<\/div>\n\n\t\n\n\t<div id=\"col-1561274862\" class=\"col medium-4 small-12 large-4\"  >\n\t\t\t\t<div class=\"col-inner\"  >\n\t\t\t\n\t\t\t\n\t<div class=\"img has-hover x md-x lg-x y md-y lg-y\" id=\"image_1152240170\">\n\t\t\t\t\t\t\t\t<div class=\"img-inner dark\" >\n\t\t\t<img loading=\"lazy\" decoding=\"async\" width=\"1020\" height=\"510\" src=\"https:\/\/i0.wp.com\/produp.ai\/wp-content\/uploads\/16.png?fit=1020%2C510&amp;ssl=1\" class=\"attachment-large size-large\" alt=\"\" srcset=\"https:\/\/i0.wp.com\/produp.ai\/wp-content\/uploads\/16.png?w=2560&amp;ssl=1 2560w, https:\/\/i0.wp.com\/produp.ai\/wp-content\/uploads\/16.png?resize=300%2C150&amp;ssl=1 300w, https:\/\/i0.wp.com\/produp.ai\/wp-content\/uploads\/16.png?resize=1024%2C512&amp;ssl=1 1024w, https:\/\/i0.wp.com\/produp.ai\/wp-content\/uploads\/16.png?resize=768%2C384&amp;ssl=1 768w, https:\/\/i0.wp.com\/produp.ai\/wp-content\/uploads\/16.png?resize=1536%2C768&amp;ssl=1 1536w, https:\/\/i0.wp.com\/produp.ai\/wp-content\/uploads\/16.png?resize=2048%2C1024&amp;ssl=1 2048w, https:\/\/i0.wp.com\/produp.ai\/wp-content\/uploads\/16.png?resize=600%2C300&amp;ssl=1 600w\" sizes=\"auto, (max-width: 1020px) 100vw, 1020px\" \/>\t\t\t\t\t\t\n\t\t\t\t\t<\/div>\n\t\t\t\t\t\t\t\t\n<style>\n#image_1152240170 {\n  width: 100%;\n}\n<\/style>\n\t<\/div>\n\t\n\t\t<\/div>\n\t\t\t\t\t<\/div>\n\n\t\n<\/div>\n\t<div id=\"gap-44024588\" class=\"gap-element clearfix\" style=\"display:block; height:auto;\">\n\t\t\n<style>\n#gap-44024588 {\n  padding-top: 90px;\n}\n<\/style>\n\t<\/div>\n\t\n<div class=\"row align-middle align-center\"  id=\"row-940279792\">\n\n\t<div id=\"col-2111102409\" class=\"col medium-4 small-12 large-4\"  >\n\t\t\t\t<div class=\"col-inner\"  >\n\t\t\t\n\t\t\t\n\t<div class=\"img has-hover x md-x lg-x y md-y lg-y\" id=\"image_1592243937\">\n\t\t\t\t\t\t\t\t<div class=\"img-inner dark\" >\n\t\t\t<img loading=\"lazy\" decoding=\"async\" width=\"1020\" height=\"510\" src=\"https:\/\/i0.wp.com\/produp.ai\/wp-content\/uploads\/15-1.png?fit=1020%2C510&amp;ssl=1\" class=\"attachment-large size-large\" alt=\"\" srcset=\"https:\/\/i0.wp.com\/produp.ai\/wp-content\/uploads\/15-1.png?w=2560&amp;ssl=1 2560w, https:\/\/i0.wp.com\/produp.ai\/wp-content\/uploads\/15-1.png?resize=300%2C150&amp;ssl=1 300w, https:\/\/i0.wp.com\/produp.ai\/wp-content\/uploads\/15-1.png?resize=1024%2C512&amp;ssl=1 1024w, https:\/\/i0.wp.com\/produp.ai\/wp-content\/uploads\/15-1.png?resize=768%2C384&amp;ssl=1 768w, https:\/\/i0.wp.com\/produp.ai\/wp-content\/uploads\/15-1.png?resize=1536%2C768&amp;ssl=1 1536w, https:\/\/i0.wp.com\/produp.ai\/wp-content\/uploads\/15-1.png?resize=2048%2C1024&amp;ssl=1 2048w, https:\/\/i0.wp.com\/produp.ai\/wp-content\/uploads\/15-1.png?resize=600%2C300&amp;ssl=1 600w\" sizes=\"auto, (max-width: 1020px) 100vw, 1020px\" \/>\t\t\t\t\t\t\n\t\t\t\t\t<\/div>\n\t\t\t\t\t\t\t\t\n<style>\n#image_1592243937 {\n  width: 100%;\n}\n<\/style>\n\t<\/div>\n\t\n\t\t<\/div>\n\t\t\t\t\t<\/div>\n\n\t\n\n\t<div id=\"col-720607748\" class=\"col medium-4 small-12 large-4 small-col-first\"  >\n\t\t\t\t<div class=\"col-inner\"  >\n\t\t\t\n\t\t\t\n<h3>Konsekventa filter och specifikationer<\/h3>\n<p><strong>Standardiserade attribut som fungerar likadant \u00f6ver varum\u00e4rken<\/strong><br \/>ProdUp normaliserar specifikationer till rena attribut \u2013 s\u00e5 att filter, navigering och produktmallar fungerar tillf\u00f6rlitligt. Inga fler problem med &#8221;samma spec, olika format. <\/p>\n\t\t<\/div>\n\t\t\t\t\t<\/div>\n\n\t\n<\/div>\n\t<div id=\"gap-2056480817\" class=\"gap-element clearfix\" style=\"display:block; height:auto;\">\n\t\t\n<style>\n#gap-2056480817 {\n  padding-top: 90px;\n}\n<\/style>\n\t<\/div>\n\t\n<div class=\"row align-middle align-center\"  id=\"row-1115990281\">\n\n\t<div id=\"col-404639457\" class=\"col medium-4 small-12 large-4\"  >\n\t\t\t\t<div class=\"col-inner\"  >\n\t\t\t\n\t\t\t\n<h3>J\u00e4mf\u00f6rbara bilder<\/h3>\n<p><strong>Konsekvent besk\u00e4rning och skala \u2013 s\u00e5 att produkter uppfattas korrekt.<\/strong><br \/>Bilder normaliseras s\u00e5 att produktlistor ser enhetliga ut \u00f6ver olika varum\u00e4rken. Det inneb\u00e4r att en klocka p\u00e5 34 mm faktiskt upplevs som 34 mm \u2013 och inte ser ut som 40 mm bredvid ett annat varum\u00e4rke. <\/p>\n\t\t<\/div>\n\t\t\t\t\t<\/div>\n\n\t\n\n\t<div id=\"col-740230666\" class=\"col medium-4 small-12 large-4\"  >\n\t\t\t\t<div class=\"col-inner\"  >\n\t\t\t\n\t\t\t\n\t<div class=\"img has-hover x md-x lg-x y md-y lg-y\" id=\"image_1483347005\">\n\t\t\t\t\t\t\t\t<div class=\"img-inner dark\" >\n\t\t\t<img loading=\"lazy\" decoding=\"async\" width=\"1020\" height=\"510\" src=\"https:\/\/i0.wp.com\/produp.ai\/wp-content\/uploads\/4.png?fit=1020%2C510&amp;ssl=1\" class=\"attachment-large size-large\" alt=\"\" srcset=\"https:\/\/i0.wp.com\/produp.ai\/wp-content\/uploads\/4.png?w=2560&amp;ssl=1 2560w, https:\/\/i0.wp.com\/produp.ai\/wp-content\/uploads\/4.png?resize=300%2C150&amp;ssl=1 300w, https:\/\/i0.wp.com\/produp.ai\/wp-content\/uploads\/4.png?resize=1024%2C512&amp;ssl=1 1024w, https:\/\/i0.wp.com\/produp.ai\/wp-content\/uploads\/4.png?resize=768%2C384&amp;ssl=1 768w, https:\/\/i0.wp.com\/produp.ai\/wp-content\/uploads\/4.png?resize=1536%2C768&amp;ssl=1 1536w, https:\/\/i0.wp.com\/produp.ai\/wp-content\/uploads\/4.png?resize=2048%2C1024&amp;ssl=1 2048w, https:\/\/i0.wp.com\/produp.ai\/wp-content\/uploads\/4.png?resize=600%2C300&amp;ssl=1 600w\" sizes=\"auto, (max-width: 1020px) 100vw, 1020px\" \/>\t\t\t\t\t\t\n\t\t\t\t\t<\/div>\n\t\t\t\t\t\t\t\t\n<style>\n#image_1483347005 {\n  width: 100%;\n}\n<\/style>\n\t<\/div>\n\t\n\t\t<\/div>\n\t\t\t\t\t<\/div>\n\n\t\n<\/div>\n\t\t<\/div>\n\n\t\t\n<style>\n#section_1013594111 {\n  padding-top: 60px;\n  padding-bottom: 60px;\n}\n@media (min-width:550px) {\n  #section_1013594111 {\n    padding-top: 90px;\n    padding-bottom: 90px;\n  }\n}\n<\/style>\n\t<\/section>\n\t\n\n\t<section class=\"section dark\" id=\"section_1364147435\">\n\t\t<div class=\"section-bg fill\" >\n\t\t\t\t\t\t\t\t\t\n\t\t\t\n\n\t\t<\/div>\n\n\t\t\n\n\t\t<div class=\"section-content relative\">\n\t\t\t\n<div class=\"row align-center\"  id=\"row-1356865524\">\n\n\t<div id=\"col-1155005626\" class=\"col medium-8 small-12 large-8\"  >\n\t\t\t\t<div class=\"col-inner text-center\"  >\n\t\t\t\n\t\t\t\n<h2>Mindre manuellt arbete. Fler korrekta listningar. <\/h2>\n<p>ProdUP minskar manuellt produktarbete och h\u00e5ller katalogen konsekvent \u2013 s\u00e5 att teamet kan fokusera p\u00e5 f\u00f6rs\u00e4ljning, kampanjer och kundupplevelse.<\/p>\n\t<div id=\"gap-1764567065\" class=\"gap-element clearfix\" style=\"display:block; height:auto;\">\n\t\t\n<style>\n#gap-1764567065 {\n  padding-top: 15px;\n}\n<\/style>\n\t<\/div>\n\t\n\t<div id=\"stack-2059771799\" class=\"stack stack-row justify-center items-start sm:stack-column\">\n\t\t\n<a href=\"https:\/\/produp.ai\/sv\/boka-demo\/\" class=\"button secondary reveal-icon\" style=\"border-radius:10px;\">\n\t\t<span>Boka demo<\/span>\n\t<i class=\"icon-angle-right\" aria-hidden=\"true\"><\/i><\/a>\n\n<a href=\"https:\/\/produp.ai\/sv\/varumarken\/\" class=\"button white is-link\" style=\"border-radius:10px;\">\n\t\t<span>Se varum\u00e4rken<\/span>\n\t<i class=\"icon-angle-right\" aria-hidden=\"true\"><\/i><\/a>\n\n\t\t\n<style>\n#stack-2059771799 > * {\n  --stack-gap: 4.5rem;\n}\n<\/style>\n\t<\/div>\n\t\n\t\t<\/div>\n\t\t\t\t\t<\/div>\n\n\t\n<\/div>\n\t\t<\/div>\n\n\t\t\n<style>\n#section_1364147435 {\n  padding-top: 60px;\n  padding-bottom: 60px;\n  background-color: rgb(10, 15, 28);\n}\n@media (min-width:550px) {\n  #section_1364147435 {\n    padding-top: 90px;\n    padding-bottom: 90px;\n  }\n}\n<\/style>\n\t<\/section>\n\t\n\n\t<section class=\"section\" id=\"section_283292567\">\n\t\t<div class=\"section-bg fill\" >\n\t\t\t\t\t\t\t\t\t\n\t\t\t\n\n\t\t<\/div>\n\n\t\t\n\n\t\t<div class=\"section-content relative\">\n\t\t\t\n<div class=\"row align-center\"  id=\"row-751151312\">\n\n\t<div id=\"col-769470023\" class=\"col medium-9 small-12 large-9\"  >\n\t\t\t\t<div class=\"col-inner text-center\"  >\n\t\t\t\n\t\t\t\n<h2>Vanliga fr\u00e5gor<\/h2>\n<p>Snabba svar p\u00e5 vanliga fr\u00e5gor fr\u00e5n \u00e5terf\u00f6rs\u00e4ljare inf\u00f6r onboarding.<\/p>\n\t\t<\/div>\n\t\t\t\t\t<\/div>\n\n\t\n<\/div>\n\t<div id=\"gap-554059356\" class=\"gap-element clearfix\" style=\"display:block; height:auto;\">\n\t\t\n<style>\n#gap-554059356 {\n  padding-top: 25px;\n}\n<\/style>\n\t<\/div>\n\t\n<div class=\"row align-top align-center\"  id=\"row-655037112\">\n\n\t<div id=\"col-141959245\" class=\"col medium-4 small-12 large-4\"  >\n\t\t\t\t<div class=\"col-inner\"  >\n\t\t\t\n\t\t\t\n<h4>Har vi kontroll p\u00e5 publiceringar?<\/h4>\n<p>Ja. Choose draft or live publishing, and decide whether updates are pushed automatically or triggered manually.<\/p>\n\t\t<\/div>\n\t\t\t\t\t<\/div>\n\n\t\n\n\t<div id=\"col-230151769\" class=\"col medium-4 small-12 large-4\"  >\n\t\t\t\t<div class=\"col-inner\"  >\n\t\t\t\n\t\t\t\n<h4>Hur fungerar det med varulager?<\/h4>\n<p>Ja. V\u00e4lj publicering som utkast eller live, och best\u00e4m om uppdateringar ska skickas automatiskt eller triggas manuellt. <\/p>\n\t\t<\/div>\n\t\t\t\t\t<\/div>\n\n\t\n\n\t<div id=\"col-466091720\" class=\"col medium-4 small-12 large-4\"  >\n\t\t\t\t<div class=\"col-inner\"  >\n\t\t\t\n\t\t\t\n<h4>Hur \u00e4r det med bilder och bildstorlek?<\/h4>\n<p>Vi normaliserar besk\u00e4rning och skalning s\u00e5 att bilder ser konsekventa ut \u00f6ver olika varum\u00e4rken \u2013 vilket g\u00f6r att produktlistor och produktsidor upplevs enhetliga.<\/p>\n\t\t<\/div>\n\t\t\t\t\t<\/div>\n\n\t\n<\/div>\n\t\t<\/div>\n\n\t\t\n<style>\n#section_283292567 {\n  padding-top: 50px;\n  padding-bottom: 50px;\n}\n@media (min-width:550px) {\n  #section_283292567 {\n    padding-top: 70px;\n    padding-bottom: 70px;\n  }\n}\n<\/style>\n\t<\/section>\n\t\n","protected":false},"excerpt":{"rendered":"","protected":false},"author":1,"featured_media":0,"parent":0,"menu_order":0,"comment_status":"closed","ping_status":"closed","template":"page-blank.php","meta":{"footnotes":""},"class_list":["post-1284","page","type-page","status-publish","hentry"],"jetpack_sharing_enabled":true,"_links":{"self":[{"href":"https:\/\/produp.ai\/sv\/wp-json\/wp\/v2\/pages\/1284","targetHints":{"allow":["GET"]}}],"collection":[{"href":"https:\/\/produp.ai\/sv\/wp-json\/wp\/v2\/pages"}],"about":[{"href":"https:\/\/produp.ai\/sv\/wp-json\/wp\/v2\/types\/page"}],"author":[{"embeddable":true,"href":"https:\/\/produp.ai\/sv\/wp-json\/wp\/v2\/users\/1"}],"replies":[{"embeddable":true,"href":"https:\/\/produp.ai\/sv\/wp-json\/wp\/v2\/comments?post=1284"}],"version-history":[{"count":19,"href":"https:\/\/produp.ai\/sv\/wp-json\/wp\/v2\/pages\/1284\/revisions"}],"predecessor-version":[{"id":1614,"href":"https:\/\/produp.ai\/sv\/wp-json\/wp\/v2\/pages\/1284\/revisions\/1614"}],"wp:attachment":[{"href":"https:\/\/produp.ai\/sv\/wp-json\/wp\/v2\/media?parent=1284"}],"curies":[{"name":"wp","href":"https:\/\/api.w.org\/{rel}","templated":true}]}}