{"id":1297,"date":"2023-11-27T20:34:54","date_gmt":"2023-11-27T19:34:54","guid":{"rendered":"https:\/\/produp.ai\/video\/"},"modified":"2026-03-26T12:54:04","modified_gmt":"2026-03-26T11:54:04","slug":"video","status":"publish","type":"page","link":"https:\/\/produp.ai\/sv\/video\/","title":{"rendered":"Video"},"content":{"rendered":"\n\t<section class=\"section\" id=\"section_1769909543\">\n\t\t<div class=\"section-bg fill\" >\n\t\t\t\t\t\t\t\t\t\n\t\t\t\n\n\t\t<\/div>\n\n\t\t\n\n\t\t<div class=\"section-content relative\">\n\t\t\t\n<div class=\"row\"  id=\"row-1942332627\">\n\n\t<div id=\"col-2090027291\" class=\"col small-12 large-12\"  >\n\t\t\t\t<div class=\"col-inner text-center\"  >\n\t\t\t\n\t\t\t\n\t<div id=\"gap-825552870\" class=\"gap-element clearfix\" style=\"display:block; height:auto;\">\n\t\t\n<style>\n#gap-825552870 {\n  padding-top: 30px;\n}\n<\/style>\n\t<\/div>\n\t\n<h1>Upplev ProdUP i praktiken<\/h1>\n<p>En plattform f\u00f6r att hantera och dela klockrelaterat produktinneh\u00e5ll \u2013 utan kr\u00e5ngel.<\/p>\n\t<div id=\"gap-1463725250\" class=\"gap-element clearfix\" style=\"display:block; height:auto;\">\n\t\t\n<style>\n#gap-1463725250 {\n  padding-top: 30px;\n}\n<\/style>\n\t<\/div>\n\t\n\t\t<\/div>\n\t\t\t\t\t<\/div>\n\n\t\n<\/div>\n<div class=\"row align-center\"  id=\"row-1432810901\">\n\n\t<div id=\"col-1647846227\" class=\"col medium-7 small-12 large-7\"  >\n\t\t\t\t<div class=\"col-inner\"  >\n\t\t\t\n\t\t\t\n<div class=\"video video-fit mb\" style=\"padding-top:56.25%;\"><p><iframe loading=\"lazy\" title=\"ProdUp Demo Video\" src=\"https:\/\/player.vimeo.com\/video\/1170641178?dnt=1&amp;app_id=122963\" width=\"1020\" height=\"574\" frameborder=\"0\" allow=\"autoplay; fullscreen; picture-in-picture; clipboard-write; encrypted-media; web-share\" referrerpolicy=\"strict-origin-when-cross-origin\"><\/iframe><\/p>\n<\/div>\n\t\t<\/div>\n\t\t\t\t\t<\/div>\n\n\t\n<\/div>\n<div class=\"row align-center\"  id=\"row-1260524552\">\n\n\t<div id=\"col-1619895933\" class=\"col medium-8 small-12 large-8\"  >\n\t\t\t\t<div class=\"col-inner text-center\"  >\n\t\t\t\n\t\t\t\n<div style=\"border-radius:20px;overflow:hidden;box-shadow:0 10px 40px rgba(0,0,0,0.12);\">\n<\/div>\n\t<div id=\"gap-1222371521\" class=\"gap-element clearfix\" style=\"display:block; height:auto;\">\n\t\t\n<style>\n#gap-1222371521 {\n  padding-top: 40px;\n}\n<\/style>\n\t<\/div>\n\t\n<h3>Byggd f\u00f6r klockindustrin<\/h3>\n<p>\nAtt hantera produktinformation ska inte k\u00e4nnas kaotiskt.\n<\/p>\n<p>\nBilder, kalkylblad och beskrivningar \u2013 allt i st\u00e4ndig f\u00f6r\u00e4ndring \u00f6ver \u00e5terf\u00f6rs\u00e4ljare, kampanjer och plattformar.<br \/>ProdUP samlar allt i ett och samma precisionssystem, byggt specifikt f\u00f6r klockvarum\u00e4rken och deras partners.\n<\/p>\n<p>\nCentralisera ditt inneh\u00e5ll, se till att allt h\u00e4nger ihop \u00f6verallt och automatisera uppdateringar som annars bromsar er.<\/p>\n\t<div id=\"gap-1137505749\" class=\"gap-element clearfix\" style=\"display:block; height:auto;\">\n\t\t\n<style>\n#gap-1137505749 {\n  padding-top: 20px;\n}\n<\/style>\n\t<\/div>\n\t\n<p><strong>Vill du se det live?<\/strong><\/p>\n<a href=\"https:\/\/produp.ai\/sv\/boka-demo\/\" class=\"button primary reveal-icon\" style=\"border-radius:10px;\">\n\t\t<span>Beg\u00e4r demo<\/span>\n\t<i class=\"icon-angle-right\" aria-hidden=\"true\"><\/i><\/a>\n\n\t<div id=\"gap-1046152168\" class=\"gap-element clearfix\" style=\"display:block; height:auto;\">\n\t\t\n<style>\n#gap-1046152168 {\n  padding-top: 10px;\n}\n<\/style>\n\t<\/div>\n\t\n<p style=\"font-size:14px;opacity:0.7;\">\nInget \u00e5tagande \u2013 bara en snabb genomg\u00e5ng anpassad efter ditt varum\u00e4rke.<\/p>\n\t\t<\/div>\n\t\t\t\t\t<\/div>\n\n\t\n<\/div>\n\t<div id=\"gap-431975825\" class=\"gap-element clearfix\" style=\"display:block; height:auto;\">\n\t\t\n<style>\n#gap-431975825 {\n  padding-top: 100px;\n}\n<\/style>\n\t<\/div>\n\t\n\t\t<\/div>\n\n\t\t\n<style>\n#section_1769909543 {\n  padding-top: 60px;\n  padding-bottom: 60px;\n}\n@media (min-width:550px) {\n  #section_1769909543 {\n    padding-top: 100px;\n    padding-bottom: 100px;\n  }\n}\n<\/style>\n\t<\/section>\n\t\n\n\t<section class=\"section dark\" id=\"section_990539136\">\n\t\t<div class=\"section-bg fill\" >\n\t\t\t\t\t\t\t\t\t\n\t\t\t\n\n\t\t<\/div>\n\n\t\t\n\n\t\t<div class=\"section-content relative\">\n\t\t\t\n\n<div class=\"row align-center\"  id=\"row-1670851209\">\n\n\n\t<div id=\"col-1082330365\" class=\"col medium-9 small-12 large-6\"  >\n\t\t\t\t<div class=\"col-inner text-center\"  >\n\t\t\t\n\t\t\t\n\n\t<div id=\"text-4132578758\" class=\"text\">\n\t\t\n\n<h2>\u00c4r du redo att rensa upp i din katalog?<\/h2>\n<p>Centralisera produktdata och media, validera inneh\u00e5ll och h\u00e5ll alla \u00e5terf\u00f6rs\u00e4ljare uppdaterade - automatiskt.<\/p>\n\t\t\n<style>\n#text-4132578758 {\n  text-align: center;\n}\n<\/style>\n\t<\/div>\n\t\n\t<div id=\"gap-1348645836\" class=\"gap-element clearfix\" style=\"display:block; height:auto;\">\n\t\t\n<style>\n#gap-1348645836 {\n  padding-top: 15px;\n}\n<\/style>\n\t<\/div>\n\t\n\n<a href=\"https:\/\/produp.ai\/sv\/boka-demo\/\" class=\"button secondary reveal-icon\" style=\"border-radius:20px;padding:10px 50px 10px 50px;\">\n\t\t<span>Boka demo<\/span>\n\t<i class=\"icon-angle-right\" aria-hidden=\"true\"><\/i><\/a>\n\n\n\t<div id=\"gap-1488370955\" class=\"gap-element clearfix\" style=\"display:block; height:auto;\">\n\t\t\n<style>\n#gap-1488370955 {\n  padding-top: 10px;\n}\n<\/style>\n\t<\/div>\n\t\n\n\t<div id=\"text-1327358546\" class=\"text\">\n\t\t\n\n<p>WooCommerce via API idag. Andra plattformar tillg\u00e4ngliga p\u00e5 beg\u00e4ran. <\/p>\n\n\t\t\n<style>\n#text-1327358546 {\n  font-size: 0.75rem;\n  text-align: center;\n}\n<\/style>\n\t<\/div>\n\t\n\n\t\t<\/div>\n\t\t\t\t\t<\/div>\n\n\t\n\n<\/div>\n\n\t\t<\/div>\n\n\t\t\n<style>\n#section_990539136 {\n  padding-top: 60px;\n  padding-bottom: 60px;\n  background-color: #001f3f;\n}\n@media (min-width:550px) {\n  #section_990539136 {\n    padding-top: 90px;\n    padding-bottom: 90px;\n  }\n}\n@media (min-width:850px) {\n  #section_990539136 {\n    padding-top: 150px;\n    padding-bottom: 150px;\n  }\n}\n<\/style>\n\t<\/section>\n\t\n","protected":false},"excerpt":{"rendered":"","protected":false},"author":1,"featured_media":0,"parent":0,"menu_order":0,"comment_status":"closed","ping_status":"closed","template":"page-blank.php","meta":{"footnotes":""},"class_list":["post-1297","page","type-page","status-publish","hentry"],"jetpack_sharing_enabled":true,"_links":{"self":[{"href":"https:\/\/produp.ai\/sv\/wp-json\/wp\/v2\/pages\/1297","targetHints":{"allow":["GET"]}}],"collection":[{"href":"https:\/\/produp.ai\/sv\/wp-json\/wp\/v2\/pages"}],"about":[{"href":"https:\/\/produp.ai\/sv\/wp-json\/wp\/v2\/types\/page"}],"author":[{"embeddable":true,"href":"https:\/\/produp.ai\/sv\/wp-json\/wp\/v2\/users\/1"}],"replies":[{"embeddable":true,"href":"https:\/\/produp.ai\/sv\/wp-json\/wp\/v2\/comments?post=1297"}],"version-history":[{"count":10,"href":"https:\/\/produp.ai\/sv\/wp-json\/wp\/v2\/pages\/1297\/revisions"}],"predecessor-version":[{"id":1594,"href":"https:\/\/produp.ai\/sv\/wp-json\/wp\/v2\/pages\/1297\/revisions\/1594"}],"wp:attachment":[{"href":"https:\/\/produp.ai\/sv\/wp-json\/wp\/v2\/media?parent=1297"}],"curies":[{"name":"wp","href":"https:\/\/api.w.org\/{rel}","templated":true}]}}