{"id":1413,"date":"2023-11-27T22:46:21","date_gmt":"2023-11-27T21:46:21","guid":{"rendered":"https:\/\/produp.ai\/varumarken\/"},"modified":"2026-03-04T15:02:02","modified_gmt":"2026-03-04T14:02:02","slug":"varumarken","status":"publish","type":"page","link":"https:\/\/produp.ai\/sv\/varumarken\/","title":{"rendered":"Varum\u00e4rken"},"content":{"rendered":"\n\t<section class=\"section\" id=\"section_2057854471\">\n\t\t<div class=\"section-bg fill\" >\n\t\t\t\t\t\t\t\t\t\n\t\t\t\n\n\t\t<\/div>\n\n\t\t\n\n\t\t<div class=\"section-content relative\">\n\t\t\t\n<div class=\"row align-middle align-center\"  id=\"row-444961068\">\n\n\t<div id=\"col-1976865\" class=\"col medium-7 small-12 large-8\"  >\n\t\t\t\t<div class=\"col-inner text-center\"  >\n\t\t\t\n\t\t\t\n<h1>Varum\u00e4rken vi st\u00f6djer<\/h1>\n\t<div id=\"gap-764082517\" class=\"gap-element clearfix\" style=\"display:block; height:auto;\">\n\t\t\n<style>\n#gap-764082517 {\n  padding-top: 10px;\n}\n<\/style>\n\t<\/div>\n\t\n<p>Vi st\u00f6djer ett v\u00e4xande utbud av klockvarum\u00e4rken. Om du inte ser ditt varum\u00e4rke listat, <a href=\"https:\/\/produp.ai\/sv\/kontakt\/\">kontakta oss<\/a> \u2013 s\u00e5 ber\u00e4ttar vi vad som finns tillg\u00e4ngligt och hur snabbt vi kan l\u00e4gga till fler. <\/p>\n\t<div id=\"gap-1150168212\" class=\"gap-element clearfix\" style=\"display:block; height:auto;\">\n\t\t\n<style>\n#gap-1150168212 {\n  padding-top: 25px;\n}\n<\/style>\n\t<\/div>\n\t\n\t<div id=\"stack-2895518372\" class=\"stack stack-row justify-center items-center\">\n\t\t\n<a href=\"#bbrand\" class=\"button primary is-underline is-xlarge\" >\n\t\t<span>B<\/span>\n\t<\/a>\n\n<a href=\"#cbrand\" class=\"button primary is-underline is-xlarge\" >\n\t\t<span>C<\/span>\n\t<\/a>\n\n<a href=\"#gbrand\" class=\"button primary is-underline is-xlarge\" >\n\t\t<span>G<\/span>\n\t<\/a>\n\n<a href=\"#lbrand\" class=\"button primary is-underline is-xlarge\" >\n\t\t<span>L<\/span>\n\t<\/a>\n\n<a href=\"#obrand\" class=\"button primary is-underline is-xlarge\" >\n\t\t<span>O<\/span>\n\t<\/a>\n\n<a href=\"#rbrand\" class=\"button primary is-underline is-xlarge\" >\n\t\t<span>R<\/span>\n\t<\/a>\n\n<a href=\"#sbrand\" class=\"button primary is-underline is-xlarge\" >\n\t\t<span>S<\/span>\n\t<\/a>\n\n<a href=\"#tbrand\" class=\"button primary is-underline is-xlarge\" >\n\t\t<span>T<\/span>\n\t<\/a>\n\n\t\t\n<style>\n#stack-2895518372 > * {\n  --stack-gap: 1.2rem;\n}\n<\/style>\n\t<\/div>\n\t\n\t\t<\/div>\n\t\t\t\t\t<\/div>\n\n\t\n<\/div>\n\t\t<\/div>\n\n\t\t\n<style>\n#section_2057854471 {\n  padding-top: 60px;\n  padding-bottom: 60px;\n}\n@media (min-width:550px) {\n  #section_2057854471 {\n    padding-top: 100px;\n    padding-bottom: 100px;\n  }\n}\n<\/style>\n\t<\/section>\n\t\n\n\t<section class=\"section\" id=\"section_383550194\">\n\t\t<div class=\"section-bg fill\" >\n\t\t\t\t\t\t\t\t\t\n\t\t\t\n\n\t\t<\/div>\n\n\t\t\n\n\t\t<div class=\"section-content relative\">\n\t\t\t\n\t<div id=\"gap-1297646508\" class=\"gap-element clearfix\" style=\"display:block; height:auto;\">\n\t\t\n<style>\n#gap-1297646508 {\n  padding-top: 25px;\n}\n<\/style>\n\t<\/div>\n\t\n<div class=\"row\"  id=\"row-1264798303\">\n\n\t<div id=\"col-944262318\" class=\"col small-12 large-12\"  >\n\t\t\t\t<div class=\"col-inner\"  >\n\t\t\t\n\t\t\t\n<span class=\"scroll-to\" data-label=\"Scroll to: #bbrand\" data-bullet=\"false\" data-link=\"#bbrand\" data-title=\"Change this\"><a name=\"bbrand\"><\/a><\/span>\n<h2 id=\"bbrand\">B<\/h2>\n<div class=\"row row-small align-middle align-left\"  id=\"row-373809249\">\n\n\t<div id=\"col-1989245742\" class=\"col medium-4 small-12 large-4\"  >\n\t\t\t\t<div class=\"col-inner\"  >\n\t\t\t\n\t\t\t\n\t<div id=\"text-4122995901\" class=\"text\">\n\t\t\n<p><a href=\"\/\">Breitling<\/a><\/p>\n\t\t\n<style>\n#text-4122995901 {\n  font-size: 1.2rem;\n}\n<\/style>\n\t<\/div>\n\t\n\t\t<\/div>\n\t\t\t\t\t<\/div>\n\n\t\n<\/div>\n<div class=\"is-divider divider clearfix\" style=\"max-width:100%;height:1px;\"><\/div>\n\t\t<\/div>\n\t\t\t\t\t<\/div>\n\n\t\n<\/div>\n<div class=\"row\"  id=\"row-1267693808\">\n\n\t<div id=\"col-2137493559\" class=\"col small-12 large-12\"  >\n\t\t\t\t<div class=\"col-inner\"  >\n\t\t\t\n\t\t\t\n<span class=\"scroll-to\" data-label=\"Scroll to: #cbrand\" data-bullet=\"false\" data-link=\"#cbrand\" data-title=\"Change this\"><a name=\"cbrand\"><\/a><\/span>\n<h2 id=\"cbrand\">C<\/h2>\n<div class=\"row row-small align-middle align-left\"  id=\"row-348391297\">\n\n\t<div id=\"col-330422813\" class=\"col medium-4 small-12 large-4\"  >\n\t\t\t\t<div class=\"col-inner\"  >\n\t\t\t\n\t\t\t\n\t<div id=\"text-1065762152\" class=\"text\">\n\t\t\n<p><a href=\"\/\">Casio<\/a><\/p>\n\t\t\n<style>\n#text-1065762152 {\n  font-size: 1.2rem;\n}\n<\/style>\n\t<\/div>\n\t\n\t\t<\/div>\n\t\t\t\t\t<\/div>\n\n\t\n<\/div>\n<div class=\"is-divider divider clearfix\" style=\"max-width:100%;height:1px;\"><\/div>\n\t\t<\/div>\n\t\t\t\t\t<\/div>\n\n\t\n<\/div>\n<div class=\"row\"  id=\"row-1342613524\">\n\n\t<div id=\"col-631638691\" class=\"col small-12 large-12\"  >\n\t\t\t\t<div class=\"col-inner\"  >\n\t\t\t\n\t\t\t\n<span class=\"scroll-to\" data-label=\"Scroll to: #gbrand\" data-bullet=\"false\" data-link=\"#gbrand\" data-title=\"Change this\"><a name=\"gbrand\"><\/a><\/span>\n<h2 id=\"gbrand\">G<\/h2>\n<div class=\"row row-small align-middle align-left\"  id=\"row-1239809297\">\n\n\t<div id=\"col-864519918\" class=\"col medium-4 small-12 large-4\"  >\n\t\t\t\t<div class=\"col-inner\"  >\n\t\t\t\n\t\t\t\n\t<div id=\"text-244468817\" class=\"text\">\n\t\t\n<p><a href=\"\/\">Grand Seiko<\/a><\/p>\n\t\t\n<style>\n#text-244468817 {\n  font-size: 1.2rem;\n}\n<\/style>\n\t<\/div>\n\t\n\t\t<\/div>\n\t\t\t\t\t<\/div>\n\n\t\n<\/div>\n<div class=\"is-divider divider clearfix\" style=\"max-width:100%;height:1px;\"><\/div>\n\t\t<\/div>\n\t\t\t\t\t<\/div>\n\n\t\n<\/div>\n<div class=\"row\"  id=\"row-340111015\">\n\n\t<div id=\"col-1004077039\" class=\"col small-12 large-12\"  >\n\t\t\t\t<div class=\"col-inner\"  >\n\t\t\t\n\t\t\t\n<span class=\"scroll-to\" data-label=\"Scroll to: #lbrand\" data-bullet=\"false\" data-link=\"#lbrand\" data-title=\"Change this\"><a name=\"lbrand\"><\/a><\/span>\n<h2 id=\"lbrand\">L<\/h2>\n<div class=\"row row-small align-middle align-left\"  id=\"row-1857104331\">\n\n\t<div id=\"col-98120457\" class=\"col medium-4 small-12 large-4\"  >\n\t\t\t\t<div class=\"col-inner\"  >\n\t\t\t\n\t\t\t\n\t<div id=\"text-2349054846\" class=\"text\">\n\t\t\n<p><a href=\"https:\/\/produp.ai\/brands\/longines\/\">Longines<\/a><\/p>\n\t\t\n<style>\n#text-2349054846 {\n  font-size: 1.2rem;\n}\n<\/style>\n\t<\/div>\n\t\n\t\t<\/div>\n\t\t\t\t\t<\/div>\n\n\t\n<\/div>\n<div class=\"is-divider divider clearfix\" style=\"max-width:100%;height:1px;\"><\/div>\n\t\t<\/div>\n\t\t\t\t\t<\/div>\n\n\t\n<\/div>\n<div class=\"row\"  id=\"row-1563382383\">\n\n\t<div id=\"col-498953985\" class=\"col small-12 large-12\"  >\n\t\t\t\t<div class=\"col-inner\"  >\n\t\t\t\n\t\t\t\n<span class=\"scroll-to\" data-label=\"Scroll to: #obrand\" data-bullet=\"false\" data-link=\"#obrand\" data-title=\"Change this\"><a name=\"obrand\"><\/a><\/span>\n<h2 id=\"obrand\">O<\/h2>\n<div class=\"row row-small align-middle align-left\"  id=\"row-1121548519\">\n\n\t<div id=\"col-1779325495\" class=\"col medium-4 small-12 large-4\"  >\n\t\t\t\t<div class=\"col-inner\"  >\n\t\t\t\n\t\t\t\n\t<div id=\"text-610742745\" class=\"text\">\n\t\t\n<p><a href=\"https:\/\/produp.ai\/brands\/omega\/\">Omega<\/a><\/p>\n\t\t\n<style>\n#text-610742745 {\n  font-size: 1.2rem;\n}\n<\/style>\n\t<\/div>\n\t\n\t\t<\/div>\n\t\t\t\t\t<\/div>\n\n\t\n\n\t<div id=\"col-351881892\" class=\"col medium-4 small-12 large-4\"  >\n\t\t\t\t<div class=\"col-inner\"  >\n\t\t\t\n\t\t\t\n\t<div id=\"text-3342615136\" class=\"text\">\n\t\t\n<p><a href=\"https:\/\/produp.ai\/brands\/oris\/\">Oris<\/a><\/p>\n\t\t\n<style>\n#text-3342615136 {\n  font-size: 1.2rem;\n}\n<\/style>\n\t<\/div>\n\t\n\t\t<\/div>\n\t\t\t\t\t<\/div>\n\n\t\n<\/div>\n<div class=\"is-divider divider clearfix\" style=\"max-width:100%;height:1px;\"><\/div>\n\t\t<\/div>\n\t\t\t\t\t<\/div>\n\n\t\n<\/div>\n<div class=\"row\"  id=\"row-1655561054\">\n\n\t<div id=\"col-600931\" class=\"col small-12 large-12\"  >\n\t\t\t\t<div class=\"col-inner\"  >\n\t\t\t\n\t\t\t\n<span class=\"scroll-to\" data-label=\"Scroll to: #rbrand\" data-bullet=\"false\" data-link=\"#rbrand\" data-title=\"Change this\"><a name=\"rbrand\"><\/a><\/span>\n<h2 id=\"rbrand\">R<\/h2>\n<div class=\"row row-small align-middle align-left\"  id=\"row-573513807\">\n\n\t<div id=\"col-1593593508\" class=\"col medium-4 small-12 large-4\"  >\n\t\t\t\t<div class=\"col-inner\"  >\n\t\t\t\n\t\t\t\n\t<div id=\"text-2720847957\" class=\"text\">\n\t\t\n<p><a href=\"https:\/\/produp.ai\/brands\/raymond-weil\/\">Raymond Weil<\/a><\/p>\n\t\t\n<style>\n#text-2720847957 {\n  font-size: 1.2rem;\n}\n<\/style>\n\t<\/div>\n\t\n\t\t<\/div>\n\t\t\t\t\t<\/div>\n\n\t\n<\/div>\n<div class=\"is-divider divider clearfix\" style=\"max-width:100%;height:1px;\"><\/div>\n\t\t<\/div>\n\t\t\t\t\t<\/div>\n\n\t\n<\/div>\n<div class=\"row\"  id=\"row-928848821\">\n\n\t<div id=\"col-313322852\" class=\"col small-12 large-12\"  >\n\t\t\t\t<div class=\"col-inner\"  >\n\t\t\t\n\t\t\t\n<span class=\"scroll-to\" data-label=\"Scroll to: #sbrand\" data-bullet=\"false\" data-link=\"#sbrand\" data-title=\"Change this\"><a name=\"sbrand\"><\/a><\/span>\n<h2 id=\"sbrand\">S<\/h2>\n<div class=\"row row-small align-middle align-left\"  id=\"row-1752636360\">\n\n\t<div id=\"col-377703920\" class=\"col medium-4 small-12 large-4\"  >\n\t\t\t\t<div class=\"col-inner\"  >\n\t\t\t\n\t\t\t\n\t<div id=\"text-455312424\" class=\"text\">\n\t\t\n<p><a href=\"https:\/\/produp.ai\/brands\/seiko\/\">Seiko<\/a><\/p>\n\t\t\n<style>\n#text-455312424 {\n  font-size: 1.2rem;\n}\n<\/style>\n\t<\/div>\n\t\n\t\t<\/div>\n\t\t\t\t\t<\/div>\n\n\t\n<\/div>\n<div class=\"is-divider divider clearfix\" style=\"max-width:100%;height:1px;\"><\/div>\n\t\t<\/div>\n\t\t\t\t\t<\/div>\n\n\t\n<\/div>\n<div class=\"row\"  id=\"row-1869714223\">\n\n\t<div id=\"col-192329886\" class=\"col small-12 large-12\"  >\n\t\t\t\t<div class=\"col-inner\"  >\n\t\t\t\n\t\t\t\n<span class=\"scroll-to\" data-label=\"Scroll to: #tbrand\" data-bullet=\"false\" data-link=\"#tbrand\" data-title=\"Change this\"><a name=\"tbrand\"><\/a><\/span>\n<h2 id=\"tbrand\">T<\/h2>\n<div class=\"row row-small align-middle align-left\"  id=\"row-723346332\">\n\n\t<div id=\"col-1920378162\" class=\"col medium-4 small-12 large-4\"  >\n\t\t\t\t<div class=\"col-inner\"  >\n\t\t\t\n\t\t\t\n\t<div id=\"text-2593899487\" class=\"text\">\n\t\t\n<p><a href=\"https:\/\/produp.ai\/brands\/tag-heuer\/\">TAG Heuer<\/a><\/p>\n\t\t\n<style>\n#text-2593899487 {\n  font-size: 1.2rem;\n}\n<\/style>\n\t<\/div>\n\t\n\t\t<\/div>\n\t\t\t\t\t<\/div>\n\n\t\n\n\t<div id=\"col-401823309\" class=\"col medium-4 small-12 large-4\"  >\n\t\t\t\t<div class=\"col-inner\"  >\n\t\t\t\n\t\t\t\n\t<div id=\"text-1185719195\" class=\"text\">\n\t\t\n<p><a href=\"https:\/\/produp.ai\/brands\/tissot\/\">Tissot<\/a><\/p>\n\t\t\n<style>\n#text-1185719195 {\n  font-size: 1.2rem;\n}\n<\/style>\n\t<\/div>\n\t\n\t\t<\/div>\n\t\t\t\t\t<\/div>\n\n\t\n\n\t<div id=\"col-757528734\" class=\"col medium-4 small-12 large-4\"  >\n\t\t\t\t<div class=\"col-inner\"  >\n\t\t\t\n\t\t\t\n\t<div id=\"text-1058576309\" class=\"text\">\n\t\t\n<p><a href=\"https:\/\/produp.ai\/brands\/tudor\/\">Tudor<\/a><\/p>\n\t\t\n<style>\n#text-1058576309 {\n  font-size: 1.2rem;\n}\n<\/style>\n\t<\/div>\n\t\n\t\t<\/div>\n\t\t\t\t\t<\/div>\n\n\t\n<\/div>\n<div class=\"is-divider divider clearfix\" style=\"max-width:100%;height:1px;\"><\/div>\n\t\t<\/div>\n\t\t\t\t\t<\/div>\n\n\t\n<\/div>\n\t\t<\/div>\n\n\t\t\n<style>\n#section_383550194 {\n  padding-top: 0px;\n  padding-bottom: 0px;\n}\n<\/style>\n\t<\/section>\n\t\n\n\t<section class=\"section dark\" id=\"section_367585555\">\n\t\t<div class=\"section-bg fill\" >\n\t\t\t\t\t\t\t\t\t\n\t\t\t\n\n\t\t<\/div>\n\n\t\t\n\n\t\t<div class=\"section-content relative\">\n\t\t\t\n<div class=\"row align-center\"  id=\"row-641968722\">\n\n\t<div id=\"col-171459231\" class=\"col medium-8 small-12 large-8\"  >\n\t\t\t\t<div class=\"col-inner text-center\"  >\n\t\t\t\n\t\t\t\n<h2>Ser du inte ditt varum\u00e4rke?<\/h2>\n<p>Vi adderar l\u00f6pande nya varum\u00e4rken. Ber\u00e4tta vilka varum\u00e4rken ni s\u00e4ljer och vilken plattform ni anv\u00e4nder s\u00e5 \u00e5terkommer vi med alternativ och n\u00e4sta steg. <\/p>\n\t<div id=\"gap-2060283371\" class=\"gap-element clearfix\" style=\"display:block; height:auto;\">\n\t\t\n<style>\n#gap-2060283371 {\n  padding-top: 15px;\n}\n<\/style>\n\t<\/div>\n\t\n<a href=\"https:\/\/produp.ai\/sv\/kontakt\/\" class=\"button secondary\" style=\"border-radius:10px;\">\n\t\t<span>Kontakta oss<\/span>\n\t<i class=\"icon-angle-right\" aria-hidden=\"true\"><\/i><\/a>\n\n\t\t<\/div>\n\t\t\t\t\t<\/div>\n\n\t\n<\/div>\n\t\t<\/div>\n\n\t\t\n<style>\n#section_367585555 {\n  padding-top: 50px;\n  padding-bottom: 50px;\n  background-color: #001f3f;\n}\n@media (min-width:550px) {\n  #section_367585555 {\n    padding-top: 70px;\n    padding-bottom: 70px;\n  }\n}\n<\/style>\n\t<\/section>\n\t\n","protected":false},"excerpt":{"rendered":"","protected":false},"author":1,"featured_media":0,"parent":0,"menu_order":0,"comment_status":"closed","ping_status":"closed","template":"page-blank.php","meta":{"footnotes":""},"class_list":["post-1413","page","type-page","status-publish","hentry"],"jetpack_sharing_enabled":true,"_links":{"self":[{"href":"https:\/\/produp.ai\/sv\/wp-json\/wp\/v2\/pages\/1413","targetHints":{"allow":["GET"]}}],"collection":[{"href":"https:\/\/produp.ai\/sv\/wp-json\/wp\/v2\/pages"}],"about":[{"href":"https:\/\/produp.ai\/sv\/wp-json\/wp\/v2\/types\/page"}],"author":[{"embeddable":true,"href":"https:\/\/produp.ai\/sv\/wp-json\/wp\/v2\/users\/1"}],"replies":[{"embeddable":true,"href":"https:\/\/produp.ai\/sv\/wp-json\/wp\/v2\/comments?post=1413"}],"version-history":[{"count":7,"href":"https:\/\/produp.ai\/sv\/wp-json\/wp\/v2\/pages\/1413\/revisions"}],"predecessor-version":[{"id":1428,"href":"https:\/\/produp.ai\/sv\/wp-json\/wp\/v2\/pages\/1413\/revisions\/1428"}],"wp:attachment":[{"href":"https:\/\/produp.ai\/sv\/wp-json\/wp\/v2\/media?parent=1413"}],"curies":[{"name":"wp","href":"https:\/\/api.w.org\/{rel}","templated":true}]}}