{"id":1470,"date":"2026-02-12T13:44:05","date_gmt":"2026-02-12T12:44:05","guid":{"rendered":"https:\/\/produp.ai\/varumarken\/tudor\/"},"modified":"2026-03-04T15:04:29","modified_gmt":"2026-03-04T14:04:29","slug":"tudor","status":"publish","type":"page","link":"https:\/\/produp.ai\/sv\/varumarken\/tudor\/","title":{"rendered":"Tudor"},"content":{"rendered":"\n\t<section class=\"section\" id=\"section_361176894\">\n\t\t<div class=\"section-bg fill\" >\n\t\t\t\t\t\t\t\t\t\n\t\t\t\n\n\t\t<\/div>\n\n\t\t\n\n\t\t<div class=\"section-content relative\">\n\t\t\t\n<div class=\"row align-middle align-center\"  id=\"row-1678318433\">\n\n\t<div id=\"col-199843321\" class=\"col medium-6 small-12 large-12\"  >\n\t\t\t\t<div class=\"col-inner\"  >\n\t\t\t\n\t\t\t\n<div class=\"row row-collapse\"  id=\"row-1401454658\">\n\n\t<div id=\"col-657634634\" class=\"col medium-11 small-12 large-12\"  >\n\t\t\t\t<div class=\"col-inner\"  >\n\t\t\t\n\t\t\t\n<h1>Tudor produktdata &#8211; strukturerad f\u00f6r WooCommerce<\/h1>\n\t\t<\/div>\n\t\t\t\t\t<\/div>\n\n\t\n<\/div>\n\t<div id=\"gap-427849899\" class=\"gap-element clearfix\" style=\"display:block; height:auto;\">\n\t\t\n<style>\n#gap-427849899 {\n  padding-top: 10px;\n}\n<\/style>\n\t<\/div>\n\t\n<p>ProdUp hj\u00e4lper \u00e5terf\u00f6rs\u00e4ljare att h\u00e5lla Tudor-listorna korrekta och konsekventa &#8211; namn, priser, specifikationer, beskrivningar och bilder &#8211; s\u00e5 att produktsidor och filter beter sig p\u00e5 samma s\u00e4tt i hela din katalog.<\/p>\n\t<div id=\"gap-1957012610\" class=\"gap-element clearfix\" style=\"display:block; height:auto;\">\n\t\t\n<style>\n#gap-1957012610 {\n  padding-top: 20px;\n}\n<\/style>\n\t<\/div>\n\t\n\t<div id=\"stack-855412754\" class=\"stack stack-row justify-start items-stretch sm:stack-col sm:justify-between md:stack-col\">\n\t\t\n<a href=\"https:\/\/produp.ai\/sv\/boka-demo\/\" class=\"button primary reveal-icon\" style=\"border-radius:10px;\">\n\t\t<span>Beg\u00e4r demo<\/span>\n\t<i class=\"icon-angle-right\" aria-hidden=\"true\"><\/i><\/a>\n\n<a href=\"https:\/\/produp.ai\/sv\/varumarken\/\" class=\"button primary is-link\" style=\"border-radius:10px;\">\n\t\t<span>Se varum\u00e4rken<\/span>\n\t<i class=\"icon-angle-right\" aria-hidden=\"true\"><\/i><\/a>\n\n\t\t\n<style>\n#stack-855412754 > * {\n  --stack-gap: 1rem;\n}\n@media (min-width:550px) {\n  #stack-855412754 > * {\n    --stack-gap: 2rem;\n  }\n}\n<\/style>\n\t<\/div>\n\t\n\t<div id=\"gap-2129472012\" class=\"gap-element clearfix\" style=\"display:block; height:auto;\">\n\t\t\n<style>\n#gap-2129472012 {\n  padding-top: 10px;\n}\n<\/style>\n\t<\/div>\n\t\n\t<div id=\"text-1583845944\" class=\"text\">\n\t\t\n<p><em>Obs: ProdUp \u00e4r en plattform f\u00f6r produktdata. Denna sida \u00e4r inte ansluten till eller godk\u00e4nd av Tudor. <\/em><\/p>\n\t\t\n<style>\n#text-1583845944 {\n  font-size: 0.85rem;\n}\n<\/style>\n\t<\/div>\n\t\n\t\t<\/div>\n\t\t\t\t\t<\/div>\n\n\t\n\n\t<div id=\"col-580841543\" class=\"col medium-6 small-12 large-6\"  >\n\t\t\t\t<div class=\"col-inner text-center\"  >\n\t\t\t\n\t\t\t\n\n  <div class=\"banner has-hover\" id=\"banner-1601208471\">\n          <div class=\"banner-inner fill\">\n        <div class=\"banner-bg fill\" >\n            <img loading=\"lazy\" decoding=\"async\" width=\"1020\" height=\"510\" src=\"https:\/\/i0.wp.com\/produp.ai\/wp-content\/uploads\/4.png?fit=1020%2C510&amp;ssl=1\" class=\"bg attachment-large size-large\" alt=\"\" \/>                                    \n                    <\/div>\n\t\t\n        <div class=\"banner-layers container\">\n            <div class=\"fill banner-link\"><\/div>            \n        <\/div>\n      <\/div>\n\n            \n<style>\n#banner-1601208471 {\n  padding-top: 56.25%;\n  background-color: rgb(255,255,255);\n}\n@media (min-width:550px) {\n  #banner-1601208471 {\n    padding-top: 56.25%;\n  }\n}\n<\/style>\n  <\/div>\n\n\n\t\t<\/div>\n\t\t\t\t\t<\/div>\n\n\t\n<\/div>\n\t\t<\/div>\n\n\t\t\n<style>\n#section_361176894 {\n  padding-top: 60px;\n  padding-bottom: 60px;\n}\n@media (min-width:550px) {\n  #section_361176894 {\n    padding-top: 100px;\n    padding-bottom: 100px;\n  }\n}\n<\/style>\n\t<\/section>\n\t\n\n\t<section class=\"section\" id=\"section_182171880\">\n\t\t<div class=\"section-bg fill\" >\n\t\t\t\t\t\t\t\t\t\n\t\t\t\n\n\t\t<\/div>\n\n\t\t\t<div class=\"ux-shape-divider ux-shape-divider--top ux-shape-divider--style-tilt\">\n\t\t<svg viewBox=\"0 0 1000 100\" xmlns=\"http:\/\/www.w3.org\/2000\/svg\" preserveAspectRatio=\"none\">\n\t<path class=\"ux-shape-fill\" d=\"M1000 100V0L-40 100H1000Z\"\/>\n<\/svg>\n\t<\/div>\n\n\n\t\t<div class=\"section-content relative\">\n\t\t\t\n<div class=\"row row-full-width align-center\"  id=\"row-1052381039\">\n\n\t<div id=\"col-118031053\" class=\"col medium-10 small-12 large-10\"  >\n\t\t\t\t<div class=\"col-inner text-center\"  >\n\t\t\t\n\t\t\t\n<h2>Hur Tudor-inneh\u00e5llet fl\u00f6dar in i din butik<\/h2>\n<p>En enkel pipeline som h\u00e5ller listorna korrekta \u00f6ver tid.<\/p>\n\t\t<\/div>\n\t\t\t\t\t<\/div>\n\n\t\n<\/div>\n\t<div id=\"gap-507411723\" class=\"gap-element clearfix\" style=\"display:block; height:auto;\">\n\t\t\n<style>\n#gap-507411723 {\n  padding-top: 25px;\n}\n<\/style>\n\t<\/div>\n\t\n<div class=\"row row-full-width align-equal align-center\"  id=\"row-1504253426\">\n\n\t<div id=\"col-695873839\" class=\"col medium-4 small-12 large-4\"  >\n\t\t\t\t<div class=\"col-inner text-left\"  >\n\t\t\t\n\t\t\t\n<h3>Anslut och definiera regler<\/h3>\n<p>V\u00e4lj Tudor och best\u00e4m hur produkterna ska anl\u00e4nda &#8211; utkast eller levande, lagerregler och automatisk eller manuell publicering.<\/p>\n\t\t<\/div>\n\t\t\t\t\n<style>\n#col-695873839 > .col-inner {\n  padding: 10px 20px;\n}\n<\/style>\n\t<\/div>\n\n\t\n\n\t<div id=\"col-662430888\" class=\"col medium-4 small-12 large-4\"  >\n\t\t\t\t<div class=\"col-inner text-left\"  >\n\t\t\t\n\t\t\t\n<h3>Standardisera och verifiera<\/h3>\n<p>Vi normaliserar specifikationer till rena attribut och verifierar fullst\u00e4ndighet &#8211; s\u00e5 att filter och mallar f\u00f6rblir stabila mellan olika varum\u00e4rken.<\/p>\n\t\t<\/div>\n\t\t\t\t\n<style>\n#col-662430888 > .col-inner {\n  padding: 10px 20px;\n}\n<\/style>\n\t<\/div>\n\n\t\n\n\t<div id=\"col-281456579\" class=\"col medium-4 small-12 large-4\"  >\n\t\t\t\t<div class=\"col-inner text-left\"  >\n\t\t\t\n\t\t\t\n<h3>Publicera och h\u00e5ll allt uppdaterat<\/h3>\n<p>Annonser publiceras via API och uppdateringar f\u00f6ljer samma fl\u00f6de &#8211; s\u00e5 att priser, specifikationer, beskrivningar och bilder f\u00f6rblir i linje.<\/p>\n\t\t<\/div>\n\t\t\t\t\n<style>\n#col-281456579 > .col-inner {\n  padding: 10px 20px;\n}\n<\/style>\n\t<\/div>\n\n\t\n<\/div>\n\t\t<\/div>\n\n\t\t\n<style>\n#section_182171880 {\n  padding-top: 50px;\n  padding-bottom: 50px;\n  background-color: rgba(211, 211, 211, 0.35);\n}\n#section_182171880 .ux-shape-divider--top svg {\n  height: 90px;\n  --divider-top-width: 100%;\n}\n@media (min-width:550px) {\n  #section_182171880 {\n    padding-top: 70px;\n    padding-bottom: 70px;\n  }\n}\n<\/style>\n\t<\/section>\n\t\n\n\t<section class=\"section\" id=\"section_751878317\">\n\t\t<div class=\"section-bg fill\" >\n\t\t\t\t\t\t\t\t\t\n\t\t\t\n\n\t\t<\/div>\n\n\t\t\n\n\t\t<div class=\"section-content relative\">\n\t\t\t\n<div class=\"row align-center\"  id=\"row-2009134323\">\n\n\t<div id=\"col-1836873147\" class=\"col medium-10 small-12 large-10\"  >\n\t\t\t\t<div class=\"col-inner text-center\"  >\n\t\t\t\n\t\t\t\n<h2>Varf\u00f6r \u00e5terf\u00f6rs\u00e4ljare anv\u00e4nder ProdUp f\u00f6r Tudor<\/h2>\n<p>Konsistens, f\u00e4rre felmatchningar och mindre manuellt katalogarbete.<\/p>\n\t\t<\/div>\n\t\t\t\t\t<\/div>\n\n\t\n<\/div>\n\t<div id=\"gap-2123906991\" class=\"gap-element clearfix\" style=\"display:block; height:auto;\">\n\t\t\n<style>\n#gap-2123906991 {\n  padding-top: 35px;\n}\n<\/style>\n\t<\/div>\n\t\n<div class=\"row align-equal align-center\" style=\"max-width:\" id=\"row-1272043563\">\n\n\t<div id=\"col-1593089317\" class=\"col medium-4 small-12 large-4\"  >\n\t\t\t\t<div class=\"col-inner dark\" style=\"background-color:#001f3f;\" >\n\t\t\t\n\t\t\t\n<h4>Filter och specifikationer f\u00f6r reng\u00f6ringsmedel<\/h4>\n<p>Standardiserade attribut minskar problemen med &#8221;samma specifikation, olika format&#8221; f\u00f6r olika varum\u00e4rken.<\/p>\n\t\t<\/div>\n\t\t\t\t\n<style>\n#col-1593089317 > .col-inner {\n  padding: 22px;\n  border-radius: 20px;\n}\n<\/style>\n\t<\/div>\n\n\t\n\n\t<div id=\"col-946123502\" class=\"col medium-4 small-12 large-4\"  >\n\t\t\t\t<div class=\"col-inner dark\" style=\"background-color:#001f3f;\" >\n\t\t\t\n\t\t\t\n<h4>J\u00e4mf\u00f6rbara bilder<\/h4>\n<p>Normaliserad besk\u00e4rning och skala g\u00f6r produktrutn\u00e4tet enhetligt &#8211; s\u00e5 att storleken blir korrekt f\u00f6r alla varum\u00e4rken.<\/p>\n\t\t<\/div>\n\t\t\t\t\n<style>\n#col-946123502 > .col-inner {\n  padding: 22px;\n  border-radius: 20px;\n}\n<\/style>\n\t<\/div>\n\n\t\n\n\t<div id=\"col-1798451529\" class=\"col medium-4 small-12 large-4\"  >\n\t\t\t\t<div class=\"col-inner dark\" style=\"background-color:#001f3f;\" >\n\t\t\t\n\t\t\t\n<h4>Mindre manuellt underh\u00e5ll<\/h4>\n<p>Uppdateringar fl\u00f6dar genom en pipeline &#8211; vilket minskar repetitivt arbete och missanpassade listor.<\/p>\n\t\t<\/div>\n\t\t\t\t\n<style>\n#col-1798451529 > .col-inner {\n  padding: 22px;\n  border-radius: 20px;\n}\n<\/style>\n\t<\/div>\n\n\t\n<\/div>\n\t\t<\/div>\n\n\t\t\n<style>\n#section_751878317 {\n  padding-top: 60px;\n  padding-bottom: 60px;\n}\n@media (min-width:550px) {\n  #section_751878317 {\n    padding-top: 90px;\n    padding-bottom: 90px;\n  }\n}\n<\/style>\n\t<\/section>\n\t\n\n\t<section class=\"section dark\" id=\"section_101837668\">\n\t\t<div class=\"section-bg fill\" >\n\t\t\t\t\t\t\t\t\t\n\t\t\t\n\n\t\t<\/div>\n\n\t\t\n\n\t\t<div class=\"section-content relative\">\n\t\t\t\n<div class=\"row align-center\"  id=\"row-638872445\">\n\n\t<div id=\"col-1155275769\" class=\"col medium-8 small-12 large-8\"  >\n\t\t\t\t<div class=\"col-inner text-center\"  >\n\t\t\t\n\t\t\t\n<h2>Vill du ha Tudor-listor som h\u00e5ller sig korrekta?<\/h2>\n<p>Boka en demo s\u00e5 visar vi fl\u00f6det fr\u00e5n varum\u00e4rkesinneh\u00e5ll till produktsidor som \u00e4r f\u00e4rdiga f\u00f6r butik.<\/p>\n\t<div id=\"gap-521827010\" class=\"gap-element clearfix\" style=\"display:block; height:auto;\">\n\t\t\n<style>\n#gap-521827010 {\n  padding-top: 15px;\n}\n<\/style>\n\t<\/div>\n\t\n<a href=\"https:\/\/produp.ai\/sv\/boka-demo\/\" class=\"button secondary\" style=\"border-radius:10px;\">\n\t\t<span>Boka demo<\/span>\n\t<i class=\"icon-angle-right\" aria-hidden=\"true\"><\/i><\/a>\n\n\t\t<\/div>\n\t\t\t\t\t<\/div>\n\n\t\n<\/div>\n\t\t<\/div>\n\n\t\t\n<style>\n#section_101837668 {\n  padding-top: 60px;\n  padding-bottom: 60px;\n  background-color: #001f3f;\n}\n@media (min-width:550px) {\n  #section_101837668 {\n    padding-top: 90px;\n    padding-bottom: 90px;\n  }\n}\n<\/style>\n\t<\/section>\n\t\n\n\t<section class=\"section dark\" id=\"section_998405999\">\n\t\t<div class=\"section-bg fill\" >\n\t\t\t\t\t\t\t\t\t\n\t\t\t\n\n\t\t<\/div>\n\n\t\t\n\n\t\t<div class=\"section-content relative\">\n\t\t\t\n\n<div class=\"row align-center\"  id=\"row-289547754\">\n\n\n\t<div id=\"col-1351745982\" class=\"col medium-9 small-12 large-6\"  >\n\t\t\t\t<div class=\"col-inner text-center\"  >\n\t\t\t\n\t\t\t\n\n\t<div id=\"text-3820443434\" class=\"text\">\n\t\t\n\n<h2>\u00c4r du redo att rensa upp i din katalog?<\/h2>\n<p>Centralisera produktdata och media, validera inneh\u00e5ll och h\u00e5ll alla \u00e5terf\u00f6rs\u00e4ljare uppdaterade - automatiskt.<\/p>\n\t\t\n<style>\n#text-3820443434 {\n  text-align: center;\n}\n<\/style>\n\t<\/div>\n\t\n\t<div id=\"gap-1804977298\" class=\"gap-element clearfix\" style=\"display:block; height:auto;\">\n\t\t\n<style>\n#gap-1804977298 {\n  padding-top: 15px;\n}\n<\/style>\n\t<\/div>\n\t\n\n<a href=\"https:\/\/produp.ai\/sv\/boka-demo\/\" class=\"button secondary reveal-icon\" style=\"border-radius:20px;padding:10px 50px 10px 50px;\">\n\t\t<span>Boka demo<\/span>\n\t<i class=\"icon-angle-right\" aria-hidden=\"true\"><\/i><\/a>\n\n\n\t<div id=\"gap-2143263963\" class=\"gap-element clearfix\" style=\"display:block; height:auto;\">\n\t\t\n<style>\n#gap-2143263963 {\n  padding-top: 10px;\n}\n<\/style>\n\t<\/div>\n\t\n\n\t<div id=\"text-3339514678\" class=\"text\">\n\t\t\n\n<p>WooCommerce via API idag. Andra plattformar tillg\u00e4ngliga p\u00e5 beg\u00e4ran. <\/p>\n\n\t\t\n<style>\n#text-3339514678 {\n  font-size: 0.75rem;\n  text-align: center;\n}\n<\/style>\n\t<\/div>\n\t\n\n\t\t<\/div>\n\t\t\t\t\t<\/div>\n\n\t\n\n<\/div>\n\n\t\t<\/div>\n\n\t\t\n<style>\n#section_998405999 {\n  padding-top: 60px;\n  padding-bottom: 60px;\n  background-color: #001f3f;\n}\n@media (min-width:550px) {\n  #section_998405999 {\n    padding-top: 90px;\n    padding-bottom: 90px;\n  }\n}\n@media (min-width:850px) {\n  #section_998405999 {\n    padding-top: 150px;\n    padding-bottom: 150px;\n  }\n}\n<\/style>\n\t<\/section>\n\t\n","protected":false},"excerpt":{"rendered":"","protected":false},"author":1,"featured_media":0,"parent":1413,"menu_order":0,"comment_status":"closed","ping_status":"closed","template":"","meta":{"footnotes":""},"class_list":["post-1470","page","type-page","status-publish","hentry"],"jetpack_sharing_enabled":true,"_links":{"self":[{"href":"https:\/\/produp.ai\/sv\/wp-json\/wp\/v2\/pages\/1470","targetHints":{"allow":["GET"]}}],"collection":[{"href":"https:\/\/produp.ai\/sv\/wp-json\/wp\/v2\/pages"}],"about":[{"href":"https:\/\/produp.ai\/sv\/wp-json\/wp\/v2\/types\/page"}],"author":[{"embeddable":true,"href":"https:\/\/produp.ai\/sv\/wp-json\/wp\/v2\/users\/1"}],"replies":[{"embeddable":true,"href":"https:\/\/produp.ai\/sv\/wp-json\/wp\/v2\/comments?post=1470"}],"version-history":[{"count":3,"href":"https:\/\/produp.ai\/sv\/wp-json\/wp\/v2\/pages\/1470\/revisions"}],"predecessor-version":[{"id":1473,"href":"https:\/\/produp.ai\/sv\/wp-json\/wp\/v2\/pages\/1470\/revisions\/1473"}],"up":[{"embeddable":true,"href":"https:\/\/produp.ai\/sv\/wp-json\/wp\/v2\/pages\/1413"}],"wp:attachment":[{"href":"https:\/\/produp.ai\/sv\/wp-json\/wp\/v2\/media?parent=1470"}],"curies":[{"name":"wp","href":"https:\/\/api.w.org\/{rel}","templated":true}]}}