{"id":1481,"date":"2026-02-12T13:39:43","date_gmt":"2026-02-12T12:39:43","guid":{"rendered":"https:\/\/produp.ai\/varumarken\/casio\/"},"modified":"2026-03-04T15:06:37","modified_gmt":"2026-03-04T14:06:37","slug":"casio","status":"publish","type":"page","link":"https:\/\/produp.ai\/sv\/varumarken\/casio\/","title":{"rendered":"Casio"},"content":{"rendered":"\n\t<section class=\"section\" id=\"section_1431640962\">\n\t\t<div class=\"section-bg fill\" >\n\t\t\t\t\t\t\t\t\t\n\t\t\t\n\n\t\t<\/div>\n\n\t\t\n\n\t\t<div class=\"section-content relative\">\n\t\t\t\n<div class=\"row align-middle align-center\"  id=\"row-947368082\">\n\n\t<div id=\"col-1990581589\" class=\"col medium-6 small-12 large-12\"  >\n\t\t\t\t<div class=\"col-inner\"  >\n\t\t\t\n\t\t\t\n<div class=\"row row-collapse\"  id=\"row-117887622\">\n\n\t<div id=\"col-1108801695\" class=\"col medium-11 small-12 large-12\"  >\n\t\t\t\t<div class=\"col-inner\"  >\n\t\t\t\n\t\t\t\n<h1>Casio produktdata &#8211; strukturerad f\u00f6r WooCommerce<\/h1>\n\t\t<\/div>\n\t\t\t\t\t<\/div>\n\n\t\n<\/div>\n\t<div id=\"gap-606497968\" class=\"gap-element clearfix\" style=\"display:block; height:auto;\">\n\t\t\n<style>\n#gap-606497968 {\n  padding-top: 10px;\n}\n<\/style>\n\t<\/div>\n\t\n<p>ProdUp hj\u00e4lper \u00e5terf\u00f6rs\u00e4ljare att h\u00e5lla Casio-listorna korrekta och konsekventa &#8211; namn, priser, specifikationer, beskrivningar och bilder &#8211; s\u00e5 att produktsidor och filter beter sig p\u00e5 samma s\u00e4tt i hela din katalog.<\/p>\n\t<div id=\"gap-2008409978\" class=\"gap-element clearfix\" style=\"display:block; height:auto;\">\n\t\t\n<style>\n#gap-2008409978 {\n  padding-top: 20px;\n}\n<\/style>\n\t<\/div>\n\t\n\t<div id=\"stack-211082809\" class=\"stack stack-row justify-start items-stretch sm:stack-col sm:justify-between md:stack-col\">\n\t\t\n<a href=\"https:\/\/produp.ai\/sv\/boka-demo\/\" class=\"button primary reveal-icon\" style=\"border-radius:10px;\">\n\t\t<span>Beg\u00e4r demo<\/span>\n\t<i class=\"icon-angle-right\" aria-hidden=\"true\"><\/i><\/a>\n\n<a href=\"https:\/\/produp.ai\/sv\/varumarken\/\" class=\"button primary is-link\" style=\"border-radius:10px;\">\n\t\t<span>Se varum\u00e4rken<\/span>\n\t<i class=\"icon-angle-right\" aria-hidden=\"true\"><\/i><\/a>\n\n\t\t\n<style>\n#stack-211082809 > * {\n  --stack-gap: 1rem;\n}\n@media (min-width:550px) {\n  #stack-211082809 > * {\n    --stack-gap: 2rem;\n  }\n}\n<\/style>\n\t<\/div>\n\t\n\t<div id=\"gap-182726672\" class=\"gap-element clearfix\" style=\"display:block; height:auto;\">\n\t\t\n<style>\n#gap-182726672 {\n  padding-top: 10px;\n}\n<\/style>\n\t<\/div>\n\t\n\t<div id=\"text-2618314825\" class=\"text\">\n\t\t\n<p><em>Obs: ProdUp \u00e4r en plattform f\u00f6r produktdata. Denna sida \u00e4r inte ansluten till eller godk\u00e4nd av Casio.<\/em><\/p>\n\t\t\n<style>\n#text-2618314825 {\n  font-size: 0.85rem;\n}\n<\/style>\n\t<\/div>\n\t\n\t\t<\/div>\n\t\t\t\t\t<\/div>\n\n\t\n\n\t<div id=\"col-2086372144\" class=\"col medium-6 small-12 large-7\"  >\n\t\t\t\t<div class=\"col-inner text-center\"  >\n\t\t\t\n\t\t\t\n\n  <div class=\"banner has-hover\" id=\"banner-335000372\">\n          <div class=\"banner-inner fill\">\n        <div class=\"banner-bg fill\" >\n            <img loading=\"lazy\" decoding=\"async\" width=\"1020\" height=\"510\" src=\"https:\/\/i0.wp.com\/produp.ai\/wp-content\/uploads\/4.png?fit=1020%2C510&amp;ssl=1\" class=\"bg attachment-large size-large\" alt=\"\" \/>                                    \n                    <\/div>\n\t\t\n        <div class=\"banner-layers container\">\n            <div class=\"fill banner-link\"><\/div>            \n        <\/div>\n      <\/div>\n\n            \n<style>\n#banner-335000372 {\n  padding-top: 56.25%;\n  background-color: rgb(255,255,255);\n}\n@media (min-width:550px) {\n  #banner-335000372 {\n    padding-top: 56.25%;\n  }\n}\n<\/style>\n  <\/div>\n\n\n\t\t<\/div>\n\t\t\t\t\t<\/div>\n\n\t\n<\/div>\n\t\t<\/div>\n\n\t\t\n<style>\n#section_1431640962 {\n  padding-top: 60px;\n  padding-bottom: 60px;\n}\n@media (min-width:550px) {\n  #section_1431640962 {\n    padding-top: 100px;\n    padding-bottom: 100px;\n  }\n}\n<\/style>\n\t<\/section>\n\t\n\n\t<section class=\"section\" id=\"section_2118721572\">\n\t\t<div class=\"section-bg fill\" >\n\t\t\t\t\t\t\t\t\t\n\t\t\t\n\n\t\t<\/div>\n\n\t\t\t<div class=\"ux-shape-divider ux-shape-divider--top ux-shape-divider--style-tilt\">\n\t\t<svg viewBox=\"0 0 1000 100\" xmlns=\"http:\/\/www.w3.org\/2000\/svg\" preserveAspectRatio=\"none\">\n\t<path class=\"ux-shape-fill\" d=\"M1000 100V0L-40 100H1000Z\"\/>\n<\/svg>\n\t<\/div>\n\n\n\t\t<div class=\"section-content relative\">\n\t\t\t\n<div class=\"row row-full-width align-center\"  id=\"row-707198885\">\n\n\t<div id=\"col-2070417253\" class=\"col medium-10 small-12 large-10\"  >\n\t\t\t\t<div class=\"col-inner text-center\"  >\n\t\t\t\n\t\t\t\n<h2>Hur Casio-inneh\u00e5llet fl\u00f6dar in i din butik<\/h2>\n<p>En enkel pipeline som h\u00e5ller listorna korrekta \u00f6ver tid.<\/p>\n\t\t<\/div>\n\t\t\t\t\t<\/div>\n\n\t\n<\/div>\n\t<div id=\"gap-822325459\" class=\"gap-element clearfix\" style=\"display:block; height:auto;\">\n\t\t\n<style>\n#gap-822325459 {\n  padding-top: 25px;\n}\n<\/style>\n\t<\/div>\n\t\n<div class=\"row row-full-width align-equal align-center\"  id=\"row-466126932\">\n\n\t<div id=\"col-29370717\" class=\"col medium-4 small-12 large-4\"  >\n\t\t\t\t<div class=\"col-inner text-left\"  >\n\t\t\t\n\t\t\t\n<h3>Anslut och definiera regler<\/h3>\n<p>V\u00e4lj Casio och best\u00e4m hur produkterna ska anl\u00e4nda &#8211; utkast eller live, lagerregler och automatisk eller manuell publicering.<\/p>\n\t\t<\/div>\n\t\t\t\t\n<style>\n#col-29370717 > .col-inner {\n  padding: 10px 20px;\n}\n<\/style>\n\t<\/div>\n\n\t\n\n\t<div id=\"col-648824786\" class=\"col medium-4 small-12 large-4\"  >\n\t\t\t\t<div class=\"col-inner text-left\"  >\n\t\t\t\n\t\t\t\n<h3>Standardisera och verifiera<\/h3>\n<p>Vi normaliserar specifikationer till rena attribut och verifierar fullst\u00e4ndighet &#8211; s\u00e5 att filter och mallar f\u00f6rblir stabila mellan olika varum\u00e4rken.<\/p>\n\t\t<\/div>\n\t\t\t\t\n<style>\n#col-648824786 > .col-inner {\n  padding: 10px 20px;\n}\n<\/style>\n\t<\/div>\n\n\t\n\n\t<div id=\"col-444522699\" class=\"col medium-4 small-12 large-4\"  >\n\t\t\t\t<div class=\"col-inner text-left\"  >\n\t\t\t\n\t\t\t\n<h3>Publicera och h\u00e5ll allt uppdaterat<\/h3>\n<p>Annonser publiceras via API och uppdateringar f\u00f6ljer samma fl\u00f6de &#8211; s\u00e5 att priser, specifikationer, beskrivningar och bilder f\u00f6rblir i linje.<\/p>\n\t\t<\/div>\n\t\t\t\t\n<style>\n#col-444522699 > .col-inner {\n  padding: 10px 20px;\n}\n<\/style>\n\t<\/div>\n\n\t\n<\/div>\n\t\t<\/div>\n\n\t\t\n<style>\n#section_2118721572 {\n  padding-top: 50px;\n  padding-bottom: 50px;\n  background-color: rgba(211, 211, 211, 0.35);\n}\n#section_2118721572 .ux-shape-divider--top svg {\n  height: 90px;\n  --divider-top-width: 100%;\n}\n@media (min-width:550px) {\n  #section_2118721572 {\n    padding-top: 70px;\n    padding-bottom: 70px;\n  }\n}\n<\/style>\n\t<\/section>\n\t\n\n\t<section class=\"section\" id=\"section_1717435267\">\n\t\t<div class=\"section-bg fill\" >\n\t\t\t\t\t\t\t\t\t\n\t\t\t\n\n\t\t<\/div>\n\n\t\t\n\n\t\t<div class=\"section-content relative\">\n\t\t\t\n<div class=\"row align-center\"  id=\"row-1042015976\">\n\n\t<div id=\"col-11699365\" class=\"col medium-10 small-12 large-10\"  >\n\t\t\t\t<div class=\"col-inner text-center\"  >\n\t\t\t\n\t\t\t\n<h2>Varf\u00f6r \u00e5terf\u00f6rs\u00e4ljare anv\u00e4nder ProdUp f\u00f6r Casio<\/h2>\n<p>Konsistens, f\u00e4rre felmatchningar och mindre manuellt katalogarbete.<\/p>\n\t\t<\/div>\n\t\t\t\t\t<\/div>\n\n\t\n<\/div>\n\t<div id=\"gap-1567957360\" class=\"gap-element clearfix\" style=\"display:block; height:auto;\">\n\t\t\n<style>\n#gap-1567957360 {\n  padding-top: 35px;\n}\n<\/style>\n\t<\/div>\n\t\n<div class=\"row align-equal align-center\" style=\"max-width:\" id=\"row-2076507406\">\n\n\t<div id=\"col-1387721397\" class=\"col medium-4 small-12 large-4\"  >\n\t\t\t\t<div class=\"col-inner dark\" style=\"background-color:#001f3f;\" >\n\t\t\t\n\t\t\t\n<h4>Filter och specifikationer f\u00f6r reng\u00f6ringsmedel<\/h4>\n<p>Standardiserade attribut minskar problemen med &#8221;samma specifikation, olika format&#8221; f\u00f6r olika varum\u00e4rken.<\/p>\n\t\t<\/div>\n\t\t\t\t\n<style>\n#col-1387721397 > .col-inner {\n  padding: 22px;\n  border-radius: 20px;\n}\n<\/style>\n\t<\/div>\n\n\t\n\n\t<div id=\"col-1428895829\" class=\"col medium-4 small-12 large-4\"  >\n\t\t\t\t<div class=\"col-inner dark\" style=\"background-color:#001f3f;\" >\n\t\t\t\n\t\t\t\n<h4>J\u00e4mf\u00f6rbara bilder<\/h4>\n<p>Normaliserad besk\u00e4rning och skala g\u00f6r produktrutn\u00e4tet enhetligt &#8211; s\u00e5 att storleken blir korrekt f\u00f6r alla varum\u00e4rken.<\/p>\n\t\t<\/div>\n\t\t\t\t\n<style>\n#col-1428895829 > .col-inner {\n  padding: 22px;\n  border-radius: 20px;\n}\n<\/style>\n\t<\/div>\n\n\t\n\n\t<div id=\"col-1280411159\" class=\"col medium-4 small-12 large-4\"  >\n\t\t\t\t<div class=\"col-inner dark\" style=\"background-color:#001f3f;\" >\n\t\t\t\n\t\t\t\n<h4>Mindre manuellt underh\u00e5ll<\/h4>\n<p>Uppdateringar fl\u00f6dar genom en pipeline &#8211; vilket minskar repetitivt arbete och felaktiga listor.<\/p>\n\t\t<\/div>\n\t\t\t\t\n<style>\n#col-1280411159 > .col-inner {\n  padding: 22px;\n  border-radius: 20px;\n}\n<\/style>\n\t<\/div>\n\n\t\n<\/div>\n\t\t<\/div>\n\n\t\t\n<style>\n#section_1717435267 {\n  padding-top: 60px;\n  padding-bottom: 60px;\n}\n@media (min-width:550px) {\n  #section_1717435267 {\n    padding-top: 90px;\n    padding-bottom: 90px;\n  }\n}\n<\/style>\n\t<\/section>\n\t\n\n\t<section class=\"section\" id=\"section_712688263\">\n\t\t<div class=\"section-bg fill\" >\n\t\t\t\t\t\t\t\t\t\n\t\t\t\n\n\t\t<\/div>\n\n\t\t\n\n\t\t<div class=\"section-content relative\">\n\t\t\t\n<div class=\"row align-center\"  id=\"row-947802783\">\n\n\t<div id=\"col-1288363513\" class=\"col medium-10 small-12 large-10\"  >\n\t\t\t\t<div class=\"col-inner text-center\"  >\n\t\t\t\n\t\t\t\n<h2>Vanliga fr\u00e5gor<\/h2>\n\t\t<\/div>\n\t\t\t\t\t<\/div>\n\n\t\n<\/div>\n\t<div id=\"gap-761755684\" class=\"gap-element clearfix\" style=\"display:block; height:auto;\">\n\t\t\n<style>\n#gap-761755684 {\n  padding-top: 25px;\n}\n<\/style>\n\t<\/div>\n\t\n<div class=\"row align-top align-center\"  id=\"row-1485117617\">\n\n\t<div id=\"col-1719459773\" class=\"col medium-4 small-12 large-4\"  >\n\t\t\t\t<div class=\"col-inner\"  >\n\t\t\t\n\t\t\t\n<h4>Har vi kontroll p\u00e5 publiceringar?<\/h4>\n<p>Ja. V\u00e4lj utkast eller direktpublicering och om uppdateringar ska skickas automatiskt eller manuellt.<\/p>\n\t\t<\/div>\n\t\t\t\t\t<\/div>\n\n\t\n\n\t<div id=\"col-1446029026\" class=\"col medium-4 small-12 large-4\"  >\n\t\t\t\t<div class=\"col-inner\"  >\n\t\t\t\n\t\t\t\n<h4>Fungerar detta bara f\u00f6r WooCommerce?<\/h4>\n<p>WooCommerce st\u00f6ds idag (API). Andra plattformar kan st\u00f6djas efter behov.<\/p>\n\t\t<\/div>\n\t\t\t\t\t<\/div>\n\n\t\n\n\t<div id=\"col-377171834\" class=\"col medium-4 small-12 large-4\"  >\n\t\t\t\t<div class=\"col-inner\"  >\n\t\t\t\n\t\t\t\n<h4>Hur \u00e4r det med bilder och bildstorlek?<\/h4>\n<p>Vi normaliserar besk\u00e4rning och skala s\u00e5 att produktrutn\u00e4tet ser enhetligt ut f\u00f6r alla varum\u00e4rken.<\/p>\n\t\t<\/div>\n\t\t\t\t\t<\/div>\n\n\t\n<\/div>\n\t\t<\/div>\n\n\t\t\n<style>\n#section_712688263 {\n  padding-top: 50px;\n  padding-bottom: 50px;\n}\n@media (min-width:550px) {\n  #section_712688263 {\n    padding-top: 70px;\n    padding-bottom: 70px;\n  }\n}\n<\/style>\n\t<\/section>\n\t\n\n\t<section class=\"section dark\" id=\"section_385537667\">\n\t\t<div class=\"section-bg fill\" >\n\t\t\t\t\t\t\t\t\t\n\t\t\t\n\n\t\t<\/div>\n\n\t\t\n\n\t\t<div class=\"section-content relative\">\n\t\t\t\n<div class=\"row align-center\"  id=\"row-1487714334\">\n\n\t<div id=\"col-1748104264\" class=\"col medium-8 small-12 large-8\"  >\n\t\t\t\t<div class=\"col-inner text-center\"  >\n\t\t\t\n\t\t\t\n<h2>Vill du ha Casio-listor som f\u00f6rblir korrekta?<\/h2>\n<p>Boka en demo s\u00e5 visar vi fl\u00f6det fr\u00e5n varum\u00e4rkesinneh\u00e5ll till produktsidor som \u00e4r f\u00e4rdiga f\u00f6r butik.<\/p>\n\t<div id=\"gap-1779472667\" class=\"gap-element clearfix\" style=\"display:block; height:auto;\">\n\t\t\n<style>\n#gap-1779472667 {\n  padding-top: 15px;\n}\n<\/style>\n\t<\/div>\n\t\n<a href=\"https:\/\/produp.ai\/sv\/boka-demo\/\" class=\"button secondary\" style=\"border-radius:10px;\">\n\t\t<span>Boka demo<\/span>\n\t<i class=\"icon-angle-right\" aria-hidden=\"true\"><\/i><\/a>\n\n\t\t<\/div>\n\t\t\t\t\t<\/div>\n\n\t\n<\/div>\n\t\t<\/div>\n\n\t\t\n<style>\n#section_385537667 {\n  padding-top: 60px;\n  padding-bottom: 60px;\n  background-color: #001f3f;\n}\n@media (min-width:550px) {\n  #section_385537667 {\n    padding-top: 90px;\n    padding-bottom: 90px;\n  }\n}\n<\/style>\n\t<\/section>\n\t\n\n\t<section class=\"section dark\" id=\"section_824865561\">\n\t\t<div class=\"section-bg fill\" >\n\t\t\t\t\t\t\t\t\t\n\t\t\t\n\n\t\t<\/div>\n\n\t\t\n\n\t\t<div class=\"section-content relative\">\n\t\t\t\n\n<div class=\"row align-center\"  id=\"row-1762901889\">\n\n\n\t<div id=\"col-308289809\" class=\"col medium-9 small-12 large-6\"  >\n\t\t\t\t<div class=\"col-inner text-center\"  >\n\t\t\t\n\t\t\t\n\n\t<div id=\"text-3926035799\" class=\"text\">\n\t\t\n\n<h2>\u00c4r du redo att rensa upp i din katalog?<\/h2>\n<p>Centralisera produktdata och media, validera inneh\u00e5ll och h\u00e5ll alla \u00e5terf\u00f6rs\u00e4ljare uppdaterade - automatiskt.<\/p>\n\t\t\n<style>\n#text-3926035799 {\n  text-align: center;\n}\n<\/style>\n\t<\/div>\n\t\n\t<div id=\"gap-736834106\" class=\"gap-element clearfix\" style=\"display:block; height:auto;\">\n\t\t\n<style>\n#gap-736834106 {\n  padding-top: 15px;\n}\n<\/style>\n\t<\/div>\n\t\n\n<a href=\"https:\/\/produp.ai\/sv\/boka-demo\/\" class=\"button secondary reveal-icon\" style=\"border-radius:20px;padding:10px 50px 10px 50px;\">\n\t\t<span>Boka demo<\/span>\n\t<i class=\"icon-angle-right\" aria-hidden=\"true\"><\/i><\/a>\n\n\n\t<div id=\"gap-37697560\" class=\"gap-element clearfix\" style=\"display:block; height:auto;\">\n\t\t\n<style>\n#gap-37697560 {\n  padding-top: 10px;\n}\n<\/style>\n\t<\/div>\n\t\n\n\t<div id=\"text-4122009583\" class=\"text\">\n\t\t\n\n<p>WooCommerce via API idag. Andra plattformar tillg\u00e4ngliga p\u00e5 beg\u00e4ran. <\/p>\n\n\t\t\n<style>\n#text-4122009583 {\n  font-size: 0.75rem;\n  text-align: center;\n}\n<\/style>\n\t<\/div>\n\t\n\n\t\t<\/div>\n\t\t\t\t\t<\/div>\n\n\t\n\n<\/div>\n\n\t\t<\/div>\n\n\t\t\n<style>\n#section_824865561 {\n  padding-top: 60px;\n  padding-bottom: 60px;\n  background-color: #001f3f;\n}\n@media (min-width:550px) {\n  #section_824865561 {\n    padding-top: 90px;\n    padding-bottom: 90px;\n  }\n}\n@media (min-width:850px) {\n  #section_824865561 {\n    padding-top: 150px;\n    padding-bottom: 150px;\n  }\n}\n<\/style>\n\t<\/section>\n\t\n","protected":false},"excerpt":{"rendered":"","protected":false},"author":1,"featured_media":0,"parent":1413,"menu_order":0,"comment_status":"closed","ping_status":"closed","template":"page-blank.php","meta":{"footnotes":""},"class_list":["post-1481","page","type-page","status-publish","hentry"],"jetpack_sharing_enabled":true,"_links":{"self":[{"href":"https:\/\/produp.ai\/sv\/wp-json\/wp\/v2\/pages\/1481","targetHints":{"allow":["GET"]}}],"collection":[{"href":"https:\/\/produp.ai\/sv\/wp-json\/wp\/v2\/pages"}],"about":[{"href":"https:\/\/produp.ai\/sv\/wp-json\/wp\/v2\/types\/page"}],"author":[{"embeddable":true,"href":"https:\/\/produp.ai\/sv\/wp-json\/wp\/v2\/users\/1"}],"replies":[{"embeddable":true,"href":"https:\/\/produp.ai\/sv\/wp-json\/wp\/v2\/comments?post=1481"}],"version-history":[{"count":3,"href":"https:\/\/produp.ai\/sv\/wp-json\/wp\/v2\/pages\/1481\/revisions"}],"predecessor-version":[{"id":1484,"href":"https:\/\/produp.ai\/sv\/wp-json\/wp\/v2\/pages\/1481\/revisions\/1484"}],"up":[{"embeddable":true,"href":"https:\/\/produp.ai\/sv\/wp-json\/wp\/v2\/pages\/1413"}],"wp:attachment":[{"href":"https:\/\/produp.ai\/sv\/wp-json\/wp\/v2\/media?parent=1481"}],"curies":[{"name":"wp","href":"https:\/\/api.w.org\/{rel}","templated":true}]}}